{"id":1609,"date":"2018-01-23T16:26:07","date_gmt":"2018-01-23T15:26:07","guid":{"rendered":"https:\/\/hobekielkartea.eus\/dekalogoa\/"},"modified":"2022-07-21T11:04:06","modified_gmt":"2022-07-21T10:04:06","slug":"decalogo","status":"publish","type":"page","link":"https:\/\/hobekielkartea.eus\/es\/decalogo\/","title":{"rendered":"decalogo"},"content":{"rendered":"<section class=\"wpb-content-wrapper\"><p>[vc_row css=&#8221;.vc_custom_1658397836292{margin-top: 5% !important;margin-bottom: 5% !important;}&#8221;][vc_column][vc_column_text]<div class=\"epyt-video-wrapper\"><iframe  id=\"_ytid_11133\"  width=\"1170\" height=\"658\"  data-origwidth=\"1170\" data-origheight=\"658\" src=\"https:\/\/www.youtube.com\/embed\/lnMjylYRDHQ?enablejsapi=1&autoplay=0&cc_load_policy=0&cc_lang_pref=&iv_load_policy=1&loop=0&rel=1&fs=1&playsinline=0&autohide=2&theme=dark&color=red&controls=1&disablekb=0&\" class=\"__youtube_prefs__  no-lazyload\" title=\"YouTube player\"  allow=\"fullscreen; accelerometer; autoplay; clipboard-write; encrypted-media; gyroscope; picture-in-picture; web-share\" referrerpolicy=\"strict-origin-when-cross-origin\" allowfullscreen data-no-lazy=\"1\" data-skipgform_ajax_framebjll=\"\"><\/iframe><\/div>[\/vc_column_text][\/vc_column][\/vc_row][vc_row][vc_column][vc_column_text]<\/p>\n<h1 style=\"text-align: center;\">dec\u00e1logo<\/h1>\n<p>[\/vc_column_text][vc_separator color=&#8221;black&#8221; el_width=&#8221;60&#8243; css=&#8221;.vc_custom_1526028347553{margin-bottom: 5% !important;}&#8221;][\/vc_column][\/vc_row][vc_row css=&#8221;.vc_custom_1526027673526{margin-right: 10% !important;margin-left: 10% !important;}&#8221;][vc_column width=&#8221;1\/6&#8243; offset=&#8221;vc_hidden-xs&#8221;][vc_single_image image=&#8221;1027&#8243; img_size=&#8221;full&#8221;][\/vc_column][vc_column width=&#8221;4\/6&#8243; css=&#8221;.vc_custom_1529588578732{padding-top: 4% !important;}&#8221;][vc_column_text]<\/p>\n<p class=\"western\" lang=\"eu-ES\" align=\"justify\"><span style=\"font-size: medium;\"><span style=\"color: #4a5613;\">En la gesti\u00f3n de residuos, priorizamos el cuidado de la salud y el medio ambiente. No existe buena gesti\u00f3n si esta pone en peligro la salud de los ciudadanos y perjudica la naturaleza.<\/span><br \/>\n<\/span><\/p>\n<p>[\/vc_column_text][\/vc_column][vc_column width=&#8221;1\/6&#8243;][\/vc_column][\/vc_row][vc_row full_width=&#8221;stretch_row&#8221;][vc_column offset=&#8221;vc_hidden-lg vc_hidden-md vc_hidden-sm&#8221;][vc_single_image image=&#8221;1027&#8243; img_size=&#8221;full&#8221; alignment=&#8221;center&#8221;][vc_column_text]<\/p>\n<p class=\"western\" lang=\"eu-ES\" align=\"justify\"><span style=\"font-size: medium;\"><span style=\"color: #4a5613;\">En la gesti\u00f3n de residuos, priorizamos el cuidado de la salud y el medio ambiente. No existe buena gesti\u00f3n si esta pone en peligro la salud de los ciudadanos y perjudica la naturaleza.<\/span><br \/>\n<\/span><\/p>\n<p>[\/vc_column_text][\/vc_column][\/vc_row][vc_row css=&#8221;.vc_custom_1526027701482{margin-right: 10% !important;margin-left: 10% !important;background-color: #e7f2cb !important;}&#8221;][vc_column width=&#8221;1\/6&#8243; offset=&#8221;vc_hidden-xs&#8221;][vc_single_image image=&#8221;1028&#8243; img_size=&#8221;full&#8221; css=&#8221;.vc_custom_1526027932213{margin-top: 5% !important;}&#8221;][\/vc_column][vc_column width=&#8221;4\/6&#8243; offset=&#8221;vc_hidden-xs&#8221;][vc_column_text]<\/p>\n<p class=\"western\" lang=\"eu-ES\" align=\"justify\"><span style=\"font-size: medium;\">Es primordial que ciudadanos y organizaciones municipales trabajemos conjuntamente. Subrayamos el car\u00e1cter colectivo de este proyecto y la necesidad de un comportamiento honesto. Separar correctamente los residuos es deber de todos y todas, y gestionar con eficiencia lo separado requiere el buen hacer de las instituciones. Actuar con desidia y falta de inter\u00e9s, en cambio, no es derecho de nadie. Hemos de adecuar los costes econ\u00f3micos a las conductas; no es de recibo cargar con los gastos producidos por la dejadez de unos a aquellos que s\u00ed hacen un uso correcto y responsable de la gesti\u00f3n.<br \/>\n<\/span><\/p>\n<p>[\/vc_column_text][\/vc_column][vc_column width=&#8221;1\/6&#8243;][\/vc_column][\/vc_row][vc_row full_width=&#8221;stretch_row&#8221; css=&#8221;.vc_custom_1529575397611{background-color: #e7f2cb !important;}&#8221;][vc_column offset=&#8221;vc_hidden-lg vc_hidden-md vc_hidden-sm&#8221;][vc_single_image image=&#8221;1028&#8243; img_size=&#8221;full&#8221; alignment=&#8221;center&#8221;][vc_column_text]<\/p>\n<p class=\"western\" lang=\"eu-ES\" align=\"justify\"><span style=\"font-size: medium;\">Es primordial que ciudadanos y organizaciones municipales trabajemos conjuntamente. Subrayamos el car\u00e1cter colectivo de este proyecto y la necesidad de un comportamiento honesto. Separar correctamente los residuos es deber de todos y todas, y gestionar con eficiencia lo separado requiere el buen hacer de las instituciones. Actuar con desidia y falta de inter\u00e9s, en cambio, no es derecho de nadie. Hemos de adecuar los costes econ\u00f3micos a las conductas; no es de recibo cargar con los gastos producidos por la dejadez de unos a aquellos que s\u00ed hacen un uso correcto y responsable de la gesti\u00f3n.<br \/>\n<\/span><\/p>\n<p>[\/vc_column_text][\/vc_column][\/vc_row][vc_row css=&#8221;.vc_custom_1526027707844{margin-right: 10% !important;margin-left: 10% !important;}&#8221;][vc_column width=&#8221;1\/6&#8243; offset=&#8221;vc_hidden-xs&#8221;][vc_single_image image=&#8221;1029&#8243; img_size=&#8221;full&#8221;][\/vc_column][vc_column width=&#8221;4\/6&#8243; offset=&#8221;vc_hidden-xs&#8221; css=&#8221;.vc_custom_1529588642879{margin-top: -2% !important;}&#8221;][vc_column_text css=&#8221;.vc_custom_1529588049409{margin-top: 2% !important;}&#8221;]<\/p>\n<p class=\"western\" lang=\"eu-ES\" align=\"justify\"><span style=\"font-size: medium;\">Empoderar a la ciudadan\u00eda requiere, por un lado, darle la opci\u00f3n de ser agente activo durante todo el proceso; por otro lado, informarle con transparencia del tratamiento que recibe la basura desde el principio hasta el final y, por \u00faltimo, ofrecerle la oportunidad de participar de las decisiones que se toman al respecto.<\/span><\/p>\n<p class=\"western\" lang=\"eu-ES\" align=\"justify\"><span style=\"font-size: medium;\">\u00a0<\/span><\/p>\n<p>[\/vc_column_text][\/vc_column][vc_column width=&#8221;1\/6&#8243;][\/vc_column][\/vc_row][vc_row][vc_column offset=&#8221;vc_hidden-lg vc_hidden-md vc_hidden-sm&#8221;][vc_single_image image=&#8221;1029&#8243; img_size=&#8221;full&#8221; alignment=&#8221;center&#8221;][vc_column_text css=&#8221;.vc_custom_1529588049409{margin-top: 2% !important;}&#8221;]<\/p>\n<p class=\"western\" lang=\"eu-ES\" align=\"justify\"><span style=\"font-size: medium;\">Empoderar a la ciudadan\u00eda requiere, por un lado, darle la opci\u00f3n de ser agente activo durante todo el proceso; por otro lado, informarle con transparencia del tratamiento que recibe la basura desde el principio hasta el final y, por \u00faltimo, ofrecerle la oportunidad de participar de las decisiones que se toman al respecto.<\/span><\/p>\n<p class=\"western\" lang=\"eu-ES\" align=\"justify\"><span style=\"font-size: medium;\">\u00a0<\/span><\/p>\n<p>[\/vc_column_text][\/vc_column][\/vc_row][vc_row css=&#8221;.vc_custom_1526027714241{margin-right: 10% !important;margin-left: 10% !important;background-color: #e7f2cb !important;}&#8221;][vc_column width=&#8221;1\/6&#8243; offset=&#8221;vc_hidden-xs&#8221;][vc_single_image image=&#8221;1030&#8243; img_size=&#8221;full&#8221;][\/vc_column][vc_column width=&#8221;4\/6&#8243; offset=&#8221;vc_hidden-xs&#8221;][vc_column_text css=&#8221;.vc_custom_1529588112657{margin-top: 2% !important;}&#8221;]<\/p>\n<p class=\"western\" lang=\"eu-ES\" align=\"justify\"><span style=\"font-size: medium;\">La gesti\u00f3n de residuos debe abarcar el ciclo en toda su extensi\u00f3n, de modo que el proceso sea circular. Todo lo producido debe volver a la naturaleza, sin causar el m\u00ednimo da\u00f1o y, a poder ser, de modo en que se le saque provecho.<\/span><\/p>\n<p>[\/vc_column_text][\/vc_column][vc_column width=&#8221;1\/6&#8243;][\/vc_column][\/vc_row][vc_row css=&#8221;.vc_custom_1517325836771{background-color: #e7f2cb !important;}&#8221;][vc_column offset=&#8221;vc_hidden-lg vc_hidden-md vc_hidden-sm&#8221;][vc_single_image image=&#8221;1030&#8243; img_size=&#8221;full&#8221; alignment=&#8221;center&#8221;][vc_column_text css=&#8221;.vc_custom_1529588112657{margin-top: 2% !important;}&#8221;]<\/p>\n<p class=\"western\" lang=\"eu-ES\" align=\"justify\"><span style=\"font-size: medium;\">La gesti\u00f3n de residuos debe abarcar el ciclo en toda su extensi\u00f3n, de modo que el proceso sea circular. Todo lo producido debe volver a la naturaleza, sin causar el m\u00ednimo da\u00f1o y, a poder ser, de modo en que se le saque provecho.<\/span><\/p>\n<p>[\/vc_column_text][\/vc_column][\/vc_row][vc_row css=&#8221;.vc_custom_1526027725759{margin-right: 10% !important;margin-left: 10% !important;}&#8221;][vc_column width=&#8221;1\/6&#8243; offset=&#8221;vc_hidden-xs&#8221;][vc_single_image image=&#8221;1031&#8243; img_size=&#8221;full&#8221;][\/vc_column][vc_column width=&#8221;4\/6&#8243; offset=&#8221;vc_hidden-xs&#8221; css=&#8221;.vc_custom_1529588661986{margin-top: -2% !important;}&#8221;][vc_column_text css=&#8221;.vc_custom_1529588193580{margin-top: 3% !important;}&#8221;]<\/p>\n<p class=\"western\" lang=\"eu-ES\" align=\"justify\"><span style=\"font-size: medium;\">Tomamos como punto de partida de todo tratamiento el reducir la basura que creamos. El mejor residuo es el que no se produce. Debemos mejorar las medidas de prevenci\u00f3n, siempre con la firme implicaci\u00f3n de las instituciones.<\/span><\/p>\n<p>[\/vc_column_text][\/vc_column][vc_column width=&#8221;1\/6&#8243;][\/vc_column][\/vc_row][vc_row][vc_column offset=&#8221;vc_hidden-lg vc_hidden-md vc_hidden-sm&#8221;][vc_single_image image=&#8221;1031&#8243; img_size=&#8221;full&#8221; alignment=&#8221;center&#8221;][vc_column_text css=&#8221;.vc_custom_1529588193580{margin-top: 3% !important;}&#8221;]<\/p>\n<p class=\"western\" lang=\"eu-ES\" align=\"justify\"><span style=\"font-size: medium;\">Tomamos como punto de partida de todo tratamiento el reducir la basura que creamos. El mejor residuo es el que no se produce. Debemos mejorar las medidas de prevenci\u00f3n, siempre con la firme implicaci\u00f3n de las instituciones.<\/span><\/p>\n<p>[\/vc_column_text][\/vc_column][\/vc_row][vc_row css=&#8221;.vc_custom_1526027733515{margin-right: 10% !important;margin-left: 10% !important;background-color: #e7f2cb !important;}&#8221;][vc_column width=&#8221;1\/6&#8243; offset=&#8221;vc_hidden-xs&#8221;][vc_single_image image=&#8221;1032&#8243; img_size=&#8221;full&#8221;][\/vc_column][vc_column width=&#8221;4\/6&#8243; offset=&#8221;vc_hidden-xs&#8221;][vc_column_text]<\/p>\n<p class=\"western\" lang=\"eu-ES\" align=\"justify\"><span style=\"font-size: medium;\">La recogida debe ser eficaz, y en ello se basa el modelo de tratamiento que defendemos. Todo lo dedicado a ese trabajo es una inversi\u00f3n de futuro. La recogida selectiva implica avances tanto cuantitativos como cualitativos. Es necesario analizar, evaluar y mejorar continuamente los resultados de la recogida, as\u00ed como aplicar las medidas necesarias para optimizar el proceso.<\/span><\/p>\n<p>[\/vc_column_text][\/vc_column][vc_column width=&#8221;1\/6&#8243;][\/vc_column][\/vc_row][vc_row css=&#8221;.vc_custom_1517325846788{background-color: #e7f2cb !important;}&#8221;][vc_column offset=&#8221;vc_hidden-lg vc_hidden-md vc_hidden-sm&#8221;][vc_single_image image=&#8221;1032&#8243; img_size=&#8221;full&#8221; alignment=&#8221;center&#8221;][vc_column_text]<\/p>\n<p class=\"western\" lang=\"eu-ES\" align=\"justify\"><span style=\"font-size: medium;\">La recogida debe ser eficaz, y en ello se basa el modelo de tratamiento que defendemos. Todo lo dedicado a ese trabajo es una inversi\u00f3n de futuro. La recogida selectiva implica avances tanto cuantitativos como cualitativos. Es necesario analizar, evaluar y mejorar continuamente los resultados de la recogida, as\u00ed como aplicar las medidas necesarias para optimizar el proceso.<\/span><\/p>\n<p>[\/vc_column_text][\/vc_column][\/vc_row][vc_row css=&#8221;.vc_custom_1526027739285{margin-right: 10% !important;margin-left: 10% !important;}&#8221;][vc_column width=&#8221;1\/6&#8243; offset=&#8221;vc_hidden-xs&#8221;][vc_single_image image=&#8221;1033&#8243; img_size=&#8221;full&#8221;][\/vc_column][vc_column width=&#8221;4\/6&#8243; offset=&#8221;vc_hidden-xs&#8221;][vc_column_text css=&#8221;.vc_custom_1529588264058{margin-top: 4% !important;}&#8221;]<\/p>\n<p class=\"western\" lang=\"eu-ES\" align=\"justify\"><span style=\"font-size: medium;\">La reducci\u00f3n, reutilizaci\u00f3n y reciclado son, en ese orden, los tratamientos a priorizar.<\/span><\/p>\n<p>[\/vc_column_text][\/vc_column][vc_column width=&#8221;1\/6&#8243;][\/vc_column][\/vc_row][vc_row][vc_column offset=&#8221;vc_hidden-lg vc_hidden-md vc_hidden-sm&#8221;][vc_single_image image=&#8221;1033&#8243; img_size=&#8221;full&#8221; alignment=&#8221;center&#8221;][vc_column_text css=&#8221;.vc_custom_1529588264058{margin-top: 4% !important;}&#8221;]<\/p>\n<p class=\"western\" lang=\"eu-ES\" align=\"justify\"><span style=\"font-size: medium;\">La reducci\u00f3n, reutilizaci\u00f3n y reciclado son, en ese orden, los tratamientos a priorizar.<\/span><\/p>\n<p>[\/vc_column_text][\/vc_column][\/vc_row][vc_row css=&#8221;.vc_custom_1526027745972{margin-right: 10% !important;margin-left: 10% !important;background-color: #e7f2cb !important;}&#8221;][vc_column width=&#8221;1\/6&#8243; offset=&#8221;vc_hidden-xs&#8221;][vc_single_image image=&#8221;1034&#8243; img_size=&#8221;full&#8221;][\/vc_column][vc_column width=&#8221;4\/6&#8243; offset=&#8221;vc_hidden-xs&#8221;][vc_column_text]<\/p>\n<p class=\"western\" lang=\"eu-ES\" align=\"justify\"><span style=\"font-size: medium;\">Siguiendo las directivas marcadas por Europa, se antepone la valorizaci\u00f3n material en detrimento de la valorizaci\u00f3n energ\u00e9tica. Las instituciones europeas han dejado claro que hoy en d\u00eda no procede construir incineradoras, infraestructuras que existen en exceso en Europa. Nos mostramos en contra , de la misma forma, de los contaminantes vertederos convencionales.<br \/>\n<\/span><\/p>\n<p>[\/vc_column_text][\/vc_column][vc_column width=&#8221;1\/6&#8243;][\/vc_column][\/vc_row][vc_row css=&#8221;.vc_custom_1517325853050{background-color: #e7f2cb !important;}&#8221;][vc_column offset=&#8221;vc_hidden-lg vc_hidden-md vc_hidden-sm&#8221;][vc_single_image image=&#8221;1034&#8243; img_size=&#8221;full&#8221; alignment=&#8221;center&#8221;][vc_column_text]<\/p>\n<p class=\"western\" lang=\"eu-ES\" align=\"justify\"><span style=\"font-size: medium;\">Siguiendo las directivas marcadas por Europa, se antepone la valorizaci\u00f3n material en detrimento de la valorizaci\u00f3n energ\u00e9tica. Las instituciones europeas han dejado claro que hoy en d\u00eda no procede construir incineradoras, infraestructuras que existen en exceso en Europa. Nos mostramos en contra , de la misma forma, de los contaminantes vertederos convencionales.<br \/>\n<\/span><\/p>\n<p>[\/vc_column_text][\/vc_column][\/vc_row][vc_row css=&#8221;.vc_custom_1526027752530{margin-right: 10% !important;margin-left: 10% !important;}&#8221;][vc_column width=&#8221;1\/6&#8243; offset=&#8221;vc_hidden-xs&#8221;][vc_single_image image=&#8221;1035&#8243; img_size=&#8221;full&#8221;][\/vc_column][vc_column width=&#8221;4\/6&#8243; offset=&#8221;vc_hidden-xs&#8221;][vc_column_text]<\/p>\n<p class=\"western\" lang=\"eu-ES\" align=\"justify\"><span style=\"font-size: medium;\">Priorizamos las infraestructuras locales, ya que, entendemos, fortalecen el desarrollo local y favorecen la reducci\u00f3n de tr\u00e1fico, entre otros aspectos. Del mismo modo, apostamos por que dichas infraestructuras sean escalables, adaptables a las necesidades de cada momento,\u00a0 y alejadas de los modelos r\u00edgidos e inflexibles que hipotecan el futuro. Ante el hambre de negocio de las Multinacionales, decimos s\u00ed a los intereses ciudadanos.<\/span><\/p>\n<p>[\/vc_column_text][\/vc_column][vc_column width=&#8221;1\/6&#8243;][\/vc_column][\/vc_row][vc_row][vc_column offset=&#8221;vc_hidden-lg vc_hidden-md vc_hidden-sm&#8221;][vc_single_image image=&#8221;1035&#8243; img_size=&#8221;full&#8221; alignment=&#8221;center&#8221;][vc_column_text]<\/p>\n<p class=\"western\" lang=\"eu-ES\" align=\"justify\"><span style=\"font-size: medium;\">Priorizamos las infraestructuras locales, ya que, entendemos, fortalecen el desarrollo local y favorecen la reducci\u00f3n de tr\u00e1fico, entre otros aspectos. Del mismo modo, apostamos por que dichas infraestructuras sean escalables, adaptables a las necesidades de cada momento,\u00a0 y alejadas de los modelos r\u00edgidos e inflexibles que hipotecan el futuro. Ante el hambre de negocio de las Multinacionales, decimos s\u00ed a los intereses ciudadanos.<\/span><\/p>\n<p>[\/vc_column_text][\/vc_column][\/vc_row][vc_row css=&#8221;.vc_custom_1526027760015{margin-right: 10% !important;margin-left: 10% !important;background-color: #e7f2cb !important;}&#8221;][vc_column width=&#8221;1\/6&#8243; offset=&#8221;vc_hidden-xs&#8221;][vc_single_image image=&#8221;1038&#8243; img_size=&#8221;full&#8221;][\/vc_column][vc_column width=&#8221;4\/6&#8243; offset=&#8221;vc_hidden-xs&#8221;][vc_column_text]<\/p>\n<p class=\"western\" lang=\"eu-ES\" align=\"justify\"><span style=\"font-size: medium;\">Hemos de dar importancia a los avances tecnol\u00f3gicos. La clasificaci\u00f3n de residuos ha de ser cada vez m\u00e1s exhaustiva, y es necesario invertir en tecnolog\u00edas que, con la ayuda del material adecuado, nos permitan avanzar en la reutilizaci\u00f3n y el reciclaje.<\/span><\/p>\n<p>[\/vc_column_text][\/vc_column][vc_column width=&#8221;1\/6&#8243;][\/vc_column][\/vc_row][vc_row css=&#8221;.vc_custom_1517325859730{background-color: #e7f2cb !important;}&#8221;][vc_column offset=&#8221;vc_hidden-lg vc_hidden-md vc_hidden-sm&#8221;][vc_single_image image=&#8221;1038&#8243; img_size=&#8221;full&#8221; alignment=&#8221;center&#8221;][vc_column_text]<\/p>\n<p class=\"western\" lang=\"eu-ES\" align=\"justify\"><span style=\"font-size: medium;\">Hemos de dar importancia a los avances tecnol\u00f3gicos. La clasificaci\u00f3n de residuos ha de ser cada vez m\u00e1s exhaustiva, y es necesario invertir en tecnolog\u00edas que, con la ayuda del material adecuado, nos permitan avanzar en la reutilizaci\u00f3n y el reciclaje.<\/span><\/p>\n<p>[\/vc_column_text][\/vc_column][\/vc_row][vc_row][vc_column]<div class=\"centered-box\"><a class=\"sc-button \"  href=\"https:\/\/hobekielkartea.eus\/izateko-arrazoiak\/\" target=\"_self\" style=\"color: #c2ce28;background-color: #4a5613;\">Raz\u00f3n de ser<\/a><\/div>[\/vc_column][\/vc_row]<\/p>\n<\/section>","protected":false},"excerpt":{"rendered":"<p>[vc_row css=&#8221;.vc_custom_1658397836292{margin-top: 5% !important;margin-bottom: 5% !important;}&#8221;][vc_column][vc_column_text][\/vc_column_text][\/vc_column][\/vc_row][vc_row][vc_column][vc_column_text] dec\u00e1logo [\/vc_column_text][vc_separator color=&#8221;black&#8221; el_width=&#8221;60&#8243; css=&#8221;.vc_custom_1526028347553{margin-bottom: 5% !important;}&#8221;][\/vc_column][\/vc_row][vc_row css=&#8221;.vc_custom_1526027673526{margin-right: 10% !important;margin-left: 10% !important;}&#8221;][vc_column width=&#8221;1\/6&#8243; offset=&#8221;vc_hidden-xs&#8221;][vc_single_image image=&#8221;1027&#8243; img_size=&#8221;full&#8221;][\/vc_column][vc_column width=&#8221;4\/6&#8243; css=&#8221;.vc_custom_1529588578732{padding-top: 4% !important;}&#8221;][vc_column_text] En la gesti\u00f3n de residuos, priorizamos el cuidado de la salud y el medio ambiente. No existe buena gesti\u00f3n si esta pone en peligro la salud de los ciudadanos y&#8230;<\/p>\n","protected":false},"author":1,"featured_media":0,"parent":0,"menu_order":205,"comment_status":"closed","ping_status":"closed","template":"","meta":{"footnotes":""},"class_list":["post-1609","page","type-page","status-publish","hentry"],"aioseo_notices":[],"_links":{"self":[{"href":"https:\/\/hobekielkartea.eus\/es\/wp-json\/wp\/v2\/pages\/1609","targetHints":{"allow":["GET"]}}],"collection":[{"href":"https:\/\/hobekielkartea.eus\/es\/wp-json\/wp\/v2\/pages"}],"about":[{"href":"https:\/\/hobekielkartea.eus\/es\/wp-json\/wp\/v2\/types\/page"}],"author":[{"embeddable":true,"href":"https:\/\/hobekielkartea.eus\/es\/wp-json\/wp\/v2\/users\/1"}],"replies":[{"embeddable":true,"href":"https:\/\/hobekielkartea.eus\/es\/wp-json\/wp\/v2\/comments?post=1609"}],"version-history":[{"count":18,"href":"https:\/\/hobekielkartea.eus\/es\/wp-json\/wp\/v2\/pages\/1609\/revisions"}],"predecessor-version":[{"id":4106,"href":"https:\/\/hobekielkartea.eus\/es\/wp-json\/wp\/v2\/pages\/1609\/revisions\/4106"}],"wp:attachment":[{"href":"https:\/\/hobekielkartea.eus\/es\/wp-json\/wp\/v2\/media?parent=1609"}],"curies":[{"name":"wp","href":"https:\/\/api.w.org\/{rel}","templated":true}]}}