{"id":1627,"date":"2018-06-21T14:55:49","date_gmt":"2018-06-21T13:55:49","guid":{"rendered":"https:\/\/hobekielkartea.eus\/?page_id=1627"},"modified":"2018-06-28T08:01:44","modified_gmt":"2018-06-28T07:01:44","slug":"razon-de-ser","status":"publish","type":"page","link":"https:\/\/hobekielkartea.eus\/es\/razon-de-ser\/","title":{"rendered":"razon de ser"},"content":{"rendered":"<section class=\"wpb-content-wrapper\"><p>[vc_row][vc_column][vc_column_text]<\/p>\n<h1 style=\"text-align: center;\">raz\u00f3n de ser<\/h1>\n<p>[\/vc_column_text][vc_empty_space][vc_single_image image=&#8221;1141&#8243; img_size=&#8221;full&#8221; alignment=&#8221;center&#8221;][\/vc_column][\/vc_row][vc_row][vc_column width=&#8221;1\/4&#8243;][\/vc_column][vc_column width=&#8221;1\/2&#8243;][vc_column_text]La gesti\u00f3n de residuos es el reflejo de nuestro modo de vida. Los h\u00e1bitos de consumo, el lugar que ocupamos en la estructura social, nuestra relaci\u00f3n con el entorno y la forma en que entendemos el progreso\u2026 todas estas cuestiones salen a la luz al analizar nuestra forma de gestionar la basura que producimos.<\/p>\n<p>En Euskal Herria, la evoluci\u00f3n ha sido significativa en los \u00faltimos a\u00f1os. Nos hemos concienciado de la importancia del tema y, hoy por hoy, pocos son los que ponen en duda la necesidad de dar un tratamiento adecuado a los residuos. Tanto ciudadanos como organizaciones municipales estamos obligados a actuar con responsabilidad.<\/p>\n<p>En este sentido, es notable c\u00f3mo las instituciones han vestido sus discursos con una cuidada terminolog\u00eda: salud, medio ambiente, econom\u00eda circular\u2026 son algunos de los conceptos que m\u00e1s se escuchan. Sin embargo, m\u00e1s all\u00e1 de discursos vac\u00edos, la pr\u00e1ctica resulta bien distinta en la mayor\u00eda de los casos.<\/p>\n<p>Euskal Herria carece de una pol\u00edtica conjunta para el tratamiento de residuos, cada territorio tiene su funcionamiento, y se ha querido obtener beneficio pol\u00edtico de un problema que requiere compromiso social. A menudo prevalecen decisiones contraproducentes y err\u00f3neas, favoreciendo as\u00ed tendencias puntuales e intereses econ\u00f3micos. A d\u00eda de hoy, la ley de residuos es clara en cuanto a los principios que deben marcar su gesti\u00f3n: el principio de jerarqu\u00eda de tratamiento, la pol\u00edtica de tarifas y precios y los criterios de transparencia, entre otros. Cuando no se aplican dichos principios, los discursos vac\u00edos de contenido resultan confusos, falsos y perjudiciales.<\/p>\n<p>Ante estas conductas, los municipios de Euskal Herria que firmamos este documento manifestamos nuestro total compromiso con una gesti\u00f3n de residuos responsable y sostenible, tanto en la teor\u00eda como en la pr\u00e1ctica. Los municipios que apoyamos esta forma de trabajo hemos decidido unirnos para impulsar la cooperaci\u00f3n en pro del inter\u00e9s com\u00fan.[\/vc_column_text][vc_single_image image=&#8221;828&#8243; img_size=&#8221;full&#8221; alignment=&#8221;right&#8221;][\/vc_column][vc_column width=&#8221;1\/4&#8243;][\/vc_column][\/vc_row][vc_row full_width=&#8221;stretch_row&#8221; css=&#8221;.vc_custom_1526032421528{margin-bottom: 23% !important;background-color: #e7f2cb !important;}&#8221;][vc_column width=&#8221;1\/2&#8243; offset=&#8221;vc_hidden-xs&#8221;][vc_single_image image=&#8221;1205&#8243; alignment=&#8221;right&#8221;][\/vc_column][vc_column width=&#8221;1\/2&#8243; css=&#8221;.vc_custom_1526031975482{margin-top: 6% !important;}&#8221; offset=&#8221;vc_hidden-xs&#8221;]<a class=\"sc-button \"  href=\"https:\/\/hobekielkartea.eus\/es\/dekalogoa\/\" target=\"_self\" style=\"color: #c2ce28;background-color: #4a5613;\">Dec\u00e1logo<\/a>[\/vc_column][\/vc_row][vc_row full_width=&#8221;stretch_row&#8221; css=&#8221;.vc_custom_1526032346088{margin-bottom: -33% !important;background-color: #e7f2cb !important;}&#8221;][vc_column offset=&#8221;vc_hidden-lg vc_hidden-md vc_hidden-sm&#8221;][vc_single_image image=&#8221;1205&#8243; alignment=&#8221;center&#8221;]<div class=\"centered-box\"><a class=\"sc-button \"  href=\"https:\/\/hobekielkartea.eus\/es\/dekalogoa\/\" target=\"_self\" style=\"color: #c2ce28;background-color: #4a5613;\">Dec\u00e1logo<\/a><\/div>[vc_empty_space][\/vc_column][\/vc_row]<\/p>\n<\/section>","protected":false},"excerpt":{"rendered":"<p>[vc_row][vc_column][vc_column_text] raz\u00f3n de ser [\/vc_column_text][vc_empty_space][vc_single_image image=&#8221;1141&#8243; img_size=&#8221;full&#8221; alignment=&#8221;center&#8221;][\/vc_column][\/vc_row][vc_row][vc_column width=&#8221;1\/4&#8243;][\/vc_column][vc_column width=&#8221;1\/2&#8243;][vc_column_text]La gesti\u00f3n de residuos es el reflejo de nuestro modo de vida. Los h\u00e1bitos de consumo, el lugar que ocupamos en la estructura social, nuestra relaci\u00f3n con el entorno y la forma en que entendemos el progreso\u2026 todas estas cuestiones salen a la luz al analizar nuestra&#8230;<\/p>\n","protected":false},"author":1,"featured_media":0,"parent":0,"menu_order":197,"comment_status":"closed","ping_status":"closed","template":"","meta":{"footnotes":""},"class_list":["post-1627","page","type-page","status-publish","hentry"],"aioseo_notices":[],"_links":{"self":[{"href":"https:\/\/hobekielkartea.eus\/es\/wp-json\/wp\/v2\/pages\/1627","targetHints":{"allow":["GET"]}}],"collection":[{"href":"https:\/\/hobekielkartea.eus\/es\/wp-json\/wp\/v2\/pages"}],"about":[{"href":"https:\/\/hobekielkartea.eus\/es\/wp-json\/wp\/v2\/types\/page"}],"author":[{"embeddable":true,"href":"https:\/\/hobekielkartea.eus\/es\/wp-json\/wp\/v2\/users\/1"}],"replies":[{"embeddable":true,"href":"https:\/\/hobekielkartea.eus\/es\/wp-json\/wp\/v2\/comments?post=1627"}],"version-history":[{"count":7,"href":"https:\/\/hobekielkartea.eus\/es\/wp-json\/wp\/v2\/pages\/1627\/revisions"}],"predecessor-version":[{"id":1740,"href":"https:\/\/hobekielkartea.eus\/es\/wp-json\/wp\/v2\/pages\/1627\/revisions\/1740"}],"wp:attachment":[{"href":"https:\/\/hobekielkartea.eus\/es\/wp-json\/wp\/v2\/media?parent=1627"}],"curies":[{"name":"wp","href":"https:\/\/api.w.org\/{rel}","templated":true}]}}