{"id":2714,"date":"2021-02-16T12:40:17","date_gmt":"2021-02-16T11:40:17","guid":{"rendered":"https:\/\/hobekielkartea.eus\/?page_id=2714"},"modified":"2021-02-16T14:44:19","modified_gmt":"2021-02-16T13:44:19","slug":"emision","status":"publish","type":"page","link":"https:\/\/hobekielkartea.eus\/es\/emision\/","title":{"rendered":"Emision"},"content":{"rendered":"<section class=\"wpb-content-wrapper\"><p>[vc_row][vc_column][vc_raw_html]JTNDZGl2JTIwc3R5bGUlM0QlMjJwYWRkaW5nJTNBNTYuMjUlMjUlMjAwJTIwMCUyMDAlM0Jwb3NpdGlvbiUzQXJlbGF0aXZlJTNCJTIyJTNFJTNDaWZyYW1lJTIwc3JjJTNEJTIyaHR0cHMlM0ElMkYlMkZ2aW1lby5jb20lMkZldmVudCUyRjY5OTgwMiUyRmVtYmVkJTIyJTIwZnJhbWVib3JkZXIlM0QlMjIwJTIyJTIwYWxsb3clM0QlMjJhdXRvcGxheSUzQiUyMGZ1bGxzY3JlZW4lM0IlMjBwaWN0dXJlLWluLXBpY3R1cmUlMjIlMjBhbGxvd2Z1bGxzY3JlZW4lMjBzdHlsZSUzRCUyMnBvc2l0aW9uJTNBYWJzb2x1dGUlM0J0b3AlM0EwJTNCbGVmdCUzQTAlM0J3aWR0aCUzQTEwMCUyNSUzQmhlaWdodCUzQTEwMCUyNSUzQiUyMiUzRSUzQyUyRmlmcmFtZSUzRSUzQyUyRmRpdiUzRQ==[\/vc_raw_html][\/vc_column][\/vc_row][vc_row][vc_column offset=&#8221;vc_hidden-sm vc_hidden-xs&#8221;][vc_column_text]<\/p>\n<h2 class=\"title-h1\" style=\"text-align: center;\"><strong>GESTI\u00d3N DE BIORRESIDUOS<br \/>\n<\/strong><\/h2>\n<p>[\/vc_column_text][\/vc_column][\/vc_row][vc_row][vc_column offset=&#8221;vc_hidden-lg vc_hidden-md&#8221;][vc_column_text]<\/p>\n<h6 style=\"text-align: center;\"><strong>GESTI\u00d3N DE BIORRESIDUOS<br \/>\n<\/strong><\/h6>\n<p>[\/vc_column_text][\/vc_column][\/vc_row][vc_row][vc_column width=&#8221;1\/4&#8243; css=&#8221;.vc_custom_1610705950737{padding-bottom: 130% !important;background-color: #e7f2ce !important;}&#8221; offset=&#8221;vc_hidden-xs&#8221;][vc_single_image image=&#8221;2578&#8243; img_size=&#8221;full&#8221; alignment=&#8221;right&#8221; style=&#8221;vc_box_border&#8221; border_color=&#8221;black&#8221; onclick=&#8221;link_image&#8221;][\/vc_column][vc_column width=&#8221;3\/4&#8243; css=&#8221;.vc_custom_1610634729302{margin-top: 5% !important;}&#8221; offset=&#8221;vc_hidden-xs&#8221;][vc_column_text]<\/p>\n<h5 style=\"text-align: left;\"><span style=\"color: #566e45;\"><strong><span id=\"translation_box\" class=\"form-control-text textarea\" role=\"textbox\">\u00bfC\u00f3mo estamos y qu\u00e9 podemos hacer?<\/span><\/strong><\/span><\/h5>\n<p><span id=\"translation_box\" class=\"form-control-text textarea\" role=\"textbox\">Jornada organizada para t\u00e9cnicos y concejales de ayuntamientos, mancomunidades y cuadrillas. Ser\u00e1 gratis.<\/span><\/p>\n<p>17 de febrero, 9: 00-13: 00. Se celebrar\u00e1 en la facultad de Empresariales de O\u00f1ati y se podr\u00e1 seguir tambi\u00e9n online por streaming.[\/vc_column_text][vc_separator color=&#8221;black&#8221; align=&#8221;align_left&#8221; css=&#8221;.vc_custom_1610634144487{margin-top: 5% !important;margin-bottom: 5% !important;}&#8221;][vc_column_text]<strong>Ponentes:<\/strong><\/p>\n<p>Joseba Sanchez Arizmendiarrieta<\/p>\n<p>Carlos Perez Losada<\/p>\n<p>Florian Amlinger<\/p>\n<p>Josu Amelibia[\/vc_column_text][vc_separator color=&#8221;black&#8221; align=&#8221;align_left&#8221; css=&#8221;.vc_custom_1610634152150{margin-top: 5% !important;margin-bottom: 5% !important;}&#8221;][vc_column_text]<strong>Programa:<\/strong><\/p>\n<div class=\"row\">\n<div class=\"col-md-12 col-xs-12\">\n<p>9:00 \u2013 <strong>Inicio:<\/strong> Eneritz Arbelaitz<\/p>\n<p>9:15 \u2013 <strong>Situaci\u00f3n de los biorresiduos en Euskal Herria. Oportunidades y retos de una gesti\u00f3n adecuada:<\/strong> Joseba S\u00e1nchez Arizmendiarreta.<\/p>\n<p>10:00 \u2013 <strong>Oportunidades de la gesti\u00f3n local de los biorresiduos: Plan Revitaliza (Pontevedra):<\/strong> Carlos P\u00e9rez Losada.<\/p>\n<p>10:45 \u2013 Descanso<\/p>\n<p>11:00 \u2013 <strong>Modelo austriaco de gesti\u00f3n del biorresiduo:<\/strong> Florian Amlinger.<\/p>\n<p>11:45 \u2013 <strong>Modelo de Aduna:<\/strong> Josu Amilibia.<\/p>\n<p>12:30 \u2013 Preguntas<\/p><\/div>\n<\/div>\n<p>[\/vc_column_text][\/vc_column][\/vc_row][vc_row][vc_column width=&#8221;1\/4&#8243; css=&#8221;.vc_custom_1610638537463{background-color: #e7f2ce !important;}&#8221; offset=&#8221;vc_hidden-lg vc_hidden-md vc_hidden-sm&#8221;][vc_single_image image=&#8221;2578&#8243; img_size=&#8221;full&#8221; alignment=&#8221;right&#8221; style=&#8221;vc_box_border&#8221; border_color=&#8221;black&#8221; onclick=&#8221;link_image&#8221;][\/vc_column][vc_column width=&#8221;3\/4&#8243; css=&#8221;.vc_custom_1610634736088{margin-top: 5% !important;}&#8221; offset=&#8221;vc_hidden-lg vc_hidden-md vc_hidden-sm&#8221;][vc_column_text]<\/p>\n<h5 style=\"text-align: left;\"><span style=\"color: #566e45;\"><strong><span id=\"translation_box\" class=\"form-control-text textarea\" role=\"textbox\">\u00bfC\u00f3mo estamos y qu\u00e9 podemos hacer?<\/span><\/strong><\/span><\/h5>\n<p><span id=\"translation_box\" class=\"form-control-text textarea\" role=\"textbox\">Jornada organizada para t\u00e9cnicos y concejales de ayuntamientos, mancomunidades y cuadrillas. Ser\u00e1 gratis.<\/span><\/p>\n<p>17 de febrero, 9: 00-13: 00. Se celebrar\u00e1 en la facultad de Empresariales de O\u00f1ati y se podr\u00e1 seguir tambi\u00e9n online por streaming.[\/vc_column_text][vc_separator color=&#8221;black&#8221; align=&#8221;align_left&#8221; css=&#8221;.vc_custom_1610634144487{margin-top: 5% !important;margin-bottom: 5% !important;}&#8221;][vc_column_text]<strong>Ponentes:<\/strong><\/p>\n<p>Joseba Sanchez Arizmendiarrieta<\/p>\n<p>Carlos Perez Losada<\/p>\n<p>Florian Amlinger<\/p>\n<p>Josu Amelibia[\/vc_column_text][vc_separator color=&#8221;black&#8221; align=&#8221;align_left&#8221; css=&#8221;.vc_custom_1610634152150{margin-top: 5% !important;margin-bottom: 5% !important;}&#8221;][vc_column_text]<strong>Programa:<\/strong><\/p>\n<div class=\"row\">\n<div class=\"col-md-12 col-xs-12\">\n<p>9:00 \u2013 <strong>Inicio:<\/strong> Eneritz Arbelaitz<\/p>\n<p>9:15 \u2013 <strong>Situaci\u00f3n de los biorresiduos en Euskal Herria. Oportunidades y retos de una gesti\u00f3n adecuada:<\/strong> Joseba S\u00e1nchez Arizmendiarreta.<\/p>\n<p>10:00 \u2013 <strong>Oportunidades de la gesti\u00f3n local de los biorresiduos: Plan Revitaliza (Pontevedra):<\/strong> Carlos P\u00e9rez Losada.<\/p>\n<p>10:45 \u2013 Descanso<\/p>\n<p>11:00 \u2013 <strong>Modelo austriaco de gesti\u00f3n del biorresiduo:<\/strong> Florian Amlinger.<\/p>\n<p>11:45 \u2013 <strong>Modelo de Aduna:<\/strong> Josu Amilibia.<\/p>\n<p>12:30 \u2013 Preguntas<\/p><\/div>\n<\/div>\n<p>[\/vc_column_text][\/vc_column][\/vc_row]<\/p>\n<\/section>","protected":false},"excerpt":{"rendered":"<p>[vc_row][vc_column][vc_raw_html]JTNDZGl2JTIwc3R5bGUlM0QlMjJwYWRkaW5nJTNBNTYuMjUlMjUlMjAwJTIwMCUyMDAlM0Jwb3NpdGlvbiUzQXJlbGF0aXZlJTNCJTIyJTNFJTNDaWZyYW1lJTIwc3JjJTNEJTIyaHR0cHMlM0ElMkYlMkZ2aW1lby5jb20lMkZldmVudCUyRjY5OTgwMiUyRmVtYmVkJTIyJTIwZnJhbWVib3JkZXIlM0QlMjIwJTIyJTIwYWxsb3clM0QlMjJhdXRvcGxheSUzQiUyMGZ1bGxzY3JlZW4lM0IlMjBwaWN0dXJlLWluLXBpY3R1cmUlMjIlMjBhbGxvd2Z1bGxzY3JlZW4lMjBzdHlsZSUzRCUyMnBvc2l0aW9uJTNBYWJzb2x1dGUlM0J0b3AlM0EwJTNCbGVmdCUzQTAlM0J3aWR0aCUzQTEwMCUyNSUzQmhlaWdodCUzQTEwMCUyNSUzQiUyMiUzRSUzQyUyRmlmcmFtZSUzRSUzQyUyRmRpdiUzRQ==[\/vc_raw_html][\/vc_column][\/vc_row][vc_row][vc_column offset=&#8221;vc_hidden-sm vc_hidden-xs&#8221;][vc_column_text] GESTI\u00d3N DE BIORRESIDUOS [\/vc_column_text][\/vc_column][\/vc_row][vc_row][vc_column offset=&#8221;vc_hidden-lg vc_hidden-md&#8221;][vc_column_text] GESTI\u00d3N DE BIORRESIDUOS [\/vc_column_text][\/vc_column][\/vc_row][vc_row][vc_column width=&#8221;1\/4&#8243; css=&#8221;.vc_custom_1610705950737{padding-bottom: 130% !important;background-color: #e7f2ce !important;}&#8221; offset=&#8221;vc_hidden-xs&#8221;][vc_single_image image=&#8221;2578&#8243; img_size=&#8221;full&#8221; alignment=&#8221;right&#8221; style=&#8221;vc_box_border&#8221; border_color=&#8221;black&#8221; onclick=&#8221;link_image&#8221;][\/vc_column][vc_column width=&#8221;3\/4&#8243; css=&#8221;.vc_custom_1610634729302{margin-top: 5% !important;}&#8221; offset=&#8221;vc_hidden-xs&#8221;][vc_column_text] \u00bfC\u00f3mo estamos y qu\u00e9 podemos hacer? Jornada organizada para t\u00e9cnicos y concejales de ayuntamientos, mancomunidades y cuadrillas. Ser\u00e1 gratis. 17 de febrero, 9: 00-13: 00&#8230;.<\/p>\n","protected":false},"author":1,"featured_media":0,"parent":0,"menu_order":146,"comment_status":"closed","ping_status":"closed","template":"","meta":{"footnotes":""},"class_list":["post-2714","page","type-page","status-publish","hentry"],"aioseo_notices":[],"_links":{"self":[{"href":"https:\/\/hobekielkartea.eus\/es\/wp-json\/wp\/v2\/pages\/2714","targetHints":{"allow":["GET"]}}],"collection":[{"href":"https:\/\/hobekielkartea.eus\/es\/wp-json\/wp\/v2\/pages"}],"about":[{"href":"https:\/\/hobekielkartea.eus\/es\/wp-json\/wp\/v2\/types\/page"}],"author":[{"embeddable":true,"href":"https:\/\/hobekielkartea.eus\/es\/wp-json\/wp\/v2\/users\/1"}],"replies":[{"embeddable":true,"href":"https:\/\/hobekielkartea.eus\/es\/wp-json\/wp\/v2\/comments?post=2714"}],"version-history":[{"count":2,"href":"https:\/\/hobekielkartea.eus\/es\/wp-json\/wp\/v2\/pages\/2714\/revisions"}],"predecessor-version":[{"id":2719,"href":"https:\/\/hobekielkartea.eus\/es\/wp-json\/wp\/v2\/pages\/2714\/revisions\/2719"}],"wp:attachment":[{"href":"https:\/\/hobekielkartea.eus\/es\/wp-json\/wp\/v2\/media?parent=2714"}],"curies":[{"name":"wp","href":"https:\/\/api.w.org\/{rel}","templated":true}]}}