{"id":3836,"date":"2022-07-08T12:45:54","date_gmt":"2022-07-08T11:45:54","guid":{"rendered":"https:\/\/hobekielkartea.eus\/?page_id=3836"},"modified":"2022-09-13T12:31:10","modified_gmt":"2022-09-13T11:31:10","slug":"onati","status":"publish","type":"page","link":"https:\/\/hobekielkartea.eus\/es\/onati\/","title":{"rendered":"O\u00f1ati"},"content":{"rendered":"<section class=\"wpb-content-wrapper\"><p>[vc_row full_width=&#8221;stretch_row_content&#8221; css=&#8221;.vc_custom_1662548441801{margin-top: -6% !important;padding-top: 2% !important;padding-bottom: 24% !important;background: rgba(33,33,33,0.28) url(https:\/\/hobekielkartea.eus\/wp-content\/uploads\/2022\/07\/panoramikoa-2-4.jpg?id=4075) !important;background-position: center !important;background-repeat: no-repeat !important;background-size: cover !important;*background-color: rgb(33,33,33) !important;}&#8221;][vc_column parallax=&#8221;content-moving&#8221; css=&#8221;.vc_custom_1649768525760{margin-bottom: 5% !important;padding-top: 5% !important;padding-bottom: 5% !important;}&#8221;][vc_column_text]<\/p>\n<h1 style=\"text-align: center; font-size: 10em; text-shadow: 4px 4px 5px #000000;\"><span style=\"color: #ffffff;\">O\u00f1ati<\/span><\/h1>\n<p>[\/vc_column_text][\/vc_column][\/vc_row][vc_row full_width=&#8221;stretch_row&#8221; css=&#8221;.vc_custom_1650362426603{margin-top: -1.9% !important;background-color: #e7f2ce !important;background-position: center !important;background-repeat: no-repeat !important;background-size: cover !important;}&#8221;][vc_column width=&#8221;1\/3&#8243; css=&#8221;.vc_custom_1649768601601{padding-bottom: 1% !important;}&#8221;][vc_single_image image=&#8221;940&#8243; img_size=&#8221;full&#8221; alignment=&#8221;center&#8221;][vc_custom_heading text=&#8221;HABITANTES&#8221; font_container=&#8221;tag:h2|font_size:25|text_align:center|line_height:1&#8243; google_fonts=&#8221;font_family:Raleway%3A100%2C200%2C300%2Cregular%2C500%2C600%2C700%2C800%2C900|font_style:400%20regular%3A400%3Anormal&#8221;][vc_column_text]<\/p>\n<h5 style=\"text-align: center;\">11.367<\/h5>\n<p>[\/vc_column_text][\/vc_column][vc_column width=&#8221;1\/3&#8243; css=&#8221;.vc_custom_1649769435558{padding-bottom: 1% !important;background-color: #c2ce28 !important;}&#8221;][vc_single_image image=&#8221;2984&#8243; img_size=&#8221;full&#8221; alignment=&#8221;center&#8221;][vc_custom_heading text=&#8221;\u00c1REA&#8221; font_container=&#8221;tag:h2|font_size:25|text_align:center|color:%23ffffff|line_height:1&#8243; google_fonts=&#8221;font_family:Raleway%3A100%2C200%2C300%2Cregular%2C500%2C600%2C700%2C800%2C900|font_style:400%20regular%3A400%3Anormal&#8221;][vc_column_text]<\/p>\n<h5 style=\"text-align: center;\"><span style=\"color: #ffffff;\">107,54 km\u00b2<\/span><\/h5>\n<h5 style=\"text-align: center;\"><\/h5>\n<p>[\/vc_column_text][\/vc_column][vc_column width=&#8221;1\/3&#8243; css=&#8221;.vc_custom_1649768615198{padding-bottom: 1% !important;}&#8221;][vc_single_image image=&#8221;941&#8243; img_size=&#8221;full&#8221; alignment=&#8221;center&#8221;][vc_custom_heading text=&#8221;SECTOR&#8221; font_container=&#8221;tag:h2|font_size:25|text_align:center|line_height:1&#8243; google_fonts=&#8221;font_family:Raleway%3A100%2C200%2C300%2Cregular%2C500%2C600%2C700%2C800%2C900|font_style:400%20regular%3A400%3Anormal&#8221;][vc_column_text]<\/p>\n<h5 style=\"text-align: center;\">Industria<\/h5>\n<p>[\/vc_column_text][\/vc_column][\/vc_row][vc_row full_width=&#8221;stretch_row&#8221; css=&#8221;.vc_custom_1650363895261{margin-top: -1.8% !important;border-bottom-width: 5px !important;padding-top: 6% !important;padding-bottom: 6% !important;background-color: #e7f2ce !important;border-bottom-color: #4a5613 !important;border-bottom-style: solid !important;}&#8221;][vc_column css=&#8221;.vc_custom_1517307855604{margin-bottom: 2% !important;}&#8221;][vc_custom_heading text=&#8221;DATOS DE RESIDUOS&#8221; font_container=&#8221;tag:h5|text_align:center|color:%234a5613&#8243; google_fonts=&#8221;font_family:Raleway%3A100%2C200%2C300%2Cregular%2C500%2C600%2C700%2C800%2C900|font_style:300%20light%20regular%3A300%3Anormal&#8221;][\/vc_column][vc_column width=&#8221;1\/3&#8243;][vc_single_image image=&#8221;909&#8243; img_size=&#8221;full&#8221; alignment=&#8221;center&#8221;][vc_custom_heading text=&#8221;-&#8221; font_container=&#8221;tag:h2|text_align:center|color:%234a5613&#8243; google_fonts=&#8221;font_family:Raleway%3A100%2C200%2C300%2Cregular%2C500%2C600%2C700%2C800%2C900|font_style:400%20regular%3A400%3Anormal&#8221;][vc_column_text]<\/p>\n<h6 style=\"text-align: center;\">Cantidad de basura no reciclable generada por habitante al a\u00f1o.<\/h6>\n<p>[\/vc_column_text][\/vc_column][vc_column width=&#8221;1\/3&#8243;][vc_single_image image=&#8221;1242&#8243; img_size=&#8221;full&#8221; alignment=&#8221;center&#8221;][vc_custom_heading text=&#8221;77 %&#8221; font_container=&#8221;tag:h2|text_align:center|color:%234a5613&#8243; google_fonts=&#8221;font_family:Raleway%3A100%2C200%2C300%2Cregular%2C500%2C600%2C700%2C800%2C900|font_style:400%20regular%3A400%3Anormal&#8221;][vc_column_text]<\/p>\n<h6 style=\"text-align: center;\">Recogida selectiva<\/h6>\n<p>[\/vc_column_text][\/vc_column][vc_column width=&#8221;1\/3&#8243;][vc_single_image image=&#8221;908&#8243; img_size=&#8221;full&#8221; alignment=&#8221;center&#8221;][vc_custom_heading text=&#8221;15 %&#8221; font_container=&#8221;tag:h2|text_align:center|color:%234a5613&#8243; google_fonts=&#8221;font_family:Raleway%3A100%2C200%2C300%2Cregular%2C500%2C600%2C700%2C800%2C900|font_style:400%20regular%3A400%3Anormal&#8221;][vc_column_text]<\/p>\n<h6 style=\"text-align: center;\">Porcentaje de residuo org\u00e1nico compostado directamente por los habitantes.<\/h6>\n<p>[\/vc_column_text][\/vc_column][\/vc_row][vc_row full_width=&#8221;stretch_row&#8221; css=&#8221;.vc_custom_1650363086682{padding-top: 4% !important;padding-bottom: 8% !important;}&#8221;][vc_column][vc_custom_heading text=&#8221;EL ORG\u00c1NICO&#8221; font_container=&#8221;tag:h3|font_size:40|text_align:center|color:%234a5613&#8243; google_fonts=&#8221;font_family:Raleway%3A100%2C200%2C300%2Cregular%2C500%2C600%2C700%2C800%2C900|font_style:300%20light%20regular%3A300%3Anormal&#8221;][vc_row_inner content_placement=&#8221;top&#8221;][vc_column_inner css=&#8221;.vc_custom_1649769717388{background-color: #ffffff !important;}&#8221;][vc_single_image image=&#8221;3827&#8243; img_size=&#8221;600&#215;400&#8243; alignment=&#8221;center&#8221; onclick=&#8221;link_image&#8221;][vc_column_text]<\/p>\n<h5 style=\"text-align: center;\">El org\u00e1nico se gestiona en las compostadoras comunitarias que se han instalado en el casco urbano y en las compostadoras individuales que se han puesto en casas que disponen de huerto o jard\u00edn. Tambi\u00e9n con la recogida puerta a puerta. En la imagen de arriba aparece una zona de compostaje comunitario que hay en uno de los barrios.<\/h5>\n<p>[\/vc_column_text][\/vc_column_inner][\/vc_row_inner][\/vc_column][\/vc_row][vc_row full_width=&#8221;stretch_row&#8221; css=&#8221;.vc_custom_1650363273356{padding-top: 4% !important;padding-bottom: 8% !important;background-color: #e7f2ce !important;}&#8221;][vc_column][vc_row_inner content_placement=&#8221;top&#8221;][vc_column_inner][vc_custom_heading text=&#8221;RECOGIDA PUERTA A PUERTA&#8221; font_container=&#8221;tag:h3|font_size:40|text_align:center|color:%234a5613&#8243; google_fonts=&#8221;font_family:Raleway%3A100%2C200%2C300%2Cregular%2C500%2C600%2C700%2C800%2C900|font_style:300%20light%20regular%3A300%3Anormal&#8221;][vc_single_image image=&#8221;3803&#8243; img_size=&#8221;600&#215;400&#8243; alignment=&#8221;center&#8221; onclick=&#8221;link_image&#8221;][vc_column_text]<\/p>\n<h5 style=\"text-align: center;\">La fracci\u00f3n resto, el org\u00e1nico, el papel y el cart\u00f3n y los envases se recogen puerta a puerta. En la imagen aparecen los postes donde se cuelgan los cubos identificados casa por casa.<\/h5>\n<p>[\/vc_column_text][vc_single_image image=&#8221;3807&#8243; img_size=&#8221;600&#215;400&#8243; alignment=&#8221;center&#8221; onclick=&#8221;link_image&#8221;][vc_column_text]<\/p>\n<h5 style=\"text-align: center;\">En la zona rural los residuos se depositan en unas casetas donde se puede clasificar todo tipo de residuos.<\/h5>\n<p>[\/vc_column_text][\/vc_column_inner][\/vc_row_inner][\/vc_column][\/vc_row][vc_row full_width=&#8221;stretch_row&#8221; css=&#8221;.vc_custom_1650363086682{padding-top: 4% !important;padding-bottom: 8% !important;}&#8221;][vc_column][vc_row_inner content_placement=&#8221;top&#8221;][vc_column_inner][vc_custom_heading text=&#8221;V\u00cdDRIO, PILAS, ROPA, ACEITE\u2026&#8221; font_container=&#8221;tag:h3|font_size:40|text_align:center|color:%234a5613&#8243; google_fonts=&#8221;font_family:Raleway%3A100%2C200%2C300%2Cregular%2C500%2C600%2C700%2C800%2C900|font_style:300%20light%20regular%3A300%3Anormal&#8221;][vc_single_image image=&#8221;3814&#8243; img_size=&#8221;600&#215;400&#8243; alignment=&#8221;center&#8221; onclick=&#8221;link_image&#8221;][vc_column_text]<\/p>\n<h5 style=\"text-align: center;\">Todas estas fracciones se recogen en contenedores dispuestos en el casco urbano para ello. Adem\u00e1s tambi\u00e9n se recogen elementos peque\u00f1os que se deber\u00edan de llevar a un punto limpio en unos contenedores especiales puestos para ello.<\/h5>\n<p>[\/vc_column_text][\/vc_column_inner][\/vc_row_inner][\/vc_column][\/vc_row][vc_row full_width=&#8221;stretch_row&#8221; css=&#8221;.vc_custom_1650363322790{padding-top: 4% !important;padding-bottom: 8% !important;background-color: #e7f2ce !important;}&#8221;][vc_column][vc_row_inner content_placement=&#8221;top&#8221;][vc_column_inner css=&#8221;.vc_custom_1650363504218{padding-bottom: 5% !important;}&#8221;][vc_custom_heading text=&#8221;PUNTOS DE RECOGIDA DE EMERGENCIA&#8221; font_container=&#8221;tag:h3|font_size:40|text_align:center|color:%234a5613&#8243; google_fonts=&#8221;font_family:Raleway%3A100%2C200%2C300%2Cregular%2C500%2C600%2C700%2C800%2C900|font_style:300%20light%20regular%3A300%3Anormal&#8221;][vc_single_image image=&#8221;3815&#8243; img_size=&#8221;600&#215;400&#8243; alignment=&#8221;center&#8221; onclick=&#8221;link_image&#8221;][vc_column_text]<\/p>\n<h5 style=\"text-align: center;\">Para los habitantes de la zona rural los residuos se depositan en unas casetas donde se puede clasificar todo tipo de residuos.<\/h5>\n<p>[\/vc_column_text][\/vc_column_inner][\/vc_row_inner][\/vc_column][\/vc_row][vc_row full_width=&#8221;stretch_row&#8221; css=&#8221;.vc_custom_1650363086682{padding-top: 4% !important;padding-bottom: 8% !important;}&#8221;][vc_column][vc_row_inner content_placement=&#8221;top&#8221;][vc_column_inner css=&#8221;.vc_custom_1649770986326{padding-bottom: 5% !important;background-color: #ffffff !important;}&#8221;][vc_custom_heading text=&#8221;LAS PAPELERAS URBANAS&#8221; font_container=&#8221;tag:h3|font_size:40|text_align:center|color:%234a5613&#8243; google_fonts=&#8221;font_family:Raleway%3A100%2C200%2C300%2Cregular%2C500%2C600%2C700%2C800%2C900|font_style:300%20light%20regular%3A300%3Anormal&#8221;][vc_single_image image=&#8221;3823&#8243; img_size=&#8221;600&#215;400&#8243; alignment=&#8221;center&#8221; onclick=&#8221;link_image&#8221;][vc_column_text]<\/p>\n<h5 style=\"text-align: center;\">Todas las papeleras urbanas de O\u00f1ati est\u00e1n preparadas para poder clasificar los residuos.<\/h5>\n<p>[\/vc_column_text][\/vc_column_inner][\/vc_row_inner][\/vc_column][\/vc_row][vc_row full_width=&#8221;stretch_row&#8221; css=&#8221;.vc_custom_1650363429546{padding-top: 4% !important;padding-bottom: 8% !important;background-color: #e7f2ce !important;}&#8221;][vc_column][vc_row_inner content_placement=&#8221;top&#8221;][vc_column_inner][vc_custom_heading text=&#8221;CAMPA\u00d1A DE CONCIENCIACI\u00d3N SOBRE LOS RESIDUOS&#8221; font_container=&#8221;tag:h3|font_size:40|text_align:center|color:%234a5613&#8243; google_fonts=&#8221;font_family:Raleway%3A100%2C200%2C300%2Cregular%2C500%2C600%2C700%2C800%2C900|font_style:300%20light%20regular%3A300%3Anormal&#8221;][vc_single_image image=&#8221;3819&#8243; img_size=&#8221;600&#215;400&#8243; alignment=&#8221;center&#8221; onclick=&#8221;link_image&#8221;][vc_column_text]<\/p>\n<h5 style=\"text-align: center;\">Se organiz\u00f3 una campa\u00f1a para reducir, rehutilizar y reciclar mejor los residuos.<\/h5>\n<p>[\/vc_column_text][\/vc_column_inner][\/vc_row_inner][\/vc_column][\/vc_row][vc_row css=&#8221;.vc_custom_1649768861111{margin-top: -1.9% !important;background-position: center !important;background-repeat: no-repeat !important;background-size: cover !important;}&#8221;][vc_column css=&#8221;.vc_custom_1649768619622{padding-top: 5% !important;padding-bottom: 5% !important;}&#8221;][vc_separator color=&#8221;custom&#8221; el_width=&#8221;60&#8243; accent_color=&#8221;#4a5613&#8243;][vc_row_inner][vc_column_inner width=&#8221;1\/6&#8243;][\/vc_column_inner][vc_column_inner width=&#8221;1\/6&#8243;][vc_icon icon_fontawesome=&#8221;fa fa-phone&#8221; color=&#8221;custom&#8221; size=&#8221;lg&#8221; align=&#8221;center&#8221; link=&#8221;url:tel%3A943337000|||&#8221; custom_color=&#8221;#4a5613&#8243; css=&#8221;.vc_custom_1517301331875{margin-bottom: -2% !important;}&#8221;][vc_column_text]<\/p>\n<h6 style=\"text-align: center;\"><span class=\"_Xbe kno-fv\"><a class=\"kol\" title=\"Deitu Hangouts bidez\" href=\"tel:943780411\" data-number=\"+34943337000\" data-pstn-out-call-url=\"\" data-rtid=\"iykg2u7BaXvU\" data-ved=\"0ahUKEwj6lonc_PzYAhWJvRQKHX0QBrIQkAgIogEoADAU\">943 78 04 11<\/a><\/span><\/h6>\n<p>[\/vc_column_text][\/vc_column_inner][vc_column_inner width=&#8221;1\/6&#8243;][vc_icon icon_fontawesome=&#8221;fa fa-info-circle&#8221; color=&#8221;custom&#8221; size=&#8221;lg&#8221; align=&#8221;center&#8221; link=&#8221;url:http%3A%2F%2Fwww.hernani.eus%2Feu%2F||target:%20_blank|&#8221; custom_color=&#8221;#4a5613&#8243; css=&#8221;.vc_custom_1517479135415{margin-bottom: -2% !important;}&#8221;][vc_column_text]<\/p>\n<h6 style=\"text-align: center;\"><a class=\"kol\" href=\"https:\/\/www.o\u00f1ati.eus\/eu\" target=\"_blank\" rel=\"noopener noreferrer\">www.o\u00f1ati.eus<\/a><\/h6>\n<p>[\/vc_column_text][\/vc_column_inner][vc_column_inner width=&#8221;1\/6&#8243;][vc_icon icon_fontawesome=&#8221;fa fa-envelope&#8221; color=&#8221;custom&#8221; size=&#8221;lg&#8221; align=&#8221;center&#8221; link=&#8221;url:mailto%3Ahhz%40hernani.eus|||&#8221; custom_color=&#8221;#4a5613&#8243; css=&#8221;.vc_custom_1517301342356{margin-bottom: -2% !important;}&#8221;][vc_column_text]<\/p>\n<h6 style=\"text-align: center;\"><a class=\"kol\" href=\"mailto:hhz@hernani.eus\">haz@onati.eus<\/a><\/h6>\n<p>[\/vc_column_text][\/vc_column_inner][vc_column_inner width=&#8221;1\/6&#8243;][vc_icon icon_fontawesome=&#8221;fa fa-map-marker&#8221; color=&#8221;custom&#8221; size=&#8221;lg&#8221; align=&#8221;center&#8221; link=&#8221;url:mailto%3Ahhz%40hernani.eus|||&#8221; custom_color=&#8221;#4a5613&#8243; css=&#8221;.vc_custom_1517301348564{margin-bottom: -2% !important;}&#8221;][vc_column_text]<\/p>\n<h6 style=\"text-align: center;\">Foruen Enparantza 1, O\u00f1ati (Gipuzkoa)<\/h6>\n<p>[\/vc_column_text][\/vc_column_inner][vc_column_inner width=&#8221;1\/6&#8243;][\/vc_column_inner][\/vc_row_inner][\/vc_column][\/vc_row][vc_row full_width=&#8221;stretch_row&#8221; css=&#8221;.vc_custom_1650362694668{margin-top: -1.8% !important;padding-bottom: 8% !important;}&#8221;][vc_column]<div class=\"centered-box\"><a class=\"sc-button \"  href=\"https:\/\/hobekielkartea.eus\/es\/hobekideak\/\" target=\"_self\" style=\"color: #ffffff;background-color: #4a5613;\">TODOS LOS HOBEKIDE<\/a><\/div>[\/vc_column][\/vc_row]<\/p>\n<\/section>","protected":false},"excerpt":{"rendered":"<p>[vc_row full_width=&#8221;stretch_row_content&#8221; css=&#8221;.vc_custom_1662548441801{margin-top: -6% !important;padding-top: 2% !important;padding-bottom: 24% !important;background: rgba(33,33,33,0.28) url(https:\/\/hobekielkartea.eus\/wp-content\/uploads\/2022\/07\/panoramikoa-2-4.jpg?id=4075) !important;background-position: center !important;background-repeat: no-repeat !important;background-size: cover !important;*background-color: rgb(33,33,33) !important;}&#8221;][vc_column parallax=&#8221;content-moving&#8221; css=&#8221;.vc_custom_1649768525760{margin-bottom: 5% !important;padding-top: 5% !important;padding-bottom: 5% !important;}&#8221;][vc_column_text] O\u00f1ati [\/vc_column_text][\/vc_column][\/vc_row][vc_row full_width=&#8221;stretch_row&#8221; css=&#8221;.vc_custom_1650362426603{margin-top: -1.9% !important;background-color: #e7f2ce !important;background-position: center !important;background-repeat: no-repeat !important;background-size: cover !important;}&#8221;][vc_column width=&#8221;1\/3&#8243; css=&#8221;.vc_custom_1649768601601{padding-bottom: 1% !important;}&#8221;][vc_single_image image=&#8221;940&#8243; img_size=&#8221;full&#8221; alignment=&#8221;center&#8221;][vc_custom_heading text=&#8221;HABITANTES&#8221; font_container=&#8221;tag:h2|font_size:25|text_align:center|line_height:1&#8243; google_fonts=&#8221;font_family:Raleway%3A100%2C200%2C300%2Cregular%2C500%2C600%2C700%2C800%2C900|font_style:400%20regular%3A400%3Anormal&#8221;][vc_column_text] 11.367 [\/vc_column_text][\/vc_column][vc_column width=&#8221;1\/3&#8243; css=&#8221;.vc_custom_1649769435558{padding-bottom:&#8230;<\/p>\n","protected":false},"author":1,"featured_media":0,"parent":0,"menu_order":118,"comment_status":"closed","ping_status":"closed","template":"","meta":{"footnotes":""},"class_list":["post-3836","page","type-page","status-publish","hentry"],"aioseo_notices":[],"_links":{"self":[{"href":"https:\/\/hobekielkartea.eus\/es\/wp-json\/wp\/v2\/pages\/3836","targetHints":{"allow":["GET"]}}],"collection":[{"href":"https:\/\/hobekielkartea.eus\/es\/wp-json\/wp\/v2\/pages"}],"about":[{"href":"https:\/\/hobekielkartea.eus\/es\/wp-json\/wp\/v2\/types\/page"}],"author":[{"embeddable":true,"href":"https:\/\/hobekielkartea.eus\/es\/wp-json\/wp\/v2\/users\/1"}],"replies":[{"embeddable":true,"href":"https:\/\/hobekielkartea.eus\/es\/wp-json\/wp\/v2\/comments?post=3836"}],"version-history":[{"count":9,"href":"https:\/\/hobekielkartea.eus\/es\/wp-json\/wp\/v2\/pages\/3836\/revisions"}],"predecessor-version":[{"id":4283,"href":"https:\/\/hobekielkartea.eus\/es\/wp-json\/wp\/v2\/pages\/3836\/revisions\/4283"}],"wp:attachment":[{"href":"https:\/\/hobekielkartea.eus\/es\/wp-json\/wp\/v2\/media?parent=3836"}],"curies":[{"name":"wp","href":"https:\/\/api.w.org\/{rel}","templated":true}]}}