{"id":4493,"date":"2024-02-02T14:06:48","date_gmt":"2024-02-02T13:06:48","guid":{"rendered":"https:\/\/hobekielkartea.eus\/?page_id=4493"},"modified":"2024-03-14T12:14:56","modified_gmt":"2024-03-14T11:14:56","slug":"curso-practico-online","status":"publish","type":"page","link":"https:\/\/hobekielkartea.eus\/es\/curso-practico-online\/","title":{"rendered":"Curso pr\u00e1ctico online"},"content":{"rendered":"<section class=\"wpb-content-wrapper\"><p>[vc_row][vc_column offset=&#8221;vc_hidden-xs&#8221;][vc_custom_heading text=&#8221;CURSO PR\u00c1CTICO ONLINE&#8221; font_container=&#8221;tag:h1|text_align:center|color:%234a5613&#8243; google_fonts=&#8221;font_family:Raleway%3A100%2C200%2C300%2Cregular%2C500%2C600%2C700%2C800%2C900|font_style:400%20regular%3A400%3Anormal&#8221;][vc_custom_heading text=&#8221;Sistemas de pago por generaci\u00f3n&#8221; font_container=&#8221;tag:h3|text_align:center|color:%23c2ce28&#8243; google_fonts=&#8221;font_family:Raleway%3A100%2C200%2C300%2Cregular%2C500%2C600%2C700%2C800%2C900|font_style:400%20regular%3A400%3Anormal&#8221;][vc_custom_heading text=&#8221;* Un viernes de cada mes, de 8:30 a 10:30.&#8221; font_container=&#8221;tag:h2|font_size:20px|text_align:center|color:%234a5613&#8243; google_fonts=&#8221;font_family:Raleway%3A100%2C200%2C300%2Cregular%2C500%2C600%2C700%2C800%2C900|font_style:400%20regular%3A400%3Anormal&#8221;][vc_row_inner][vc_column_inner][vc_single_image image=&#8221;4441&#8243; img_size=&#8221;medium&#8221; alignment=&#8221;center&#8221;][vc_custom_heading text=&#8221;Conducido por Maria Calaf&#8221; font_container=&#8221;tag:h2|text_align:center|color:%234a5613&#8243; google_fonts=&#8221;font_family:Raleway%3A100%2C200%2C300%2Cregular%2C500%2C600%2C700%2C800%2C900|font_style:400%20regular%3A400%3Anormal&#8221;][\/vc_column_inner][\/vc_row_inner][\/vc_column][\/vc_row][vc_row][vc_column offset=&#8221;vc_hidden-lg vc_hidden-md&#8221;][vc_custom_heading text=&#8221;CURSO PR\u00c1CTICO ONLINE&#8221; font_container=&#8221;tag:h1|font_size:40px|text_align:center|color:%234a5613&#8243; google_fonts=&#8221;font_family:Raleway%3A100%2C200%2C300%2Cregular%2C500%2C600%2C700%2C800%2C900|font_style:400%20regular%3A400%3Anormal&#8221;][vc_custom_heading text=&#8221;Sistemas de pago por generaci\u00f3n&#8221; font_container=&#8221;tag:h2|font_size:25px|text_align:center|color:%23c2ce28&#8243; google_fonts=&#8221;font_family:Raleway%3A100%2C200%2C300%2Cregular%2C500%2C600%2C700%2C800%2C900|font_style:400%20regular%3A400%3Anormal&#8221;][vc_custom_heading text=&#8221;* Un viernes de cada mes, de 8:30 a 10:30.&#8221; font_container=&#8221;tag:h2|font_size:15px|text_align:center|color:%234a5613&#8243; google_fonts=&#8221;font_family:Raleway%3A100%2C200%2C300%2Cregular%2C500%2C600%2C700%2C800%2C900|font_style:400%20regular%3A400%3Anormal&#8221;][vc_single_image image=&#8221;4441&#8243; img_size=&#8221;medium&#8221; alignment=&#8221;center&#8221;][vc_custom_heading text=&#8221;Conducido por Maria Calaf&#8221; font_container=&#8221;tag:h2|font_size:20px|text_align:center|color:%234a5613&#8243; google_fonts=&#8221;font_family:Raleway%3A100%2C200%2C300%2Cregular%2C500%2C600%2C700%2C800%2C900|font_style:400%20regular%3A400%3Anormal&#8221;]<div class=\"clearboth\"><\/div><div class=\"sc-divider sc-divider-style-2\" style=\"border-color: #c2ce28;\"><\/div>[\/vc_column][\/vc_row][vc_row css=&#8221;.vc_custom_1706768728513{margin-top: 10% !important;margin-bottom: 10% !important;}&#8221;][vc_column width=&#8221;1\/3&#8243;][vc_custom_heading text=&#8221;1. SESI\u00d3N &#8211; 16 d Febrero&#8221; font_container=&#8221;tag:h2|text_align:center|color:%234a5613&#8243; google_fonts=&#8221;font_family:Raleway%3A100%2C200%2C300%2Cregular%2C500%2C600%2C700%2C800%2C900|font_style:400%20regular%3A400%3Anormal&#8221;][vc_column_text]INTRODUCCI\u00d3N A LOS SISTEMAS DE PXG, REQUERIMIENTOS T\u00c9CNICOS Y TECNOL\u00d3GICOS DE LOS SISTEMAS DE RECOGIDA DE RESIDUOS[\/vc_column_text][vc_column_text]<\/p>\n<ul>\n<li>Marco normativo de referencia<\/li>\n<li>Modalidades de PxG vinculadas al modelo de recogida<\/li>\n<li>Tecnolog\u00edas de identificaci\u00f3n vinculadas al modelo de recogida<\/li>\n<li>Elecci\u00f3n del modelo de PxG<\/li>\n<li>Comparativa de las tecnolog\u00edas de identificaci\u00f3n (pros y contras)<\/li>\n<li>Comparativa de los modelos de Tasa Justa (PaP o contenedores inteligentes)<\/li>\n<\/ul>\n<p>[\/vc_column_text][\/vc_column][vc_column width=&#8221;1\/3&#8243;][vc_custom_heading text=&#8221;2. SESI\u00d3N &#8211; 15 de Marzo&#8221; font_container=&#8221;tag:h2|text_align:center|color:%234a5613&#8243; google_fonts=&#8221;font_family:Raleway%3A100%2C200%2C300%2Cregular%2C500%2C600%2C700%2C800%2C900|font_style:400%20regular%3A400%3Anormal&#8221;][vc_column_text]ESTUDIO DEL BALANCE ECON\u00d3MICO DEL SISTEMA INTRODUCCI\u00d3N A LAS TASAS DE RESIDUOS. C\u00d3MO ESTABLECER EL EQUILIBRIO ECON\u00d3MICO EN LA RECAUDACI\u00d3N.[\/vc_column_text][vc_column_text]<\/p>\n<ul>\n<li>Identificaci\u00f3n de los costas e ingresos del sistema de PxG<\/li>\n<li>Introducci\u00f3n a las tasas de residuos (precios p\u00fablicos y\/o prestaciones patrimoniales de car\u00e1cter no tributario).<\/li>\n<li>Tipo de tasa: parte general \/ parte variable seg\u00fan modelo de recogida<br \/>\n(esquemas de establecimiento)<\/li>\n<li>Distribuci\u00f3n de costos (domicilios \/ comercios).. recaudaci\u00f3n establecida<\/li>\n<li>Bonificaciones sociales y ambientales sobre la tasa de residuos<\/li>\n<li>Actualizaci\u00f3n peri\u00f3dica de la tasa<\/li>\n<\/ul>\n<p>[\/vc_column_text][\/vc_column][vc_column width=&#8221;1\/3&#8243;][vc_custom_heading text=&#8221;3. SESI\u00d3N &#8211; 12 de Abril&#8221; font_container=&#8221;tag:h2|text_align:center|color:%234a5613&#8243; google_fonts=&#8221;font_family:Raleway%3A100%2C200%2C300%2Cregular%2C500%2C600%2C700%2C800%2C900|font_style:400%20regular%3A400%3Anormal&#8221;][vc_column_text]BALANCE DE FLUJOS, CUESTIONES LOG\u00cdSTICAS, USOS FRAUDULENTOS DEL SISTEMA, CASOS PR\u00c1CTICOS DE SISTEMAS PxG IMPLANTADOS.[\/vc_column_text][vc_column_text]<\/p>\n<ul>\n<li>Cambios estimados en el balance de flujos de residuos<\/li>\n<li>Aspectos log\u00edsticos Y organizativos a tener en cuenta en la implantaci\u00f3n (\u00e1reas de emergencia, punto limpio, segundas residencias, pa\u00f1ales)<\/li>\n<li>Usos fraudulentos del sistema (turismo de residuos, impropios, etc.)<\/li>\n<li>4 casos pr\u00e1cticos (15 min por caso).<\/li>\n<\/ul>\n<p>[\/vc_column_text][\/vc_column][\/vc_row][vc_row][vc_column width=&#8221;1\/3&#8243;][vc_custom_heading text=&#8221;4. SESI\u00d3N &#8211; 3 de Mayo&#8221; font_container=&#8221;tag:h2|text_align:center|color:%234a5613&#8243; google_fonts=&#8221;font_family:Raleway%3A100%2C200%2C300%2Cregular%2C500%2C600%2C700%2C800%2C900|font_style:400%20regular%3A400%3Anormal&#8221;][vc_column_text]SESI\u00d3N PR\u00c1CTICA PARA LA ELECCI\u00d3N DEL MODELO DE PAGO POR GENERACI\u00d3N.[\/vc_column_text][vc_column_text]<\/p>\n<ul>\n<li>Se plantear\u00eda la creaci\u00f3n de grupos de trabajo interno, formados por entes locales de caracter\u00edsticas similares, y se propondr\u00eda la realizaci\u00f3n de una propuesta pr\u00e1ctica de implementaci\u00f3n de un modelo de Tasa Justa. Se pedir\u00eda espec\u00edficamente la cumplimentaci\u00f3n de una serie de campos describiendo el modelo (sistema de individualizaci\u00f3n, fracciones gravadas\/ bonificadas), estructura de la tasa (distribuci\u00f3n parte general\/variable), propuesta de establecimiento de cuotas (valores unitarios\/por rangos), c\u00f3mo gestionar diversas casu\u00edsticas (compostaje, no participaci\u00f3n, pa\u00f1ales, pisos vac\u00edos, segunda residencia, etc.)<\/li>\n<\/ul>\n<p>[\/vc_column_text][\/vc_column][vc_column width=&#8221;1\/3&#8243;][vc_custom_heading text=&#8221;5. SESI\u00d3N &#8211; 7 de Junio&#8221; font_container=&#8221;tag:h2|text_align:center|color:%234a5613&#8243; google_fonts=&#8221;font_family:Raleway%3A100%2C200%2C300%2Cregular%2C500%2C600%2C700%2C800%2C900|font_style:400%20regular%3A400%3Anormal&#8221;][vc_column_text]GESTI\u00d3N DE DATOS DE LA TECNOLOG\u00cdA PROTECCI\u00d3N DE DATOS PERSONALES. ASPECTOS LEGALES.[\/vc_column_text][vc_column_text]<\/p>\n<ul>\n<li>Gesti\u00f3n de los datos recogidos por la tecnolog\u00edas<\/li>\n<li>Protecci\u00f3n de datos personales<\/li>\n<li>Aspectos legales a tener en cuenta en la implantaci\u00f3n (OM, OF e informe t\u00e9cnico-econ\u00f3mico)\n<ul>\n<li>a) Recomendaciones de c\u00f3mo articular la nueva OF<\/li>\n<li>b) Recomendaciones de c\u00f3mo estructurar la memoria econ\u00f3mica (informe t\u00e9cnico-econ\u00f3mico)<\/li>\n<\/ul>\n<\/li>\n<\/ul>\n<p>[\/vc_column_text][\/vc_column][vc_column width=&#8221;1\/3&#8243;][vc_custom_heading text=&#8221;6. SESI\u00d3N &#8211; 28 de Junio&#8221; font_container=&#8221;tag:h2|text_align:center|color:%234a5613&#8243; google_fonts=&#8221;font_family:Raleway%3A100%2C200%2C300%2Cregular%2C500%2C600%2C700%2C800%2C900|font_style:400%20regular%3A400%3Anormal&#8221;][vc_column_text]SESI\u00d3N PR\u00c1CTICA PARA REALIZAR LA REDACCI\u00d3N DE LA ORDENANZA FISCAL Y DE LA MEMORIA ECON\u00d3MICA[\/vc_column_text][vc_column_text]<\/p>\n<ul>\n<li>Partiendo del trabajo realizado en la sesi\u00f3n pr\u00e1ctica primera, se plantear\u00eda la realizaci\u00f3n de de una sesi\u00f3n pr\u00e1ctica para plasmar las decisiones tomadas de configuraci\u00f3n del sistema de PxG\/BxP en la redacci\u00f3n de la ordenanza fiscal y la memoria econ\u00f3mica (informe t\u00e9cnico-econ\u00f3mico)<\/li>\n<\/ul>\n<p>[\/vc_column_text][\/vc_column][\/vc_row][vc_row][vc_column width=&#8221;1\/3&#8243;][\/vc_column][vc_column width=&#8221;1\/3&#8243;][vc_custom_heading text=&#8221;7. SESI\u00d3N &#8211; 13 de Septiembre&#8221; font_container=&#8221;tag:h2|text_align:center|color:%234a5613&#8243; google_fonts=&#8221;font_family:Raleway%3A100%2C200%2C300%2Cregular%2C500%2C600%2C700%2C800%2C900|font_style:400%20regular%3A400%3Anormal&#8221;][vc_column_text]ARTICULACI\u00d3N DE LA RECAUDACI\u00d3N. MEDIDAS DE CONCIENCIACI\u00d3N CIUDADANA PARA LA IMPLEMENTACI\u00d3N. GESTI\u00d3N DEL PUNTO LIMPIO \/ COMPOSTAJE COMUNITARIO[\/vc_column_text][vc_column_text]<\/p>\n<ul>\n<li>Articulaci\u00f3n del mecanismo de recaudaci\u00f3n de la tasa<\/li>\n<li>Medidas de concienciaci\u00f3n ciudadanas relevantes para la implantaci\u00f3n<\/li>\n<li>Posibilidades de mejorar la gesti\u00f3n del punto limpio, del compostaje comunitario<\/li>\n<\/ul>\n<p>[\/vc_column_text][\/vc_column][vc_column width=&#8221;1\/3&#8243;][\/vc_column][\/vc_row][vc_row css=&#8221;.vc_custom_1705917444642{margin-top: 10% !important;margin-right: 10% !important;margin-left: 10% !important;}&#8221;][vc_column offset=&#8221;vc_hidden-lg vc_hidden-md vc_hidden-sm vc_hidden-xs&#8221;][vc_message]<\/p>\n<h5>Gratis para los y las t\u00e9cnicas municipales miembros de Hobeki. Representantes y t\u00e9cnicos municipales de otras instituciones locales 350 \u20ac. Los y las miembros de las instituciones locales que muestren inter\u00e9s por ser miembros de Hobeki tambi\u00e9n tendr\u00e1n la posibilidad de recibir el curso gratis.<\/h5>\n<p>[\/vc_message][vc_empty_space height=&#8221;50px&#8221;][vc_custom_heading text=&#8221;Inscribirse&#8221; font_container=&#8221;tag:h2|text_align:center|color:%234a5613&#8243; google_fonts=&#8221;font_family:Raleway%3A100%2C200%2C300%2Cregular%2C500%2C600%2C700%2C800%2C900|font_style:400%20regular%3A400%3Anormal&#8221;][vc_raw_html]JTVCZm9ybWluYXRvcl9mb3JtJTIwaWQlM0QlMjI0NDExJTIyJTVE[\/vc_raw_html][\/vc_column][\/vc_row]<\/p>\n<\/section>","protected":false},"excerpt":{"rendered":"<p>[vc_row][vc_column offset=&#8221;vc_hidden-xs&#8221;][vc_custom_heading text=&#8221;CURSO PR\u00c1CTICO ONLINE&#8221; font_container=&#8221;tag:h1|text_align:center|color:%234a5613&#8243; google_fonts=&#8221;font_family:Raleway%3A100%2C200%2C300%2Cregular%2C500%2C600%2C700%2C800%2C900|font_style:400%20regular%3A400%3Anormal&#8221;][vc_custom_heading text=&#8221;Sistemas de pago por generaci\u00f3n&#8221; font_container=&#8221;tag:h3|text_align:center|color:%23c2ce28&#8243; google_fonts=&#8221;font_family:Raleway%3A100%2C200%2C300%2Cregular%2C500%2C600%2C700%2C800%2C900|font_style:400%20regular%3A400%3Anormal&#8221;][vc_custom_heading text=&#8221;* Un viernes de cada mes, de 8:30 a 10:30.&#8221; font_container=&#8221;tag:h2|font_size:20px|text_align:center|color:%234a5613&#8243; google_fonts=&#8221;font_family:Raleway%3A100%2C200%2C300%2Cregular%2C500%2C600%2C700%2C800%2C900|font_style:400%20regular%3A400%3Anormal&#8221;][vc_row_inner][vc_column_inner][vc_single_image image=&#8221;4441&#8243; img_size=&#8221;medium&#8221; alignment=&#8221;center&#8221;][vc_custom_heading text=&#8221;Conducido por Maria Calaf&#8221; font_container=&#8221;tag:h2|text_align:center|color:%234a5613&#8243; google_fonts=&#8221;font_family:Raleway%3A100%2C200%2C300%2Cregular%2C500%2C600%2C700%2C800%2C900|font_style:400%20regular%3A400%3Anormal&#8221;][\/vc_column_inner][\/vc_row_inner][\/vc_column][\/vc_row][vc_row][vc_column offset=&#8221;vc_hidden-lg vc_hidden-md&#8221;][vc_custom_heading text=&#8221;CURSO PR\u00c1CTICO ONLINE&#8221; font_container=&#8221;tag:h1|font_size:40px|text_align:center|color:%234a5613&#8243; google_fonts=&#8221;font_family:Raleway%3A100%2C200%2C300%2Cregular%2C500%2C600%2C700%2C800%2C900|font_style:400%20regular%3A400%3Anormal&#8221;][vc_custom_heading text=&#8221;Sistemas de pago por generaci\u00f3n&#8221; font_container=&#8221;tag:h2|font_size:25px|text_align:center|color:%23c2ce28&#8243; google_fonts=&#8221;font_family:Raleway%3A100%2C200%2C300%2Cregular%2C500%2C600%2C700%2C800%2C900|font_style:400%20regular%3A400%3Anormal&#8221;][vc_custom_heading text=&#8221;* Un viernes de cada mes, de&#8230;<\/p>\n","protected":false},"author":1,"featured_media":0,"parent":0,"menu_order":107,"comment_status":"closed","ping_status":"closed","template":"","meta":{"footnotes":""},"class_list":["post-4493","page","type-page","status-publish","hentry"],"aioseo_notices":[],"_links":{"self":[{"href":"https:\/\/hobekielkartea.eus\/es\/wp-json\/wp\/v2\/pages\/4493","targetHints":{"allow":["GET"]}}],"collection":[{"href":"https:\/\/hobekielkartea.eus\/es\/wp-json\/wp\/v2\/pages"}],"about":[{"href":"https:\/\/hobekielkartea.eus\/es\/wp-json\/wp\/v2\/types\/page"}],"author":[{"embeddable":true,"href":"https:\/\/hobekielkartea.eus\/es\/wp-json\/wp\/v2\/users\/1"}],"replies":[{"embeddable":true,"href":"https:\/\/hobekielkartea.eus\/es\/wp-json\/wp\/v2\/comments?post=4493"}],"version-history":[{"count":6,"href":"https:\/\/hobekielkartea.eus\/es\/wp-json\/wp\/v2\/pages\/4493\/revisions"}],"predecessor-version":[{"id":4635,"href":"https:\/\/hobekielkartea.eus\/es\/wp-json\/wp\/v2\/pages\/4493\/revisions\/4635"}],"wp:attachment":[{"href":"https:\/\/hobekielkartea.eus\/es\/wp-json\/wp\/v2\/media?parent=4493"}],"curies":[{"name":"wp","href":"https:\/\/api.w.org\/{rel}","templated":true}]}}