{"id":4853,"date":"2024-07-09T19:41:26","date_gmt":"2024-07-09T18:41:26","guid":{"rendered":"https:\/\/hobekielkartea.eus\/?page_id=4853"},"modified":"2024-07-09T19:44:53","modified_gmt":"2024-07-09T18:44:53","slug":"sistemas-de-pago-por-generacion-sesion-6-practica","status":"publish","type":"page","link":"https:\/\/hobekielkartea.eus\/es\/sistemas-de-pago-por-generacion-sesion-6-practica\/","title":{"rendered":"Sistemas de pago por generaci\u00f3n &#8211; Sesi\u00f3n 6 PR\u00c1CTICA"},"content":{"rendered":"<section class=\"wpb-content-wrapper\"><p>[vc_row][vc_column][vc_custom_heading text=&#8221;Curso sistemas de pago por generaci\u00f3n&#8221; font_container=&#8221;tag:h1|text_align:center|color:%23c2ce28&#8243; google_fonts=&#8221;font_family:Raleway%3A100%2C200%2C300%2Cregular%2C500%2C600%2C700%2C800%2C900|font_style:400%20regular%3A400%3Anormal&#8221;][vc_custom_heading text=&#8221;Sesi\u00f3n 6 &#8211; PR\u00c1CTICA&#8221; font_container=&#8221;tag:h3|text_align:center|color:%23c2ce28&#8243; google_fonts=&#8221;font_family:Raleway%3A100%2C200%2C300%2Cregular%2C500%2C600%2C700%2C800%2C900|font_style:400%20regular%3A400%3Anormal&#8221;][vc_column_text]<\/p>\n<h4 style=\"text-align: center;\">SESI\u00d3N PR\u00c1CTICA PARA REALIZAR LA REDACCI\u00d3N DE LA ORDENANZA FISCAL Y DE LA MEMORIA ECON\u00d3MICA<\/h4>\n<p>[\/vc_column_text][vc_column_text css=&#8221;.vc_custom_1719290450793{margin-right: 20% !important;margin-left: 20% !important;}&#8221;]<\/p>\n<div class=\"wpb_text_column wpb_content_element \">\n<div class=\"wpb_wrapper\">\n<ul>\n<li>Partiendo del trabajo realizado en la sesi\u00f3n pr\u00e1ctica primera, se plantear\u00eda la realizaci\u00f3n de de una sesi\u00f3n pr\u00e1ctica para plasmar las decisiones tomadas de configuraci\u00f3n del sistema de PxG\/BxP en la redacci\u00f3n de la ordenanza fiscal y la memoria econ\u00f3mica (informe t\u00e9cnico-econ\u00f3mico)<\/li>\n<\/ul>\n<\/div>\n<\/div>\n<p>[\/vc_column_text][vc_column_text css=&#8221;.vc_custom_1720550478680{margin-top: 10% !important;}&#8221;]<div class=\"epyt-video-wrapper\"><iframe  id=\"_ytid_44167\"  width=\"1170\" height=\"658\"  data-origwidth=\"1170\" data-origheight=\"658\" src=\"https:\/\/www.youtube.com\/embed\/dyE1MusVPic?enablejsapi=1&autoplay=0&cc_load_policy=0&cc_lang_pref=&iv_load_policy=1&loop=0&rel=1&fs=1&playsinline=0&autohide=2&theme=dark&color=red&controls=1&disablekb=0&\" class=\"__youtube_prefs__  no-lazyload\" title=\"YouTube player\"  allow=\"fullscreen; accelerometer; autoplay; clipboard-write; encrypted-media; gyroscope; picture-in-picture; web-share\" referrerpolicy=\"strict-origin-when-cross-origin\" allowfullscreen data-no-lazy=\"1\" data-skipgform_ajax_framebjll=\"\"><\/iframe><\/div>[\/vc_column_text][\/vc_column][\/vc_row][vc_row][vc_column][vc_separator color=&#8221;custom&#8221; style=&#8221;double&#8221; border_width=&#8221;3&#8243; accent_color=&#8221;#4a5613&#8243; css=&#8221;.vc_custom_1707813659387{margin-top: 5% !important;}&#8221;][\/vc_column][\/vc_row][vc_row][vc_column][vc_tta_accordion title_tag=&#8221;h3&#8243; section_title_tag=&#8221;h2&#8243; active_section=&#8221;1&#8243;][vc_tta_section i_icon_fontawesome=&#8221;fas fa-book&#8221; add_icon=&#8221;true&#8221; title=&#8221;DOCUMENTACI\u00d3N&#8221; tab_id=&#8221;1719312857822-1b01924c-2f9e&#8221;][vc_row_inner][vc_column_inner width=&#8221;1\/3&#8243;][\/vc_column_inner][vc_column_inner width=&#8221;1\/3&#8243;][vc_icon icon_fontawesome=&#8221;fas fa-book&#8221; color=&#8221;custom&#8221; background_style=&#8221;rounded&#8221; background_color=&#8221;custom&#8221; size=&#8221;xl&#8221; align=&#8221;center&#8221; custom_color=&#8221;#ffffff&#8221; custom_background_color=&#8221;#4a5613&#8243; link=&#8221;url:https%3A%2F%2Fhobekielkartea.eus%2Fwp-content%2Fuploads%2F2024%2F07%2FEXCELLEKO-TAULA-BETETZEKO-BEHARREZKO-DIREN-DATUAK.docx&#8221;][vc_custom_heading text=&#8221;Datos necesarios para rellenar la tabla de Excell&#8221; font_container=&#8221;tag:h2|font_size:20px|text_align:center|color:%23c2ce28&#8243; google_fonts=&#8221;font_family:Raleway%3A100%2C200%2C300%2Cregular%2C500%2C600%2C700%2C800%2C900|font_style:400%20regular%3A400%3Anormal&#8221; link=&#8221;url:https%3A%2F%2Fhobekielkartea.eus%2Fwp-content%2Fuploads%2F2024%2F07%2FEXCELLEKO-TAULA-BETETZEKO-BEHARREZKO-DIREN-DATUAK.docx&#8221;][\/vc_column_inner][vc_column_inner width=&#8221;1\/3&#8243;][\/vc_column_inner][\/vc_row_inner][\/vc_tta_section][\/vc_tta_accordion][\/vc_column][\/vc_row][vc_row][vc_column width=&#8221;1\/3&#8243;][\/vc_column][vc_column width=&#8221;1\/3&#8243;][\/vc_column][vc_column width=&#8221;1\/3&#8243;][\/vc_column][\/vc_row]<\/p>\n<\/section>","protected":false},"excerpt":{"rendered":"<p>[vc_row][vc_column][vc_custom_heading text=&#8221;Curso sistemas de pago por generaci\u00f3n&#8221; font_container=&#8221;tag:h1|text_align:center|color:%23c2ce28&#8243; google_fonts=&#8221;font_family:Raleway%3A100%2C200%2C300%2Cregular%2C500%2C600%2C700%2C800%2C900|font_style:400%20regular%3A400%3Anormal&#8221;][vc_custom_heading text=&#8221;Sesi\u00f3n 6 &#8211; PR\u00c1CTICA&#8221; font_container=&#8221;tag:h3|text_align:center|color:%23c2ce28&#8243; google_fonts=&#8221;font_family:Raleway%3A100%2C200%2C300%2Cregular%2C500%2C600%2C700%2C800%2C900|font_style:400%20regular%3A400%3Anormal&#8221;][vc_column_text] SESI\u00d3N PR\u00c1CTICA PARA REALIZAR LA REDACCI\u00d3N DE LA ORDENANZA FISCAL Y DE LA MEMORIA ECON\u00d3MICA [\/vc_column_text][vc_column_text css=&#8221;.vc_custom_1719290450793{margin-right: 20% !important;margin-left: 20% !important;}&#8221;] Partiendo del trabajo realizado en la sesi\u00f3n pr\u00e1ctica primera, se plantear\u00eda la realizaci\u00f3n de de una sesi\u00f3n pr\u00e1ctica para plasmar&#8230;<\/p>\n","protected":false},"author":1,"featured_media":0,"parent":0,"menu_order":81,"comment_status":"closed","ping_status":"closed","template":"","meta":{"footnotes":""},"class_list":["post-4853","page","type-page","status-publish","hentry"],"aioseo_notices":[],"_links":{"self":[{"href":"https:\/\/hobekielkartea.eus\/es\/wp-json\/wp\/v2\/pages\/4853","targetHints":{"allow":["GET"]}}],"collection":[{"href":"https:\/\/hobekielkartea.eus\/es\/wp-json\/wp\/v2\/pages"}],"about":[{"href":"https:\/\/hobekielkartea.eus\/es\/wp-json\/wp\/v2\/types\/page"}],"author":[{"embeddable":true,"href":"https:\/\/hobekielkartea.eus\/es\/wp-json\/wp\/v2\/users\/1"}],"replies":[{"embeddable":true,"href":"https:\/\/hobekielkartea.eus\/es\/wp-json\/wp\/v2\/comments?post=4853"}],"version-history":[{"count":2,"href":"https:\/\/hobekielkartea.eus\/es\/wp-json\/wp\/v2\/pages\/4853\/revisions"}],"predecessor-version":[{"id":4858,"href":"https:\/\/hobekielkartea.eus\/es\/wp-json\/wp\/v2\/pages\/4853\/revisions\/4858"}],"wp:attachment":[{"href":"https:\/\/hobekielkartea.eus\/es\/wp-json\/wp\/v2\/media?parent=4853"}],"curies":[{"name":"wp","href":"https:\/\/api.w.org\/{rel}","templated":true}]}}