{"id":6307,"date":"2025-05-26T13:07:13","date_gmt":"2025-05-26T12:07:13","guid":{"rendered":"https:\/\/hobekielkartea.eus\/?page_id=6307"},"modified":"2025-11-21T13:26:02","modified_gmt":"2025-11-21T12:26:02","slug":"2025-cursos-elaboracion-del-decalogo-de-prevencion-y-reutilizacion-municipal","status":"publish","type":"page","link":"https:\/\/hobekielkartea.eus\/es\/2025-cursos-elaboracion-del-decalogo-de-prevencion-y-reutilizacion-municipal\/","title":{"rendered":"2025 Cursos &#8211; 2 &#8211; Elaboraci\u00f3n del dec\u00e1logo de prevenci\u00f3n y reutilizaci\u00f3n municipal"},"content":{"rendered":"\t\t<div data-elementor-type=\"wp-page\" data-elementor-id=\"6307\" class=\"elementor elementor-6307\">\n\t\t\t\t<div class=\"elementor-element elementor-element-bd8fe8d e-con-full e-flex e-con e-parent\" data-id=\"bd8fe8d\" data-element_type=\"container\" data-settings=\"{&quot;background_background&quot;:&quot;classic&quot;,&quot;shape_divider_bottom&quot;:&quot;clouds&quot;}\">\n\t\t\t\t<div class=\"elementor-shape elementor-shape-bottom\" aria-hidden=\"true\" data-negative=\"false\">\n\t\t\t<svg xmlns=\"http:\/\/www.w3.org\/2000\/svg\" viewBox=\"0 0 283.5 27.8\" preserveAspectRatio=\"xMidYMax slice\">\n  <path class=\"elementor-shape-fill\" d=\"M0 0v6.7c1.9-.8 4.7-1.4 8.5-1 9.5 1.1 11.1 6 11.1 6s2.1-.7 4.3-.2c2.1.5 2.8 2.6 2.8 2.6s.2-.5 1.4-.7c1.2-.2 1.7.2 1.7.2s0-2.1 1.9-2.8c1.9-.7 3.6.7 3.6.7s.7-2.9 3.1-4.1 4.7 0 4.7 0 1.2-.5 2.4 0 1.7 1.4 1.7 1.4h1.4c.7 0 1.2.7 1.2.7s.8-1.8 4-2.2c3.5-.4 5.3 2.4 6.2 4.4.4-.4 1-.7 1.8-.9 2.8-.7 4 .7 4 .7s1.7-5 11.1-6c9.5-1.1 12.3 3.9 12.3 3.9s1.2-4.8 5.7-5.7c4.5-.9 6.8 1.8 6.8 1.8s.6-.6 1.5-.9c.9-.2 1.9-.2 1.9-.2s5.2-6.4 12.6-3.3c7.3 3.1 4.7 9 4.7 9s1.9-.9 4 0 2.8 2.4 2.8 2.4 1.9-1.2 4.5-1.2 4.3 1.2 4.3 1.2.2-1 1.4-1.7 2.1-.7 2.1-.7-.5-3.1 2.1-5.5 5.7-1.4 5.7-1.4 1.5-2.3 4.2-1.1c2.7 1.2 1.7 5.2 1.7 5.2s.3-.1 1.3.5c.5.4.8.8.9 1.1.5-1.4 2.4-5.8 8.4-4 7.1 2.1 3.5 8.9 3.5 8.9s.8-.4 2 0 1.1 1.1 1.1 1.1 1.1-1.1 2.3-1.1 2.1.5 2.1.5 1.9-3.6 6.2-1.2 1.9 6.4 1.9 6.4 2.6-2.4 7.4 0c3.4 1.7 3.9 4.9 3.9 4.9s3.3-6.9 10.4-7.9 11.5 2.6 11.5 2.6.8 0 1.2.2c.4.2.9.9.9.9s4.4-3.1 8.3.2c1.9 1.7 1.5 5 1.5 5s.3-1.1 1.6-1.4c1.3-.3 2.3.2 2.3.2s-.1-1.2.5-1.9 1.9-.9 1.9-.9-4.7-9.3 4.4-13.4c5.6-2.5 9.2.9 9.2.9s5-6.2 15.9-6.2 16.1 8.1 16.1 8.1.7-.2 1.6-.4V0H0z\"\/>\n<\/svg>\n\t\t<\/div>\n\t\t\t\t<div class=\"elementor-element elementor-element-5798aec2 elementor-widget elementor-widget-heading\" data-id=\"5798aec2\" data-element_type=\"widget\" data-widget_type=\"heading.default\">\n\t\t\t\t<div class=\"elementor-widget-container\">\n\t\t\t\t\t<h2 class=\"elementor-heading-title elementor-size-default\">FORMACI\u00d3N ONLINE 2025<\/h2>\t\t\t\t<\/div>\n\t\t\t\t<\/div>\n\t\t\t\t<div class=\"elementor-element elementor-element-44047834 elementor-widget elementor-widget-text-editor\" data-id=\"44047834\" data-element_type=\"widget\" data-widget_type=\"text-editor.default\">\n\t\t\t\t<div class=\"elementor-widget-container\">\n\t\t\t\t\t\t\t\t\t<div id=\"translation_text\">\n<div class=\"jumbotron-text\">\n<div class=\"row\">\n<div class=\"col-md-12 col-xs-12\">Elaboraci\u00f3n del dec\u00e1logo de prevenci\u00f3n y reutilizaci\u00f3n municipal<\/div>\n<\/div>\n<\/div>\n<\/div>\t\t\t\t\t\t\t\t<\/div>\n\t\t\t\t<\/div>\n\t\t\t\t<\/div>\n\t\t<div class=\"elementor-element elementor-element-aa3efab e-flex e-con-boxed e-con e-child\" data-id=\"aa3efab\" data-element_type=\"container\">\n\t\t\t\t\t<div class=\"e-con-inner\">\n\t\t<div class=\"elementor-element elementor-element-60762a0 e-con-full e-flex e-con e-child\" data-id=\"60762a0\" data-element_type=\"container\">\n\t\t<div class=\"elementor-element elementor-element-1d826f6 e-con-full e-flex e-con e-child\" data-id=\"1d826f6\" data-element_type=\"container\">\n\t\t\t\t<div class=\"elementor-element elementor-element-fa8db30 elementor-widget elementor-widget-image\" data-id=\"fa8db30\" data-element_type=\"widget\" data-widget_type=\"image.default\">\n\t\t\t\t<div class=\"elementor-widget-container\">\n\t\t\t\t\t\t\t\t\t\t\t\t\t\t\t<img fetchpriority=\"high\" decoding=\"async\" width=\"300\" height=\"300\" src=\"https:\/\/hobekielkartea.eus\/wp-content\/uploads\/2025\/05\/Elena_Diez-300x300.jpg\" class=\"attachment-medium size-medium wp-image-6138\" alt=\"\" srcset=\"https:\/\/hobekielkartea.eus\/wp-content\/uploads\/2025\/05\/Elena_Diez-300x300.jpg 300w, https:\/\/hobekielkartea.eus\/wp-content\/uploads\/2025\/05\/Elena_Diez-150x150.jpg 150w, https:\/\/hobekielkartea.eus\/wp-content\/uploads\/2025\/05\/Elena_Diez-768x768.jpg 768w, https:\/\/hobekielkartea.eus\/wp-content\/uploads\/2025\/05\/Elena_Diez-256x256.jpg 256w, https:\/\/hobekielkartea.eus\/wp-content\/uploads\/2025\/05\/Elena_Diez.jpg 846w\" sizes=\"(max-width: 300px) 100vw, 300px\" \/>\t\t\t\t\t\t\t\t\t\t\t\t\t\t\t<\/div>\n\t\t\t\t<\/div>\n\t\t\t\t<\/div>\n\t\t<div class=\"elementor-element elementor-element-0a56ac9 e-con-full e-flex e-con e-child\" data-id=\"0a56ac9\" data-element_type=\"container\">\n\t\t\t\t<div class=\"elementor-element elementor-element-8e734ce elementor-widget elementor-widget-heading\" data-id=\"8e734ce\" data-element_type=\"widget\" data-widget_type=\"heading.default\">\n\t\t\t\t<div class=\"elementor-widget-container\">\n\t\t\t\t\t<h2 class=\"elementor-heading-title elementor-size-default\">Impartido por Elena D\u00edez<\/h2>\t\t\t\t<\/div>\n\t\t\t\t<\/div>\n\t\t\t\t<div class=\"elementor-element elementor-element-55a0c5b elementor-widget elementor-widget-heading\" data-id=\"55a0c5b\" data-element_type=\"widget\" data-widget_type=\"heading.default\">\n\t\t\t\t<div class=\"elementor-widget-container\">\n\t\t\t\t\t<h2 class=\"elementor-heading-title elementor-size-default\">Pedagoga<\/h2>\t\t\t\t<\/div>\n\t\t\t\t<\/div>\n\t\t\t\t<div class=\"elementor-element elementor-element-13ff915 elementor-widget elementor-widget-text-editor\" data-id=\"13ff915\" data-element_type=\"widget\" data-widget_type=\"text-editor.default\">\n\t\t\t\t<div class=\"elementor-widget-container\">\n\t\t\t\t\t\t\t\t\tTiene amplia experiencia en la direcci\u00f3n y coordinaci\u00f3n de proyectos de educaci\u00f3n ambiental y de gesti\u00f3n y prevenci\u00f3n de residuos municipales, as\u00ed como de diversos procesos participativos. Ha sido responsable del dise\u00f1o y la implantaci\u00f3n de la recogida de la fracci\u00f3n org\u00e1nica, de recogidas puerta a puerta y de los servicios de punto verde y punto verde m\u00f3vil en varios municipios catalanes. Ha elaborado planes de prevenci\u00f3n de residuos municipales, estudios y pruebas piloto en la implantaci\u00f3n de sistemas de dep\u00f3sito, devoluci\u00f3n y retorno de envases.\n\nActualmente, es la responsable del desarrollo de estrategias para generar nuevos clientes y servicios y tambi\u00e9n para mejorar los procesos internos. Asimismo, coordina todas las direcciones y supervisa algunos proyectos.\t\t\t\t\t\t\t\t<\/div>\n\t\t\t\t<\/div>\n\t\t\t\t<\/div>\n\t\t\t\t<\/div>\n\t\t\t\t<div class=\"elementor-element elementor-element-1eba396 elementor-widget-divider--view-line elementor-widget elementor-widget-divider\" data-id=\"1eba396\" data-element_type=\"widget\" data-widget_type=\"divider.default\">\n\t\t\t\t<div class=\"elementor-widget-container\">\n\t\t\t\t\t\t\t<div class=\"elementor-divider\">\n\t\t\t<span class=\"elementor-divider-separator\">\n\t\t\t\t\t\t<\/span>\n\t\t<\/div>\n\t\t\t\t\t\t<\/div>\n\t\t\t\t<\/div>\n\t\t\t\t\t<\/div>\n\t\t\t\t<\/div>\n\t\t<div class=\"elementor-element elementor-element-26fc98e0 e-con-full e-flex e-con e-parent\" data-id=\"26fc98e0\" data-element_type=\"container\">\n\t\t<div class=\"elementor-element elementor-element-7dfbf49d e-con-full e-flex e-con e-child\" data-id=\"7dfbf49d\" data-element_type=\"container\">\n\t\t<div class=\"elementor-element elementor-element-100d8d81 e-con-full e-flex e-con e-child\" data-id=\"100d8d81\" data-element_type=\"container\">\n\t\t<div class=\"elementor-element elementor-element-3c5e0669 e-con-full e-flex e-con e-child\" data-id=\"3c5e0669\" data-element_type=\"container\">\n\t\t<div class=\"elementor-element elementor-element-7a8d30ec e-con-full e-flex e-con e-child\" data-id=\"7a8d30ec\" data-element_type=\"container\">\n\t\t<div class=\"elementor-element elementor-element-257cf90b e-con-full e-flex e-con e-child\" data-id=\"257cf90b\" data-element_type=\"container\">\n\t\t\t\t<div class=\"elementor-element elementor-element-1093976b elementor-widget elementor-widget-heading\" data-id=\"1093976b\" data-element_type=\"widget\" data-widget_type=\"heading.default\">\n\t\t\t\t<div class=\"elementor-widget-container\">\n\t\t\t\t\t<h4 class=\"elementor-heading-title elementor-size-default\">1. SESI\u00d3N<\/h4>\t\t\t\t<\/div>\n\t\t\t\t<\/div>\n\t\t\t\t<div class=\"elementor-element elementor-element-480c0835 elementor-widget elementor-widget-text-editor\" data-id=\"480c0835\" data-element_type=\"widget\" data-widget_type=\"text-editor.default\">\n\t\t\t\t<div class=\"elementor-widget-container\">\n\t\t\t\t\t\t\t\t\t<ul><li>Presentaci\u00f3n de los objetivos generales del programa<\/li><li>Recordatorio contexto prevenci\u00f3n y reutilizaci\u00f3n<\/li><li>Planificaci\u00f3n estrat\u00e9gica de medidas de prevenci\u00f3n y reutilizaci\u00f3n<\/li><li>Din\u00e1mica participativa: instrumentos municipales para la implantaci\u00f3n de medidas de pre-<br \/>venci\u00f3n y reutilizaci\u00f3n<\/li><li>Presentaci\u00f3n de las l\u00edneas estrat\u00e9gicas y tem\u00e1ticas a desarrollar en las siguientes sesiones<\/li><\/ul>\t\t\t\t\t\t\t\t<\/div>\n\t\t\t\t<\/div>\n\t\t\t\t<div class=\"elementor-element elementor-element-795e31c elementor-align-center elementor-widget elementor-widget-button\" data-id=\"795e31c\" data-element_type=\"widget\" data-widget_type=\"button.default\">\n\t\t\t\t<div class=\"elementor-widget-container\">\n\t\t\t\t\t\t\t\t\t<div class=\"elementor-button-wrapper\">\n\t\t\t\t\t<a class=\"elementor-button elementor-button-link elementor-size-sm\" href=\"https:\/\/hobekielkartea.eus\/es\/elaboracion-del-decalogo-de-prevencion-y-reutilizacion-municipal-1-sesion\/\">\n\t\t\t\t\t\t<span class=\"elementor-button-content-wrapper\">\n\t\t\t\t\t\t\t\t\t<span class=\"elementor-button-text\">ENTRAR<\/span>\n\t\t\t\t\t<\/span>\n\t\t\t\t\t<\/a>\n\t\t\t\t<\/div>\n\t\t\t\t\t\t\t\t<\/div>\n\t\t\t\t<\/div>\n\t\t\t\t<\/div>\n\t\t<div class=\"elementor-element elementor-element-268fbd1b e-con-full e-flex e-con e-child\" data-id=\"268fbd1b\" data-element_type=\"container\">\n\t\t\t\t<div class=\"elementor-element elementor-element-5a936ad elementor-widget elementor-widget-heading\" data-id=\"5a936ad\" data-element_type=\"widget\" data-widget_type=\"heading.default\">\n\t\t\t\t<div class=\"elementor-widget-container\">\n\t\t\t\t\t<h4 class=\"elementor-heading-title elementor-size-default\">2. SESI\u00d3N<\/h4>\t\t\t\t<\/div>\n\t\t\t\t<\/div>\n\t\t\t\t<div class=\"elementor-element elementor-element-f155afc elementor-widget elementor-widget-text-editor\" data-id=\"f155afc\" data-element_type=\"widget\" data-widget_type=\"text-editor.default\">\n\t\t\t\t<div class=\"elementor-widget-container\">\n\t\t\t\t\t\t\t\t\t<ul><li>Presentaci\u00f3n de los objetivos y din\u00e1mica de la sesi\u00f3n<\/li><li>Prevenci\u00f3n y reutilizaci\u00f3n en eventos y fiestas y de reducci\u00f3n de envases de un solo uso<\/li><li>Presentaci\u00f3n de ejemplos y buenas pr\u00e1cticas<\/li><li>Din\u00e1mica participativa sobre medidas a impulsar, barreras y oportunidades, costes, agentes\u00a0 a involucrar,&#8230;<\/li><li>Conclusiones y aprendizajes de la sesi\u00f3n<\/li><\/ul>\t\t\t\t\t\t\t\t<\/div>\n\t\t\t\t<\/div>\n\t\t\t\t<div class=\"elementor-element elementor-element-c805b76 elementor-align-center elementor-widget elementor-widget-button\" data-id=\"c805b76\" data-element_type=\"widget\" data-widget_type=\"button.default\">\n\t\t\t\t<div class=\"elementor-widget-container\">\n\t\t\t\t\t\t\t\t\t<div class=\"elementor-button-wrapper\">\n\t\t\t\t\t<a class=\"elementor-button elementor-button-link elementor-size-sm\" href=\"https:\/\/hobekielkartea.eus\/es\/elaboracion-del-decalogo-de-prevencion-y-reutilizacion-municipal-sesion-2\/\">\n\t\t\t\t\t\t<span class=\"elementor-button-content-wrapper\">\n\t\t\t\t\t\t\t\t\t<span class=\"elementor-button-text\">ENTRAR<\/span>\n\t\t\t\t\t<\/span>\n\t\t\t\t\t<\/a>\n\t\t\t\t<\/div>\n\t\t\t\t\t\t\t\t<\/div>\n\t\t\t\t<\/div>\n\t\t\t\t<\/div>\n\t\t<div class=\"elementor-element elementor-element-12b1d789 e-con-full e-flex e-con e-child\" data-id=\"12b1d789\" data-element_type=\"container\">\n\t\t\t\t<div class=\"elementor-element elementor-element-67dffb2d elementor-widget elementor-widget-heading\" data-id=\"67dffb2d\" data-element_type=\"widget\" data-widget_type=\"heading.default\">\n\t\t\t\t<div class=\"elementor-widget-container\">\n\t\t\t\t\t<h4 class=\"elementor-heading-title elementor-size-default\">3. SESI\u00d3N<\/h4>\t\t\t\t<\/div>\n\t\t\t\t<\/div>\n\t\t\t\t<div class=\"elementor-element elementor-element-5344cd57 elementor-widget elementor-widget-text-editor\" data-id=\"5344cd57\" data-element_type=\"widget\" data-widget_type=\"text-editor.default\">\n\t\t\t\t<div class=\"elementor-widget-container\">\n\t\t\t\t\t\t\t\t\t<ul><li><p>Presentaci\u00f3n de los objetivos y din\u00e1mica de la sesi\u00f3n<\/p><\/li><li><p>Prevenci\u00f3n cuantitativa y cualitativa de los residuos del textil sanitario e impulso de alternativas reutilizables<\/p><\/li><li><p>Presentaci\u00f3n de ejemplos y buenas pr\u00e1cticas<\/p><\/li><li><p>Din\u00e1mica participativa sobre medidas a impulsar, barreras y oportunidades, costes, agentes a involucrar,&#8230;<\/p><\/li><li><p>Conclusiones y aprendizajes de la sesi\u00f3n<\/p><\/li><\/ul>\t\t\t\t\t\t\t\t<\/div>\n\t\t\t\t<\/div>\n\t\t\t\t<div class=\"elementor-element elementor-element-c257ad8 elementor-align-center elementor-widget elementor-widget-button\" data-id=\"c257ad8\" data-element_type=\"widget\" data-widget_type=\"button.default\">\n\t\t\t\t<div class=\"elementor-widget-container\">\n\t\t\t\t\t\t\t\t\t<div class=\"elementor-button-wrapper\">\n\t\t\t\t\t<a class=\"elementor-button elementor-button-link elementor-size-sm\" href=\"https:\/\/hobekielkartea.eus\/es\/elaboracion-del-decalogo-de-prevencion-y-reutilizacion-municipal-sesion-3\/\">\n\t\t\t\t\t\t<span class=\"elementor-button-content-wrapper\">\n\t\t\t\t\t\t\t\t\t<span class=\"elementor-button-text\">ENTRAR<\/span>\n\t\t\t\t\t<\/span>\n\t\t\t\t\t<\/a>\n\t\t\t\t<\/div>\n\t\t\t\t\t\t\t\t<\/div>\n\t\t\t\t<\/div>\n\t\t\t\t<\/div>\n\t\t\t\t<\/div>\n\t\t\t\t<div class=\"elementor-element elementor-element-604b46a elementor-widget elementor-widget-spacer\" data-id=\"604b46a\" data-element_type=\"widget\" data-widget_type=\"spacer.default\">\n\t\t\t\t<div class=\"elementor-widget-container\">\n\t\t\t\t\t\t\t<div class=\"elementor-spacer\">\n\t\t\t<div class=\"elementor-spacer-inner\"><\/div>\n\t\t<\/div>\n\t\t\t\t\t\t<\/div>\n\t\t\t\t<\/div>\n\t\t<div class=\"elementor-element elementor-element-69c9da77 e-con-full e-flex e-con e-child\" data-id=\"69c9da77\" data-element_type=\"container\">\n\t\t<div class=\"elementor-element elementor-element-7939469d e-con-full e-flex e-con e-child\" data-id=\"7939469d\" data-element_type=\"container\">\n\t\t\t\t<div class=\"elementor-element elementor-element-13ce294 elementor-widget elementor-widget-heading\" data-id=\"13ce294\" data-element_type=\"widget\" data-widget_type=\"heading.default\">\n\t\t\t\t<div class=\"elementor-widget-container\">\n\t\t\t\t\t<h4 class=\"elementor-heading-title elementor-size-default\">4. SESI\u00d3N<\/h4>\t\t\t\t<\/div>\n\t\t\t\t<\/div>\n\t\t\t\t<div class=\"elementor-element elementor-element-3fc7c416 elementor-widget elementor-widget-text-editor\" data-id=\"3fc7c416\" data-element_type=\"widget\" data-widget_type=\"text-editor.default\">\n\t\t\t\t<div class=\"elementor-widget-container\">\n\t\t\t\t\t\t\t\t\t<ul><li><p>Presentaci\u00f3n de los objetivos y din\u00e1mica de la sesi\u00f3n<\/p><\/li><li><p>Prevenci\u00f3n y reutilizaci\u00f3n de dos grandes flujos: despilfarro alimentario y material construcci\u00f3n<\/p><\/li><li><p>Presentaci\u00f3n de ejemplos y buenas pr\u00e1cticas<\/p><\/li><li><p>Din\u00e1mica participativa sobre medidas a impulsar, barreras y oportunidades, costes, agentes a involucrar,&#8230;<\/p><\/li><li><p>Conclusiones y aprendizajes de la sesi\u00f3n<\/p><\/li><\/ul>\t\t\t\t\t\t\t\t<\/div>\n\t\t\t\t<\/div>\n\t\t\t\t<div class=\"elementor-element elementor-element-6f3b5e0 elementor-align-center elementor-widget elementor-widget-button\" data-id=\"6f3b5e0\" data-element_type=\"widget\" data-widget_type=\"button.default\">\n\t\t\t\t<div class=\"elementor-widget-container\">\n\t\t\t\t\t\t\t\t\t<div class=\"elementor-button-wrapper\">\n\t\t\t\t\t<a class=\"elementor-button elementor-button-link elementor-size-sm\" href=\"https:\/\/hobekielkartea.eus\/es\/elaboracion-del-decalogo-de-prevencion-y-reutilizacion-municipal-sesion-4\/\">\n\t\t\t\t\t\t<span class=\"elementor-button-content-wrapper\">\n\t\t\t\t\t\t\t\t\t<span class=\"elementor-button-text\">ENTRAR<\/span>\n\t\t\t\t\t<\/span>\n\t\t\t\t\t<\/a>\n\t\t\t\t<\/div>\n\t\t\t\t\t\t\t\t<\/div>\n\t\t\t\t<\/div>\n\t\t\t\t<\/div>\n\t\t<div class=\"elementor-element elementor-element-14221877 e-con-full e-flex e-con e-child\" data-id=\"14221877\" data-element_type=\"container\">\n\t\t\t\t<div class=\"elementor-element elementor-element-46db051f elementor-widget elementor-widget-heading\" data-id=\"46db051f\" data-element_type=\"widget\" data-widget_type=\"heading.default\">\n\t\t\t\t<div class=\"elementor-widget-container\">\n\t\t\t\t\t<h4 class=\"elementor-heading-title elementor-size-default\">5. SESI\u00d3N<\/h4>\t\t\t\t<\/div>\n\t\t\t\t<\/div>\n\t\t\t\t<div class=\"elementor-element elementor-element-3a68d197 elementor-widget elementor-widget-text-editor\" data-id=\"3a68d197\" data-element_type=\"widget\" data-widget_type=\"text-editor.default\">\n\t\t\t\t<div class=\"elementor-widget-container\">\n\t\t\t\t\t\t\t\t\t<ul><li>Presentaci\u00f3n de los objetivos y din\u00e1mica de la sesi\u00f3n<\/li><li>Reutilizaci\u00f3n y reparaci\u00f3n de productos<\/li><li>Presentaci\u00f3n de ejemplos y buenas pr\u00e1cticas<\/li><li>Din\u00e1mica participativa sobre medidas a impulsar, barreras y oportunidades, costes, agentes a involucrar,&#8230;<\/li><li>Conclusiones y aprendizajes de la sesi\u00f3n<\/li><\/ul>\t\t\t\t\t\t\t\t<\/div>\n\t\t\t\t<\/div>\n\t\t\t\t<div class=\"elementor-element elementor-element-6b4b0e1 elementor-align-center elementor-widget elementor-widget-button\" data-id=\"6b4b0e1\" data-element_type=\"widget\" data-widget_type=\"button.default\">\n\t\t\t\t<div class=\"elementor-widget-container\">\n\t\t\t\t\t\t\t\t\t<div class=\"elementor-button-wrapper\">\n\t\t\t\t\t<a class=\"elementor-button elementor-button-link elementor-size-sm\" href=\"https:\/\/hobekielkartea.eus\/es\/udalentzat-hondakinen-prebentzioko-eta-berrerabilpeneko-dekalogoa-osatzea-5-saioa\/\">\n\t\t\t\t\t\t<span class=\"elementor-button-content-wrapper\">\n\t\t\t\t\t\t\t\t\t<span class=\"elementor-button-text\">ENTRAR<\/span>\n\t\t\t\t\t<\/span>\n\t\t\t\t\t<\/a>\n\t\t\t\t<\/div>\n\t\t\t\t\t\t\t\t<\/div>\n\t\t\t\t<\/div>\n\t\t\t\t<\/div>\n\t\t<div class=\"elementor-element elementor-element-6844d47e e-con-full e-flex e-con e-child\" data-id=\"6844d47e\" data-element_type=\"container\">\n\t\t\t\t<div class=\"elementor-element elementor-element-536f43a9 elementor-widget elementor-widget-heading\" data-id=\"536f43a9\" data-element_type=\"widget\" data-widget_type=\"heading.default\">\n\t\t\t\t<div class=\"elementor-widget-container\">\n\t\t\t\t\t<h4 class=\"elementor-heading-title elementor-size-default\">6. SESI\u00d3N<\/h4>\t\t\t\t<\/div>\n\t\t\t\t<\/div>\n\t\t\t\t<div class=\"elementor-element elementor-element-65958b7c elementor-widget elementor-widget-text-editor\" data-id=\"65958b7c\" data-element_type=\"widget\" data-widget_type=\"text-editor.default\">\n\t\t\t\t<div class=\"elementor-widget-container\">\n\t\t\t\t\t\t\t\t\t<ul><li>Presentaci\u00f3n de los objetivos y din\u00e1mica de la sesi\u00f3n<\/li><li>Presentaci\u00f3n de propuestas de medidas de prevenci\u00f3n y reutilizaci\u00f3n<\/li><li>Debate y consenso del dec\u00e1logo<\/li><li>Conclusiones y aprendizajes generales del programa<\/li><\/ul>\t\t\t\t\t\t\t\t<\/div>\n\t\t\t\t<\/div>\n\t\t\t\t<div class=\"elementor-element elementor-element-de0e26a elementor-align-center elementor-widget elementor-widget-button\" data-id=\"de0e26a\" data-element_type=\"widget\" data-widget_type=\"button.default\">\n\t\t\t\t<div class=\"elementor-widget-container\">\n\t\t\t\t\t\t\t\t\t<div class=\"elementor-button-wrapper\">\n\t\t\t\t\t<a class=\"elementor-button elementor-button-link elementor-size-sm\" href=\"https:\/\/hobekielkartea.eus\/es\/elaboracion-del-decalogo-de-prevencion-y-reutilizacion-municipal-sesion-6\/\">\n\t\t\t\t\t\t<span class=\"elementor-button-content-wrapper\">\n\t\t\t\t\t\t\t\t\t<span class=\"elementor-button-text\">ENTRAR<\/span>\n\t\t\t\t\t<\/span>\n\t\t\t\t\t<\/a>\n\t\t\t\t<\/div>\n\t\t\t\t\t\t\t\t<\/div>\n\t\t\t\t<\/div>\n\t\t\t\t<\/div>\n\t\t\t\t<\/div>\n\t\t\t\t<\/div>\n\t\t\t\t<\/div>\n\t\t\t\t<\/div>\n\t\t\t\t<\/div>\n\t\t\t\t<\/div>\n\t\t","protected":false},"excerpt":{"rendered":"<p>FORMACI\u00d3N ONLINE 2025 Elaboraci\u00f3n del dec\u00e1logo de prevenci\u00f3n y reutilizaci\u00f3n municipal Impartido por Elena D\u00edez Pedagoga Tiene amplia experiencia en la direcci\u00f3n y coordinaci\u00f3n de proyectos de educaci\u00f3n ambiental y de gesti\u00f3n y prevenci\u00f3n de residuos municipales, as\u00ed como de diversos procesos participativos. Ha sido responsable del dise\u00f1o y la implantaci\u00f3n de la recogida de la&#8230;<\/p>\n","protected":false},"author":1,"featured_media":0,"parent":0,"menu_order":34,"comment_status":"closed","ping_status":"closed","template":"elementor_header_footer","meta":{"footnotes":""},"class_list":["post-6307","page","type-page","status-publish","hentry"],"aioseo_notices":[],"_links":{"self":[{"href":"https:\/\/hobekielkartea.eus\/es\/wp-json\/wp\/v2\/pages\/6307","targetHints":{"allow":["GET"]}}],"collection":[{"href":"https:\/\/hobekielkartea.eus\/es\/wp-json\/wp\/v2\/pages"}],"about":[{"href":"https:\/\/hobekielkartea.eus\/es\/wp-json\/wp\/v2\/types\/page"}],"author":[{"embeddable":true,"href":"https:\/\/hobekielkartea.eus\/es\/wp-json\/wp\/v2\/users\/1"}],"replies":[{"embeddable":true,"href":"https:\/\/hobekielkartea.eus\/es\/wp-json\/wp\/v2\/comments?post=6307"}],"version-history":[{"count":43,"href":"https:\/\/hobekielkartea.eus\/es\/wp-json\/wp\/v2\/pages\/6307\/revisions"}],"predecessor-version":[{"id":7328,"href":"https:\/\/hobekielkartea.eus\/es\/wp-json\/wp\/v2\/pages\/6307\/revisions\/7328"}],"wp:attachment":[{"href":"https:\/\/hobekielkartea.eus\/es\/wp-json\/wp\/v2\/media?parent=6307"}],"curies":[{"name":"wp","href":"https:\/\/api.w.org\/{rel}","templated":true}]}}