{"id":6983,"date":"2025-10-10T12:53:04","date_gmt":"2025-10-10T11:53:04","guid":{"rendered":"https:\/\/hobekielkartea.eus\/?page_id=6983"},"modified":"2025-10-10T13:24:10","modified_gmt":"2025-10-10T12:24:10","slug":"udalentzat-hondakinen-prebentzioko-eta-berrerabilpeneko-dekalogoa-osatzea-5-saioa","status":"publish","type":"page","link":"https:\/\/hobekielkartea.eus\/es\/udalentzat-hondakinen-prebentzioko-eta-berrerabilpeneko-dekalogoa-osatzea-5-saioa\/","title":{"rendered":"Udalentzat hondakinen prebentzioko eta berrerabilpeneko dekalogoa osatzea &#8211; 5. SAIOA"},"content":{"rendered":"\t\t<div data-elementor-type=\"wp-page\" data-elementor-id=\"6983\" class=\"elementor elementor-6983\">\n\t\t\t\t<div class=\"elementor-element elementor-element-fdc0030 e-flex e-con-boxed e-con e-parent\" data-id=\"fdc0030\" data-element_type=\"container\">\n\t\t\t\t\t<div class=\"e-con-inner\">\n\t\t\t\t<div class=\"elementor-element elementor-element-59734245 elementor-widget elementor-widget-heading\" data-id=\"59734245\" data-element_type=\"widget\" data-widget_type=\"heading.default\">\n\t\t\t\t<div class=\"elementor-widget-container\">\n\t\t\t\t\t<h2 class=\"elementor-heading-title elementor-size-default\">Elaboraci\u00f3n del dec\u00e1logo de prevenci\u00f3n y reutilizaci\u00f3n municipal<\/h2>\t\t\t\t<\/div>\n\t\t\t\t<\/div>\n\t\t\t\t<div class=\"elementor-element elementor-element-114ddc75 elementor-widget elementor-widget-heading\" data-id=\"114ddc75\" data-element_type=\"widget\" data-widget_type=\"heading.default\">\n\t\t\t\t<div class=\"elementor-widget-container\">\n\t\t\t\t\t<h2 class=\"elementor-heading-title elementor-size-default\">SESI\u00d3N 5<\/h2>\t\t\t\t<\/div>\n\t\t\t\t<\/div>\n\t\t\t\t<div class=\"elementor-element elementor-element-e990d5f elementor-widget elementor-widget-text-editor\" data-id=\"e990d5f\" data-element_type=\"widget\" data-widget_type=\"text-editor.default\">\n\t\t\t\t<div class=\"elementor-widget-container\">\n\t\t\t\t\t\t\t\t\t<p>\u2022 Presentaci\u00f3n de los objetivos y din\u00e1mica de la sesi\u00f3n<\/p><p>\u2022 Reutilizaci\u00f3n y reparaci\u00f3n de productos<\/p><p>\u2022 Presentaci\u00f3n de ejemplos y buenas pr\u00e1cticas<\/p><p>\u2022 Din\u00e1mica participativa sobre medidas a impulsar,<\/p><p>barreras y oportunidades, costes, agentes a involucrar,\u2026<\/p><p>\u2022 Conclusiones y aprendizajes de la sesi\u00f3n<\/p>\t\t\t\t\t\t\t\t<\/div>\n\t\t\t\t<\/div>\n\t\t\t\t<div class=\"elementor-element elementor-element-72cf681 elementor-widget elementor-widget-video\" data-id=\"72cf681\" data-element_type=\"widget\" data-settings=\"{&quot;youtube_url&quot;:&quot;https:\\\/\\\/youtu.be\\\/8AkVQQcY6tQ&quot;,&quot;video_type&quot;:&quot;youtube&quot;,&quot;controls&quot;:&quot;yes&quot;}\" data-widget_type=\"video.default\">\n\t\t\t\t<div class=\"elementor-widget-container\">\n\t\t\t\t\t\t\t<div class=\"elementor-wrapper elementor-open-inline\">\n\t\t\t<div class=\"elementor-video\"><\/div>\t\t<\/div>\n\t\t\t\t\t\t<\/div>\n\t\t\t\t<\/div>\n\t\t\t\t<div class=\"elementor-element elementor-element-53e93504 elementor-widget elementor-widget-n-accordion\" data-id=\"53e93504\" data-element_type=\"widget\" data-settings=\"{&quot;default_state&quot;:&quot;expanded&quot;,&quot;max_items_expended&quot;:&quot;one&quot;,&quot;n_accordion_animation_duration&quot;:{&quot;unit&quot;:&quot;ms&quot;,&quot;size&quot;:400,&quot;sizes&quot;:[]}}\" data-widget_type=\"nested-accordion.default\">\n\t\t\t\t<div class=\"elementor-widget-container\">\n\t\t\t\t\t\t\t<div class=\"e-n-accordion\" aria-label=\"Accordion. Open links with Enter or Space, close with Escape, and navigate with Arrow Keys\">\n\t\t\t\t\t\t<details id=\"e-n-accordion-item-1400\" class=\"e-n-accordion-item\" open>\n\t\t\t\t<summary class=\"e-n-accordion-item-title\" data-accordion-index=\"1\" tabindex=\"0\" aria-expanded=\"true\" aria-controls=\"e-n-accordion-item-1400\" >\n\t\t\t\t\t<span class='e-n-accordion-item-title-header'><div class=\"e-n-accordion-item-title-text\"> PRESENTACI\u00d3N <\/div><\/span>\n\t\t\t\t\t\t\t<span class='e-n-accordion-item-title-icon'>\n\t\t\t<span class='e-opened' ><svg aria-hidden=\"true\" class=\"e-font-icon-svg e-fas-minus\" viewBox=\"0 0 448 512\" xmlns=\"http:\/\/www.w3.org\/2000\/svg\"><path d=\"M416 208H32c-17.67 0-32 14.33-32 32v32c0 17.67 14.33 32 32 32h384c17.67 0 32-14.33 32-32v-32c0-17.67-14.33-32-32-32z\"><\/path><\/svg><\/span>\n\t\t\t<span class='e-closed'><svg aria-hidden=\"true\" class=\"e-font-icon-svg e-fas-plus\" viewBox=\"0 0 448 512\" xmlns=\"http:\/\/www.w3.org\/2000\/svg\"><path d=\"M416 208H272V64c0-17.67-14.33-32-32-32h-32c-17.67 0-32 14.33-32 32v144H32c-17.67 0-32 14.33-32 32v32c0 17.67 14.33 32 32 32h144v144c0 17.67 14.33 32 32 32h32c17.67 0 32-14.33 32-32V304h144c17.67 0 32-14.33 32-32v-32c0-17.67-14.33-32-32-32z\"><\/path><\/svg><\/span>\n\t\t<\/span>\n\n\t\t\t\t\t\t<\/summary>\n\t\t\t\t<div role=\"region\" aria-labelledby=\"e-n-accordion-item-1400\" class=\"elementor-element elementor-element-7c3e5aa2 e-con-full e-flex e-con e-child\" data-id=\"7c3e5aa2\" data-element_type=\"container\">\n\t\t<div role=\"region\" aria-labelledby=\"e-n-accordion-item-1400\" class=\"elementor-element elementor-element-4f9c6c68 e-flex e-con-boxed e-con e-child\" data-id=\"4f9c6c68\" data-element_type=\"container\">\n\t\t\t\t\t<div class=\"e-con-inner\">\n\t\t\t\t<div class=\"elementor-element elementor-element-1d7a0206 elementor-view-default elementor-widget elementor-widget-icon\" data-id=\"1d7a0206\" data-element_type=\"widget\" data-widget_type=\"icon.default\">\n\t\t\t\t<div class=\"elementor-widget-container\">\n\t\t\t\t\t\t\t<div class=\"elementor-icon-wrapper\">\n\t\t\t<a class=\"elementor-icon\" href=\"http:\/\/hobekielkartea.eus\/wp-content\/uploads\/2025\/10\/Presentacio_GRUP2_Elaboracion_decalogo_prevencion_reutilizacion_101025.pdf\">\n\t\t\t<svg aria-hidden=\"true\" class=\"e-font-icon-svg e-far-file-alt\" viewBox=\"0 0 384 512\" xmlns=\"http:\/\/www.w3.org\/2000\/svg\"><path d=\"M288 248v28c0 6.6-5.4 12-12 12H108c-6.6 0-12-5.4-12-12v-28c0-6.6 5.4-12 12-12h168c6.6 0 12 5.4 12 12zm-12 72H108c-6.6 0-12 5.4-12 12v28c0 6.6 5.4 12 12 12h168c6.6 0 12-5.4 12-12v-28c0-6.6-5.4-12-12-12zm108-188.1V464c0 26.5-21.5 48-48 48H48c-26.5 0-48-21.5-48-48V48C0 21.5 21.5 0 48 0h204.1C264.8 0 277 5.1 286 14.1L369.9 98c9 8.9 14.1 21.2 14.1 33.9zm-128-80V128h76.1L256 51.9zM336 464V176H232c-13.3 0-24-10.7-24-24V48H48v416h288z\"><\/path><\/svg>\t\t\t<\/a>\n\t\t<\/div>\n\t\t\t\t\t\t<\/div>\n\t\t\t\t<\/div>\n\t\t\t\t<div class=\"elementor-element elementor-element-69d2d87 elementor-widget elementor-widget-heading\" data-id=\"69d2d87\" data-element_type=\"widget\" data-widget_type=\"heading.default\">\n\t\t\t\t<div class=\"elementor-widget-container\">\n\t\t\t\t\t<h2 class=\"elementor-heading-title elementor-size-default\"><a href=\"http:\/\/hobekielkartea.eus\/wp-content\/uploads\/2025\/10\/Presentacio_GRUP2_Elaboracion_decalogo_prevencion_reutilizacion_101025.pdf\">PRESENTACI\u00d3N SESI\u00d3N 5<\/a><\/h2>\t\t\t\t<\/div>\n\t\t\t\t<\/div>\n\t\t\t\t\t<\/div>\n\t\t\t\t<\/div>\n\t\t\t\t<\/div>\n\t\t\t\t\t<\/details>\n\t\t\t\t\t<\/div>\n\t\t\t\t\t\t<\/div>\n\t\t\t\t<\/div>\n\t\t\t\t\t<\/div>\n\t\t\t\t<\/div>\n\t\t\t\t<\/div>\n\t\t","protected":false},"excerpt":{"rendered":"<p>Elaboraci\u00f3n del dec\u00e1logo de prevenci\u00f3n y reutilizaci\u00f3n municipal SESI\u00d3N 5 \u2022 Presentaci\u00f3n de los objetivos y din\u00e1mica de la sesi\u00f3n \u2022 Reutilizaci\u00f3n y reparaci\u00f3n de productos \u2022 Presentaci\u00f3n de ejemplos y buenas pr\u00e1cticas \u2022 Din\u00e1mica participativa sobre medidas a impulsar, barreras y oportunidades, costes, agentes a involucrar,\u2026 \u2022 Conclusiones y aprendizajes de la sesi\u00f3n https:\/\/youtu.be\/8AkVQQcY6tQ PRESENTACI\u00d3N&#8230;<\/p>\n","protected":false},"author":1,"featured_media":0,"parent":0,"menu_order":14,"comment_status":"closed","ping_status":"closed","template":"elementor_header_footer","meta":{"footnotes":""},"class_list":["post-6983","page","type-page","status-publish","hentry"],"aioseo_notices":[],"_links":{"self":[{"href":"https:\/\/hobekielkartea.eus\/es\/wp-json\/wp\/v2\/pages\/6983","targetHints":{"allow":["GET"]}}],"collection":[{"href":"https:\/\/hobekielkartea.eus\/es\/wp-json\/wp\/v2\/pages"}],"about":[{"href":"https:\/\/hobekielkartea.eus\/es\/wp-json\/wp\/v2\/types\/page"}],"author":[{"embeddable":true,"href":"https:\/\/hobekielkartea.eus\/es\/wp-json\/wp\/v2\/users\/1"}],"replies":[{"embeddable":true,"href":"https:\/\/hobekielkartea.eus\/es\/wp-json\/wp\/v2\/comments?post=6983"}],"version-history":[{"count":7,"href":"https:\/\/hobekielkartea.eus\/es\/wp-json\/wp\/v2\/pages\/6983\/revisions"}],"predecessor-version":[{"id":6994,"href":"https:\/\/hobekielkartea.eus\/es\/wp-json\/wp\/v2\/pages\/6983\/revisions\/6994"}],"wp:attachment":[{"href":"https:\/\/hobekielkartea.eus\/es\/wp-json\/wp\/v2\/media?parent=6983"}],"curies":[{"name":"wp","href":"https:\/\/api.w.org\/{rel}","templated":true}]}}