{"id":1956,"date":"2018-07-20T08:17:48","date_gmt":"2018-07-20T07:17:48","guid":{"rendered":"https:\/\/hobekielkartea.eus\/?page_id=1956"},"modified":"2018-07-20T08:17:48","modified_gmt":"2018-07-20T07:17:48","slug":"raison-detre","status":"publish","type":"page","link":"https:\/\/hobekielkartea.eus\/fr\/raison-detre\/","title":{"rendered":"Raison d\u2019\u00eatre"},"content":{"rendered":"<section class=\"wpb-content-wrapper\"><p>[vc_row][vc_column][vc_column_text]<\/p>\n<h1 style=\"text-align: center;\">Raison d\u2019\u00eatre<\/h1>\n<p>[\/vc_column_text][vc_empty_space][vc_single_image image=&#8221;1141&#8243; img_size=&#8221;full&#8221; alignment=&#8221;center&#8221;][\/vc_column][\/vc_row][vc_row][vc_column width=&#8221;1\/4&#8243;][\/vc_column][vc_column width=&#8221;1\/2&#8243;][vc_column_text]La gestion des d\u00e9chets est le reflet de notre mode de vie. Les mani\u00e8res de consommer, le lieu que nous occupons dans la structure sociale, notre relation avec l\u2019environnement, la mani\u00e8re dont nous comprenons le progr\u00e8s&#8230;toutes ces questions apparaissent quand nous analysons notre mani\u00e8re de g\u00e9rer les d\u00e9chets que nous produisons.<\/p>\n<p>Au Pays Basque, l\u2019\u00e9volution \u00e0 ce sujet a \u00e9t\u00e9 consid\u00e9rable ces derni\u00e8res ann\u00e9es. Nous avons pris conscience de l\u2019importance de ce sujet et, au jour d\u2019aujourd\u2019hui, presque personne ne met en cause le besoin d\u2019un traitement correct des d\u00e9chets. C\u2019est pour cela que les citoyen-ne-s et les organisations municipales sommes oblig\u00e9es \u00e0 agir avec responsabilit\u00e9.<\/p>\n<p>Dans ce contexte, il est constatable que les institutions ont rev\u00eatu leurs discours avec une terminologie soign\u00e9e: sant\u00e9, environnement, \u00e9conomie circulaire\u2026 sont certains des concepts les plus entendus. Cependant, au-del\u00e0 des discours vides, la pratique est bien diff\u00e9rente dans la majorit\u00e9 des cas.<\/p>\n<p>Euskal Herria ne dispose pas d\u2019une politique commune pour le traitement des d\u00e9chets, chaque territoire a son fonctionnement, et on a voulu obtenir un profit politique d\u2019un probl\u00e8me qui exige un engagement social. Souvent, les d\u00e9cisions qui ont pris le dessus ont \u00e9t\u00e9 contre-productives et erron\u00e9es, et ont favoris\u00e9 des tendances ponctuelles et des int\u00e9r\u00eats \u00e9conomiques. \u00c0 ce jour, la loi sur les d\u00e9chets est claire en ce qui concerne les principes qui doivent guider leur gestion\u00a0: le principe de hi\u00e9rarchie dans le traitement, la politique sur les tarifs et les prix, et les crit\u00e8res de transparence, entre autres. Quand ces principes ne sont pas appliqu\u00e9s, les discours d\u00e9pourvus de contenu deviennent confus, faux et nocifs.<\/p>\n<p>Devant ce genre d\u2019attitudes, les communes d\u2019Euskal Herria qui signons ce document voulons manifester notre total engagement avec une gestion des d\u00e9chets qui soit responsable et durable, dans la th\u00e9orie mais aussi dans la pratique. Les communes qui soutenons cette forme de travail avons d\u00e9cid\u00e9 de nous unir pour promouvoir la collaboration en faveur de l\u2019int\u00e9r\u00eat commun.[\/vc_column_text][vc_single_image image=&#8221;828&#8243; img_size=&#8221;full&#8221; alignment=&#8221;right&#8221;][\/vc_column][vc_column width=&#8221;1\/4&#8243;][\/vc_column][\/vc_row][vc_row full_width=&#8221;stretch_row&#8221; css=&#8221;.vc_custom_1526032421528{margin-bottom: 23% !important;background-color: #e7f2cb !important;}&#8221;][vc_column width=&#8221;1\/2&#8243; offset=&#8221;vc_hidden-xs&#8221;][vc_single_image image=&#8221;1205&#8243; alignment=&#8221;right&#8221;][\/vc_column][vc_column width=&#8221;1\/2&#8243; css=&#8221;.vc_custom_1526031975482{margin-top: 6% !important;}&#8221; offset=&#8221;vc_hidden-xs&#8221;]<a class=\"sc-button \"  href=\"https:\/\/hobekielkartea.eus\/dekalogoa\/\" target=\"_self\" style=\"color: #c2ce28;background-color: #4a5613;\">D\u00e9calogue<\/a>[\/vc_column][\/vc_row][vc_row full_width=&#8221;stretch_row&#8221; css=&#8221;.vc_custom_1526032346088{margin-bottom: -33% !important;background-color: #e7f2cb !important;}&#8221;][vc_column offset=&#8221;vc_hidden-lg vc_hidden-md vc_hidden-sm&#8221;][vc_single_image image=&#8221;1205&#8243; alignment=&#8221;center&#8221;]<div class=\"centered-box\"><a class=\"sc-button \"  href=\"https:\/\/hobekielkartea.eus\/dekalogoa\/\" target=\"_self\" style=\"color: #c2ce28;background-color: #4a5613;\">D\u00e9calogue<\/a><\/div>[vc_empty_space][\/vc_column][\/vc_row]<\/p>\n<\/section>","protected":false},"excerpt":{"rendered":"<p>[vc_row][vc_column][vc_column_text] Raison d\u2019\u00eatre [\/vc_column_text][vc_empty_space][vc_single_image image=&#8221;1141&#8243; img_size=&#8221;full&#8221; alignment=&#8221;center&#8221;][\/vc_column][\/vc_row][vc_row][vc_column width=&#8221;1\/4&#8243;][\/vc_column][vc_column width=&#8221;1\/2&#8243;][vc_column_text]La gestion des d\u00e9chets est le reflet de notre mode de vie. Les mani\u00e8res de consommer, le lieu que nous occupons dans la structure sociale, notre relation avec l\u2019environnement, la mani\u00e8re dont nous comprenons le progr\u00e8s&#8230;toutes ces questions apparaissent quand nous analysons notre mani\u00e8re de g\u00e9rer les d\u00e9chets&#8230;<\/p>\n","protected":false},"author":1,"featured_media":0,"parent":0,"menu_order":195,"comment_status":"closed","ping_status":"closed","template":"","meta":{"footnotes":""},"class_list":["post-1956","page","type-page","status-publish","hentry"],"aioseo_notices":[],"_links":{"self":[{"href":"https:\/\/hobekielkartea.eus\/fr\/wp-json\/wp\/v2\/pages\/1956","targetHints":{"allow":["GET"]}}],"collection":[{"href":"https:\/\/hobekielkartea.eus\/fr\/wp-json\/wp\/v2\/pages"}],"about":[{"href":"https:\/\/hobekielkartea.eus\/fr\/wp-json\/wp\/v2\/types\/page"}],"author":[{"embeddable":true,"href":"https:\/\/hobekielkartea.eus\/fr\/wp-json\/wp\/v2\/users\/1"}],"replies":[{"embeddable":true,"href":"https:\/\/hobekielkartea.eus\/fr\/wp-json\/wp\/v2\/comments?post=1956"}],"version-history":[{"count":2,"href":"https:\/\/hobekielkartea.eus\/fr\/wp-json\/wp\/v2\/pages\/1956\/revisions"}],"predecessor-version":[{"id":1958,"href":"https:\/\/hobekielkartea.eus\/fr\/wp-json\/wp\/v2\/pages\/1956\/revisions\/1958"}],"wp:attachment":[{"href":"https:\/\/hobekielkartea.eus\/fr\/wp-json\/wp\/v2\/media?parent=1956"}],"curies":[{"name":"wp","href":"https:\/\/api.w.org\/{rel}","templated":true}]}}