{"id":1965,"date":"2018-07-20T08:23:59","date_gmt":"2018-07-20T07:23:59","guid":{"rendered":"https:\/\/hobekielkartea.eus\/?page_id=1965"},"modified":"2022-07-21T11:04:48","modified_gmt":"2022-07-21T10:04:48","slug":"decalogue","status":"publish","type":"page","link":"https:\/\/hobekielkartea.eus\/fr\/decalogue\/","title":{"rendered":"D\u00e9calogue"},"content":{"rendered":"<section class=\"wpb-content-wrapper\"><p>[vc_row css=&#8221;.vc_custom_1658397882230{margin-top: 5% !important;margin-bottom: 5% !important;}&#8221;][vc_column][vc_column_text]<div class=\"epyt-video-wrapper\"><iframe  id=\"_ytid_46476\"  width=\"1170\" height=\"658\"  data-origwidth=\"1170\" data-origheight=\"658\" src=\"https:\/\/www.youtube.com\/embed\/lnMjylYRDHQ?enablejsapi=1&autoplay=0&cc_load_policy=0&cc_lang_pref=&iv_load_policy=1&loop=0&rel=1&fs=1&playsinline=0&autohide=2&theme=dark&color=red&controls=1&disablekb=0&\" class=\"__youtube_prefs__  no-lazyload\" title=\"YouTube player\"  allow=\"fullscreen; accelerometer; autoplay; clipboard-write; encrypted-media; gyroscope; picture-in-picture; web-share\" referrerpolicy=\"strict-origin-when-cross-origin\" allowfullscreen data-no-lazy=\"1\" data-skipgform_ajax_framebjll=\"\"><\/iframe><\/div>[\/vc_column_text][\/vc_column][\/vc_row][vc_row][vc_column][vc_column_text]<\/p>\n<h1 style=\"text-align: center;\">D\u00e9calogue<\/h1>\n<p>[\/vc_column_text][vc_separator color=&#8221;black&#8221; el_width=&#8221;60&#8243; css=&#8221;.vc_custom_1526028347553{margin-bottom: 5% !important;}&#8221;][\/vc_column][\/vc_row][vc_row css=&#8221;.vc_custom_1526027673526{margin-right: 10% !important;margin-left: 10% !important;}&#8221;][vc_column width=&#8221;1\/6&#8243; offset=&#8221;vc_hidden-xs&#8221;][vc_single_image image=&#8221;1027&#8243; img_size=&#8221;full&#8221;][\/vc_column][vc_column width=&#8221;4\/6&#8243;][vc_column_text css=&#8221;.vc_custom_1532071187277{margin-top: 4% !important;}&#8221;]<\/p>\n<p class=\"western\" lang=\"eu-ES\" align=\"justify\"><span style=\"font-size: medium; color: #4a5613;\">En ce qui concerne la gestion des d\u00e9chets, nous donnons la priorit\u00e9 \u00e0 la sant\u00e9 et \u00e0 l\u2019environnement. Il n\u2019existe pas de bonne gestion si celle-ci met en danger la sant\u00e9 des citoyen-ne-s et nuit \u00e0 l\u2019environnement. <\/span><\/p>\n<p>[\/vc_column_text][\/vc_column][vc_column width=&#8221;1\/6&#8243;][\/vc_column][\/vc_row][vc_row full_width=&#8221;stretch_row&#8221;][vc_column offset=&#8221;vc_hidden-lg vc_hidden-md vc_hidden-sm&#8221;][vc_single_image image=&#8221;1027&#8243; img_size=&#8221;full&#8221; alignment=&#8221;center&#8221;][vc_column_text]<\/p>\n<p class=\"western\" lang=\"eu-ES\" align=\"justify\"><span style=\"font-size: medium; color: #4a5613;\">En ce qui concerne la gestion des d\u00e9chets, nous donnons la priorit\u00e9 \u00e0 la sant\u00e9 et \u00e0 l\u2019environnement. Il n\u2019existe pas de bonne gestion si celle-ci met en danger la sant\u00e9 des citoyen-ne-s et nuit \u00e0 l\u2019environnement. <\/span><\/p>\n<p>[\/vc_column_text][\/vc_column][\/vc_row][vc_row css=&#8221;.vc_custom_1526027701482{margin-right: 10% !important;margin-left: 10% !important;background-color: #e7f2cb !important;}&#8221;][vc_column width=&#8221;1\/6&#8243; offset=&#8221;vc_hidden-xs&#8221;][vc_single_image image=&#8221;1028&#8243; img_size=&#8221;full&#8221; css=&#8221;.vc_custom_1526027932213{margin-top: 5% !important;}&#8221;][\/vc_column][vc_column width=&#8221;4\/6&#8243; offset=&#8221;vc_hidden-xs&#8221;][vc_column_text]<\/p>\n<p class=\"western\" lang=\"eu-ES\" align=\"justify\"><span style=\"font-size: medium;\">Il est essentiel que les citoyen-ne-s et les organisations municipales travaillent ensemble. Nous voulons souligner le caract\u00e8re collectif de ce projet et la n\u00e9cessit\u00e9 d\u2019un comportement honn\u00eate. S\u00e9parer correctement les d\u00e9chets est un devoir de toutes et de tous et g\u00e9rer efficacement ce qui a \u00e9t\u00e9 tri\u00e9 exige un savoir-faire de la part des institutions. En revanche, agir avec n\u00e9gligence et faute d\u2019int\u00e9r\u00eat n\u2019est le droit de personne. Nous devons adapter le co\u00fbt \u00e9conomique aux conduites, il n\u2019est pas tol\u00e9rable que ceux qui r\u00e9alisent une utilisation correcte et responsable de la gestion aient \u00e0 charger avec les d\u00e9penses r\u00e9alis\u00e9es en cons\u00e9quence de la n\u00e9gligence de certains.<\/span><\/p>\n<p>[\/vc_column_text][\/vc_column][vc_column width=&#8221;1\/6&#8243;][\/vc_column][\/vc_row][vc_row full_width=&#8221;stretch_row&#8221; css=&#8221;.vc_custom_1529575397611{background-color: #e7f2cb !important;}&#8221;][vc_column offset=&#8221;vc_hidden-lg vc_hidden-md vc_hidden-sm&#8221;][vc_single_image image=&#8221;1028&#8243; img_size=&#8221;full&#8221; alignment=&#8221;center&#8221;][vc_column_text]<\/p>\n<p class=\"western\" lang=\"eu-ES\" align=\"justify\"><span style=\"font-size: medium;\">Il est essentiel que les citoyen-ne-s et les organisations municipales travaillent ensemble. Nous voulons souligner le caract\u00e8re collectif de ce projet et la n\u00e9cessit\u00e9 d\u2019un comportement honn\u00eate. S\u00e9parer correctement les d\u00e9chets est un devoir de toutes et de tous et g\u00e9rer efficacement ce qui a \u00e9t\u00e9 tri\u00e9 exige un savoir-faire de la part des institutions. En revanche, agir avec n\u00e9gligence et faute d\u2019int\u00e9r\u00eat n\u2019est le droit de personne. Nous devons adapter le co\u00fbt \u00e9conomique aux conduites, il n\u2019est pas tol\u00e9rable que ceux qui r\u00e9alisent une utilisation correcte et responsable de la gestion aient \u00e0 charger avec les d\u00e9penses r\u00e9alis\u00e9es en cons\u00e9quence de la n\u00e9gligence de certains.<\/span><\/p>\n<p>[\/vc_column_text][\/vc_column][\/vc_row][vc_row css=&#8221;.vc_custom_1526027707844{margin-right: 10% !important;margin-left: 10% !important;}&#8221;][vc_column width=&#8221;1\/6&#8243; offset=&#8221;vc_hidden-xs&#8221;][vc_single_image image=&#8221;1029&#8243; img_size=&#8221;full&#8221;][\/vc_column][vc_column width=&#8221;4\/6&#8243; offset=&#8221;vc_hidden-xs&#8221;][vc_column_text css=&#8221;.vc_custom_1532071247189{margin-top: 2% !important;}&#8221;]<\/p>\n<p class=\"western\" lang=\"eu-ES\" align=\"justify\"><span style=\"font-size: medium;\">\u00c9manciper les citoyen-ne-s, c\u2019est, d\u2019un c\u00f4t\u00e9, leur offrir la possibilit\u00e9 d\u2019\u00eatre des agents actifs pendant tout le processus et, de l\u2019autre, les informer avec transparence du traitement que re\u00e7oivent les d\u00e9chets du d\u00e9but jusqu\u2019\u00e0 la fin. C\u2019est \u00e9galement leur offrir l\u2019opportunit\u00e9 de prendre part aux d\u00e9cisions qui sont prises \u00e0 ce sujet.<\/span><\/p>\n<p class=\"western\" lang=\"eu-ES\" align=\"justify\"><span style=\"font-size: medium;\">\u00a0<\/span><\/p>\n<p>[\/vc_column_text][\/vc_column][vc_column width=&#8221;1\/6&#8243;][\/vc_column][\/vc_row][vc_row][vc_column offset=&#8221;vc_hidden-lg vc_hidden-md vc_hidden-sm&#8221;][vc_single_image image=&#8221;1029&#8243; img_size=&#8221;full&#8221; alignment=&#8221;center&#8221;][vc_column_text]<\/p>\n<p class=\"western\" lang=\"eu-ES\" align=\"justify\"><span style=\"font-size: medium;\">\u00c9manciper les citoyen-ne-s, c\u2019est, d\u2019un c\u00f4t\u00e9, leur offrir la possibilit\u00e9 d\u2019\u00eatre des agents actifs pendant tout le processus et, de l\u2019autre, les informer avec transparence du traitement que re\u00e7oivent les d\u00e9chets du d\u00e9but jusqu\u2019\u00e0 la fin. C\u2019est \u00e9galement leur offrir l\u2019opportunit\u00e9 de prendre part aux d\u00e9cisions qui sont prises \u00e0 ce sujet.<\/span><\/p>\n<p>[\/vc_column_text][\/vc_column][\/vc_row][vc_row css=&#8221;.vc_custom_1526027714241{margin-right: 10% !important;margin-left: 10% !important;background-color: #e7f2cb !important;}&#8221;][vc_column width=&#8221;1\/6&#8243; offset=&#8221;vc_hidden-xs&#8221;][vc_single_image image=&#8221;1030&#8243; img_size=&#8221;full&#8221;][\/vc_column][vc_column width=&#8221;4\/6&#8243; offset=&#8221;vc_hidden-xs&#8221;][vc_column_text css=&#8221;.vc_custom_1532071269450{margin-top: 2% !important;}&#8221;]<\/p>\n<p class=\"western\" lang=\"eu-ES\" align=\"justify\"><span style=\"font-size: medium;\">La gestion des d\u00e9chets doit couvrir le cycle dans toute son extension de mani\u00e8re \u00e0 ce que le processus soit circulaire. Tout ce qui est produit doit revenir \u00e0 la nature sans entra\u00eener la moindre nuisance et, si possible, de mani\u00e8re \u00e0 ce qu\u2019on puisse en tirer profit.<\/span><\/p>\n<p>[\/vc_column_text][\/vc_column][vc_column width=&#8221;1\/6&#8243;][\/vc_column][\/vc_row][vc_row css=&#8221;.vc_custom_1517325836771{background-color: #e7f2cb !important;}&#8221;][vc_column offset=&#8221;vc_hidden-lg vc_hidden-md vc_hidden-sm&#8221;][vc_single_image image=&#8221;1030&#8243; img_size=&#8221;full&#8221; alignment=&#8221;center&#8221;][vc_column_text]<\/p>\n<p class=\"western\" lang=\"eu-ES\" align=\"justify\"><span style=\"font-size: medium;\">La gestion des d\u00e9chets doit couvrir le cycle dans toute son extension de mani\u00e8re \u00e0 ce que le processus soit circulaire. Tout ce qui est produit doit revenir \u00e0 la nature sans entra\u00eener la moindre nuisance et, si possible, de mani\u00e8re \u00e0 ce qu\u2019on puisse en tirer profit.<\/span><\/p>\n<p>[\/vc_column_text][\/vc_column][\/vc_row][vc_row css=&#8221;.vc_custom_1526027725759{margin-right: 10% !important;margin-left: 10% !important;}&#8221;][vc_column width=&#8221;1\/6&#8243; offset=&#8221;vc_hidden-xs&#8221;][vc_single_image image=&#8221;1031&#8243; img_size=&#8221;full&#8221;][\/vc_column][vc_column width=&#8221;4\/6&#8243; offset=&#8221;vc_hidden-xs&#8221;][vc_column_text css=&#8221;.vc_custom_1532071292627{margin-top: 3% !important;}&#8221;]<\/p>\n<p class=\"western\" lang=\"eu-ES\" align=\"justify\"><span style=\"font-size: medium;\">Nous prenons comme point de d\u00e9part de tous les traitements la r\u00e9duction des d\u00e9chets que nous produisons. Le meilleur d\u00e9chet est celui qui ne se produit pas. Nous devons am\u00e9liorer les mesures de pr\u00e9vention, toujours avec la ferme implication des institutions.<\/span><\/p>\n<p>[\/vc_column_text][\/vc_column][vc_column width=&#8221;1\/6&#8243;][\/vc_column][\/vc_row][vc_row][vc_column offset=&#8221;vc_hidden-lg vc_hidden-md vc_hidden-sm&#8221;][vc_single_image image=&#8221;1031&#8243; img_size=&#8221;full&#8221; alignment=&#8221;center&#8221;][vc_column_text]<\/p>\n<p class=\"western\" lang=\"eu-ES\" align=\"justify\"><span style=\"font-size: medium;\">Nous prenons comme point de d\u00e9part de tous les traitements la r\u00e9duction des d\u00e9chets que nous produisons. Le meilleur d\u00e9chet est celui qui ne se produit pas. Nous devons am\u00e9liorer les mesures de pr\u00e9vention, toujours avec la ferme implication des institutions.<\/span><\/p>\n<p>[\/vc_column_text][\/vc_column][\/vc_row][vc_row css=&#8221;.vc_custom_1526027733515{margin-right: 10% !important;margin-left: 10% !important;background-color: #e7f2cb !important;}&#8221;][vc_column width=&#8221;1\/6&#8243; offset=&#8221;vc_hidden-xs&#8221;][vc_single_image image=&#8221;1032&#8243; img_size=&#8221;full&#8221;][\/vc_column][vc_column width=&#8221;4\/6&#8243; offset=&#8221;vc_hidden-xs&#8221;][vc_column_text]<\/p>\n<p class=\"western\" lang=\"eu-ES\" align=\"justify\"><span style=\"font-size: medium;\">La collecte doit \u00eatre efficace et c\u2019est l\u00e0 que le mod\u00e8le de traitement que nous d\u00e9fendons a sa base. Tout ce qui est d\u00e9di\u00e9 \u00e0 cette fin est un investissement pour le futur. Le ramassage s\u00e9lectif suppose des progr\u00e8s quantitatifs et qualitatifs. Il est n\u00e9cessaire d\u2019analyser, d\u2019\u00e9valuer et d\u2019am\u00e9liorer en permanence les r\u00e9sultats du ramassage mais aussi d\u2019appliquer les mesures n\u00e9cessaires pour optimiser le processus.<\/span><\/p>\n<p>[\/vc_column_text][\/vc_column][vc_column width=&#8221;1\/6&#8243;][\/vc_column][\/vc_row][vc_row css=&#8221;.vc_custom_1517325846788{background-color: #e7f2cb !important;}&#8221;][vc_column offset=&#8221;vc_hidden-lg vc_hidden-md vc_hidden-sm&#8221;][vc_single_image image=&#8221;1032&#8243; img_size=&#8221;full&#8221; alignment=&#8221;center&#8221;][vc_column_text]<\/p>\n<p class=\"western\" lang=\"eu-ES\" align=\"justify\"><span style=\"font-size: medium;\">La collecte doit \u00eatre efficace et c\u2019est l\u00e0 que le mod\u00e8le de traitement que nous d\u00e9fendons a sa base. Tout ce qui est d\u00e9di\u00e9 \u00e0 cette fin est un investissement pour le futur. Le ramassage s\u00e9lectif suppose des progr\u00e8s quantitatifs et qualitatifs. Il est n\u00e9cessaire d\u2019analyser, d\u2019\u00e9valuer et d\u2019am\u00e9liorer en permanence les r\u00e9sultats du ramassage mais aussi d\u2019appliquer les mesures n\u00e9cessaires pour optimiser le processus.<\/span><\/p>\n<p>[\/vc_column_text][\/vc_column][\/vc_row][vc_row css=&#8221;.vc_custom_1526027739285{margin-right: 10% !important;margin-left: 10% !important;}&#8221;][vc_column width=&#8221;1\/6&#8243; offset=&#8221;vc_hidden-xs&#8221;][vc_single_image image=&#8221;1033&#8243; img_size=&#8221;full&#8221;][\/vc_column][vc_column width=&#8221;4\/6&#8243; offset=&#8221;vc_hidden-xs&#8221;][vc_column_text css=&#8221;.vc_custom_1532071335241{margin-top: 4% !important;}&#8221;]<\/p>\n<p class=\"western\" lang=\"eu-ES\" align=\"justify\"><span style=\"font-size: medium;\">La r\u00e9duction, la r\u00e9utilisation et le recyclage sont, dans cet ordre, les traitements \u00e0 prioriser.<\/span><\/p>\n<p>[\/vc_column_text][\/vc_column][vc_column width=&#8221;1\/6&#8243;][\/vc_column][\/vc_row][vc_row][vc_column offset=&#8221;vc_hidden-lg vc_hidden-md vc_hidden-sm&#8221;][vc_single_image image=&#8221;1033&#8243; img_size=&#8221;full&#8221; alignment=&#8221;center&#8221;][vc_column_text]<\/p>\n<p class=\"western\" lang=\"eu-ES\" align=\"justify\"><span style=\"font-size: medium;\">La r\u00e9duction, la r\u00e9utilisation et le recyclage sont, dans cet ordre, les traitements \u00e0 prioriser.<\/span><\/p>\n<p>[\/vc_column_text][\/vc_column][\/vc_row][vc_row css=&#8221;.vc_custom_1526027745972{margin-right: 10% !important;margin-left: 10% !important;background-color: #e7f2cb !important;}&#8221;][vc_column width=&#8221;1\/6&#8243; offset=&#8221;vc_hidden-xs&#8221;][vc_single_image image=&#8221;1034&#8243; img_size=&#8221;full&#8221;][\/vc_column][vc_column width=&#8221;4\/6&#8243; offset=&#8221;vc_hidden-xs&#8221;][vc_column_text]<\/p>\n<p class=\"western\" lang=\"eu-ES\" align=\"justify\"><span style=\"font-size: medium;\">Selon les directives marqu\u00e9es par l\u2019Europe, la valorisation mat\u00e9rielle doit \u00eatre plac\u00e9e au-dessus de la valorisation \u00e9nerg\u00e9tique. Les institutions europ\u00e9ennes ont clairement dit qu\u2019\u00e0 ce jour il n\u2019y a pas lieu de construire d\u2019incin\u00e9rateurs, prenant compte qu\u2019il en existe excessivement en Europe. Nous sommes, de la m\u00eame mani\u00e8re, contre les polluantes d\u00e9charges classiques.<br \/>\n<\/span><\/p>\n<p>[\/vc_column_text][\/vc_column][vc_column width=&#8221;1\/6&#8243;][\/vc_column][\/vc_row][vc_row css=&#8221;.vc_custom_1517325853050{background-color: #e7f2cb !important;}&#8221;][vc_column offset=&#8221;vc_hidden-lg vc_hidden-md vc_hidden-sm&#8221;][vc_single_image image=&#8221;1034&#8243; img_size=&#8221;full&#8221; alignment=&#8221;center&#8221;][vc_column_text]<\/p>\n<p class=\"western\" lang=\"eu-ES\" align=\"justify\"><span style=\"font-size: medium;\">Selon les directives marqu\u00e9es par l\u2019Europe, la valorisation mat\u00e9rielle doit \u00eatre plac\u00e9e au-dessus de la valorisation \u00e9nerg\u00e9tique. Les institutions europ\u00e9ennes ont clairement dit qu\u2019\u00e0 ce jour il n\u2019y a pas lieu de construire d\u2019incin\u00e9rateurs, prenant compte qu\u2019il en existe excessivement en Europe. Nous sommes, de la m\u00eame mani\u00e8re, contre les polluantes d\u00e9charges classiques.<br \/>\n<\/span><\/p>\n<p>[\/vc_column_text][\/vc_column][\/vc_row][vc_row css=&#8221;.vc_custom_1526027752530{margin-right: 10% !important;margin-left: 10% !important;}&#8221;][vc_column width=&#8221;1\/6&#8243; offset=&#8221;vc_hidden-xs&#8221;][vc_single_image image=&#8221;1035&#8243; img_size=&#8221;full&#8221;][\/vc_column][vc_column width=&#8221;4\/6&#8243; offset=&#8221;vc_hidden-xs&#8221;][vc_column_text]<\/p>\n<p class=\"western\" lang=\"eu-ES\" align=\"justify\"><span style=\"font-size: medium;\">Nous priorisons les infrastructures locales car nous sommes conscients qu\u2019elles renforcent le d\u00e9veloppement local et qu\u2019elles favorisent, entre autres, la r\u00e9duction du trafic routier. De m\u00eame, nous nous engageons sur le fait que celles-ci soient \u00e9volutives, adaptables aux besoins de chaque moment et \u00e9loign\u00e9es des mod\u00e8les rigides et inflexibles qui compromettent le futur. Face \u00e0 la faim de b\u00e9n\u00e9fice des Multinationales, nous disons oui aux int\u00e9r\u00eats des citoyen-ne-s.<\/span><\/p>\n<p>[\/vc_column_text][\/vc_column][vc_column width=&#8221;1\/6&#8243;][\/vc_column][\/vc_row][vc_row][vc_column offset=&#8221;vc_hidden-lg vc_hidden-md vc_hidden-sm&#8221;][vc_single_image image=&#8221;1035&#8243; img_size=&#8221;full&#8221; alignment=&#8221;center&#8221;][vc_column_text]<\/p>\n<p class=\"western\" lang=\"eu-ES\" align=\"justify\"><span style=\"font-size: medium;\">Nous priorisons les infrastructures locales car nous sommes conscients qu\u2019elles renforcent le d\u00e9veloppement local et qu\u2019elles favorisent, entre autres, la r\u00e9duction du trafic routier. De m\u00eame, nous nous engageons sur le fait que celles-ci soient \u00e9volutives, adaptables aux besoins de chaque moment et \u00e9loign\u00e9es des mod\u00e8les rigides et inflexibles qui compromettent le futur. Face \u00e0 la faim de b\u00e9n\u00e9fice des Multinationales, nous disons oui aux int\u00e9r\u00eats des citoyen-ne-s.<\/span><\/p>\n<p>[\/vc_column_text][\/vc_column][\/vc_row][vc_row css=&#8221;.vc_custom_1526027760015{margin-right: 10% !important;margin-left: 10% !important;background-color: #e7f2cb !important;}&#8221;][vc_column width=&#8221;1\/6&#8243; offset=&#8221;vc_hidden-xs&#8221;][vc_single_image image=&#8221;1038&#8243; img_size=&#8221;full&#8221;][\/vc_column][vc_column width=&#8221;4\/6&#8243; offset=&#8221;vc_hidden-xs&#8221;][vc_column_text]<\/p>\n<p class=\"western\" lang=\"eu-ES\" align=\"justify\"><span style=\"font-size: medium;\">Nous devons mettre en valeur les progr\u00e8s technologiques. Le tri des d\u00e9chets doit \u00eatre de plus en plus exhaustif et il est n\u00e9cessaire d\u2019investir dans des techniques qui, avec l\u2019aide du mat\u00e9riel appropri\u00e9, nous permettrons d\u2019avancer dans la r\u00e9utilisation et le recyclage.<\/span><\/p>\n<p>[\/vc_column_text][\/vc_column][vc_column width=&#8221;1\/6&#8243;][\/vc_column][\/vc_row][vc_row css=&#8221;.vc_custom_1517325859730{background-color: #e7f2cb !important;}&#8221;][vc_column offset=&#8221;vc_hidden-lg vc_hidden-md vc_hidden-sm&#8221;][vc_single_image image=&#8221;1038&#8243; img_size=&#8221;full&#8221; alignment=&#8221;center&#8221;][vc_column_text]<\/p>\n<p class=\"western\" lang=\"eu-ES\" align=\"justify\"><span style=\"font-size: medium;\">Nous devons mettre en valeur les progr\u00e8s technologiques. Le tri des d\u00e9chets doit \u00eatre de plus en plus exhaustif et il est n\u00e9cessaire d\u2019investir dans des techniques qui, avec l\u2019aide du mat\u00e9riel appropri\u00e9, nous permettrons d\u2019avancer dans la r\u00e9utilisation et le recyclage.<\/span><\/p>\n<p>[\/vc_column_text][\/vc_column][\/vc_row][vc_row][vc_column]<div class=\"centered-box\"><a class=\"sc-button \"  href=\"https:\/\/hobekielkartea.eus\/izateko-arrazoiak\/\" target=\"_self\" style=\"color: #c2ce28;background-color: #4a5613;\">Raison d\u2019\u00eatre<\/a><\/div>[\/vc_column][\/vc_row]<\/p>\n<\/section>","protected":false},"excerpt":{"rendered":"<p>[vc_row css=&#8221;.vc_custom_1658397882230{margin-top: 5% !important;margin-bottom: 5% !important;}&#8221;][vc_column][vc_column_text][\/vc_column_text][\/vc_column][\/vc_row][vc_row][vc_column][vc_column_text] D\u00e9calogue [\/vc_column_text][vc_separator color=&#8221;black&#8221; el_width=&#8221;60&#8243; css=&#8221;.vc_custom_1526028347553{margin-bottom: 5% !important;}&#8221;][\/vc_column][\/vc_row][vc_row css=&#8221;.vc_custom_1526027673526{margin-right: 10% !important;margin-left: 10% !important;}&#8221;][vc_column width=&#8221;1\/6&#8243; offset=&#8221;vc_hidden-xs&#8221;][vc_single_image image=&#8221;1027&#8243; img_size=&#8221;full&#8221;][\/vc_column][vc_column width=&#8221;4\/6&#8243;][vc_column_text css=&#8221;.vc_custom_1532071187277{margin-top: 4% !important;}&#8221;] En ce qui concerne la gestion des d\u00e9chets, nous donnons la priorit\u00e9 \u00e0 la sant\u00e9 et \u00e0 l\u2019environnement. Il n\u2019existe pas de bonne gestion si celle-ci met en danger la&#8230;<\/p>\n","protected":false},"author":1,"featured_media":0,"parent":0,"menu_order":206,"comment_status":"closed","ping_status":"closed","template":"","meta":{"footnotes":""},"class_list":["post-1965","page","type-page","status-publish","hentry"],"aioseo_notices":[],"_links":{"self":[{"href":"https:\/\/hobekielkartea.eus\/fr\/wp-json\/wp\/v2\/pages\/1965","targetHints":{"allow":["GET"]}}],"collection":[{"href":"https:\/\/hobekielkartea.eus\/fr\/wp-json\/wp\/v2\/pages"}],"about":[{"href":"https:\/\/hobekielkartea.eus\/fr\/wp-json\/wp\/v2\/types\/page"}],"author":[{"embeddable":true,"href":"https:\/\/hobekielkartea.eus\/fr\/wp-json\/wp\/v2\/users\/1"}],"replies":[{"embeddable":true,"href":"https:\/\/hobekielkartea.eus\/fr\/wp-json\/wp\/v2\/comments?post=1965"}],"version-history":[{"count":5,"href":"https:\/\/hobekielkartea.eus\/fr\/wp-json\/wp\/v2\/pages\/1965\/revisions"}],"predecessor-version":[{"id":4117,"href":"https:\/\/hobekielkartea.eus\/fr\/wp-json\/wp\/v2\/pages\/1965\/revisions\/4117"}],"wp:attachment":[{"href":"https:\/\/hobekielkartea.eus\/fr\/wp-json\/wp\/v2\/media?parent=1965"}],"curies":[{"name":"wp","href":"https:\/\/api.w.org\/{rel}","templated":true}]}}