{"id":1979,"date":"2018-07-20T08:25:58","date_gmt":"2018-07-20T07:25:58","guid":{"rendered":"https:\/\/hobekielkartea.eus\/?page_id=1979"},"modified":"2018-07-20T08:28:23","modified_gmt":"2018-07-20T07:28:23","slug":"devenez-membre","status":"publish","type":"page","link":"https:\/\/hobekielkartea.eus\/fr\/devenez-membre\/","title":{"rendered":"Devenez membre"},"content":{"rendered":"<section class=\"wpb-content-wrapper\"><p>[vc_row css=&#8221;.vc_custom_1517321859954{margin-top: 4% !important;margin-bottom: 4% !important;}&#8221;][vc_column][vc_single_image image=&#8221;1001&#8243; img_size=&#8221;full&#8221; alignment=&#8221;center&#8221;][\/vc_column][\/vc_row][vc_row][vc_column width=&#8221;1\/4&#8243;][\/vc_column][vc_column width=&#8221;1\/2&#8243; css=&#8221;.vc_custom_1517322054671{border-top-width: 1px !important;border-right-width: 1px !important;border-bottom-width: 1px !important;border-left-width: 1px !important;background-color: #e7f2cb !important;border-left-color: #4a5613 !important;border-left-style: solid !important;border-right-color: #4a5613 !important;border-right-style: solid !important;border-top-color: #4a5613 !important;border-top-style: solid !important;border-bottom-color: #4a5613 !important;border-bottom-style: solid !important;}&#8221;][vc_column_text]<\/p>\n<h6 style=\"text-align: center;\"><span style=\"color: #4a5613;\">CONDITIONS<\/span><\/h6>\n<p>[\/vc_column_text][vc_column_text]<span style=\"color: #4a5613;\">Il y a deux conditions pour pouvoir devenir membre de Hobeki. D\u2019un c\u00f4t\u00e9, \u00eatre une institution locale d\u2019Euskal Herria. De l\u2019autre, que cette institution locale ait des comp\u00e9tences en mati\u00e8re de traitement des d\u00e9chets. Si vous remplissez ces deux conditions, devenez membre de Hobeki\u00a0!<\/span>[\/vc_column_text][contact-form-7 id=&#8221;1984&#8243;][\/vc_column][vc_column width=&#8221;1\/4&#8243;][\/vc_column][\/vc_row]<\/p>\n<\/section>","protected":false},"excerpt":{"rendered":"<p>[vc_row css=&#8221;.vc_custom_1517321859954{margin-top: 4% !important;margin-bottom: 4% !important;}&#8221;][vc_column][vc_single_image image=&#8221;1001&#8243; img_size=&#8221;full&#8221; alignment=&#8221;center&#8221;][\/vc_column][\/vc_row][vc_row][vc_column width=&#8221;1\/4&#8243;][\/vc_column][vc_column width=&#8221;1\/2&#8243; css=&#8221;.vc_custom_1517322054671{border-top-width: 1px !important;border-right-width: 1px !important;border-bottom-width: 1px !important;border-left-width: 1px !important;background-color: #e7f2cb !important;border-left-color: #4a5613 !important;border-left-style: solid !important;border-right-color: #4a5613 !important;border-right-style: solid !important;border-top-color: #4a5613 !important;border-top-style: solid !important;border-bottom-color: #4a5613 !important;border-bottom-style: solid !important;}&#8221;][vc_column_text] CONDITIONS [\/vc_column_text][vc_column_text]Il y a deux conditions pour pouvoir devenir membre de Hobeki. D\u2019un c\u00f4t\u00e9, \u00eatre une institution locale&#8230;<\/p>\n","protected":false},"author":1,"featured_media":0,"parent":0,"menu_order":210,"comment_status":"closed","ping_status":"closed","template":"","meta":{"footnotes":""},"class_list":["post-1979","page","type-page","status-publish","hentry"],"aioseo_notices":[],"_links":{"self":[{"href":"https:\/\/hobekielkartea.eus\/fr\/wp-json\/wp\/v2\/pages\/1979","targetHints":{"allow":["GET"]}}],"collection":[{"href":"https:\/\/hobekielkartea.eus\/fr\/wp-json\/wp\/v2\/pages"}],"about":[{"href":"https:\/\/hobekielkartea.eus\/fr\/wp-json\/wp\/v2\/types\/page"}],"author":[{"embeddable":true,"href":"https:\/\/hobekielkartea.eus\/fr\/wp-json\/wp\/v2\/users\/1"}],"replies":[{"embeddable":true,"href":"https:\/\/hobekielkartea.eus\/fr\/wp-json\/wp\/v2\/comments?post=1979"}],"version-history":[{"count":4,"href":"https:\/\/hobekielkartea.eus\/fr\/wp-json\/wp\/v2\/pages\/1979\/revisions"}],"predecessor-version":[{"id":1986,"href":"https:\/\/hobekielkartea.eus\/fr\/wp-json\/wp\/v2\/pages\/1979\/revisions\/1986"}],"wp:attachment":[{"href":"https:\/\/hobekielkartea.eus\/fr\/wp-json\/wp\/v2\/media?parent=1979"}],"curies":[{"name":"wp","href":"https:\/\/api.w.org\/{rel}","templated":true}]}}