{"id":2011,"date":"2018-07-20T08:39:43","date_gmt":"2018-07-20T07:39:43","guid":{"rendered":"https:\/\/hobekielkartea.eus\/?page_id=2011"},"modified":"2022-09-13T13:55:04","modified_gmt":"2022-09-13T12:55:04","slug":"segura","status":"publish","type":"page","link":"https:\/\/hobekielkartea.eus\/fr\/segura\/","title":{"rendered":"Segura"},"content":{"rendered":"<section class=\"wpb-content-wrapper\"><p>[vc_row full_width=&#8221;stretch_row_content&#8221; css=&#8221;.vc_custom_1662548688029{margin-top: -6% !important;padding-top: 2% !important;padding-bottom: 24% !important;background: rgba(33,33,33,0.28) url(https:\/\/hobekielkartea.eus\/wp-content\/uploads\/2022\/07\/panoramikoa-2-5.jpg?id=4082) !important;background-position: center !important;background-repeat: no-repeat !important;background-size: cover !important;*background-color: rgb(33,33,33) !important;}&#8221;][vc_column parallax=&#8221;content-moving&#8221; css=&#8221;.vc_custom_1649768525760{margin-bottom: 5% !important;padding-top: 5% !important;padding-bottom: 5% !important;}&#8221;][vc_column_text]<\/p>\n<h1 style=\"text-align: center; font-size: 10em; text-shadow: 4px 4px 5px #000000;\"><span style=\"color: #ffffff;\">Segura<\/span><\/h1>\n<p>[\/vc_column_text][\/vc_column][\/vc_row][vc_row full_width=&#8221;stretch_row&#8221; css=&#8221;.vc_custom_1650362426603{margin-top: -1.9% !important;background-color: #e7f2ce !important;background-position: center !important;background-repeat: no-repeat !important;background-size: cover !important;}&#8221;][vc_column width=&#8221;1\/3&#8243; css=&#8221;.vc_custom_1649768601601{padding-bottom: 1% !important;}&#8221;][vc_single_image image=&#8221;940&#8243; img_size=&#8221;full&#8221; alignment=&#8221;center&#8221;][vc_custom_heading text=&#8221;HABITANTS&#8221; font_container=&#8221;tag:h2|font_size:25|text_align:center|line_height:1&#8243; google_fonts=&#8221;font_family:Raleway%3A100%2C200%2C300%2Cregular%2C500%2C600%2C700%2C800%2C900|font_style:400%20regular%3A400%3Anormal&#8221;][vc_column_text]<\/p>\n<h5 style=\"text-align: center;\">1.473<\/h5>\n<p>[\/vc_column_text][\/vc_column][vc_column width=&#8221;1\/3&#8243; css=&#8221;.vc_custom_1649769435558{padding-bottom: 1% !important;background-color: #c2ce28 !important;}&#8221;][vc_single_image image=&#8221;2984&#8243; img_size=&#8221;full&#8221; alignment=&#8221;center&#8221;][vc_custom_heading text=&#8221;SUPERFICIE&#8221; font_container=&#8221;tag:h2|font_size:25|text_align:center|color:%23ffffff|line_height:1&#8243; google_fonts=&#8221;font_family:Raleway%3A100%2C200%2C300%2Cregular%2C500%2C600%2C700%2C800%2C900|font_style:400%20regular%3A400%3Anormal&#8221;][vc_column_text]<\/p>\n<h5 style=\"text-align: center;\"><span style=\"color: #ffffff;\">9,22 km\u00b2<\/span><\/h5>\n<p>[\/vc_column_text][\/vc_column][vc_column width=&#8221;1\/3&#8243; css=&#8221;.vc_custom_1649768615198{padding-bottom: 1% !important;}&#8221;][vc_single_image image=&#8221;941&#8243; img_size=&#8221;full&#8221; alignment=&#8221;center&#8221;][vc_custom_heading text=&#8221;SECTEUR&#8221; font_container=&#8221;tag:h2|font_size:25|text_align:center|line_height:1&#8243; google_fonts=&#8221;font_family:Raleway%3A100%2C200%2C300%2Cregular%2C500%2C600%2C700%2C800%2C900|font_style:400%20regular%3A400%3Anormal&#8221;][vc_column_text]<\/p>\n<h5 style=\"text-align: center;\">Services<\/h5>\n<p>[\/vc_column_text][\/vc_column][\/vc_row][vc_row full_width=&#8221;stretch_row&#8221; css=&#8221;.vc_custom_1650363895261{margin-top: -1.8% !important;border-bottom-width: 5px !important;padding-top: 6% !important;padding-bottom: 6% !important;background-color: #e7f2ce !important;border-bottom-color: #4a5613 !important;border-bottom-style: solid !important;}&#8221;][vc_column css=&#8221;.vc_custom_1517307855604{margin-bottom: 2% !important;}&#8221;][vc_custom_heading text=&#8221;DONN\u00c9ES DES D\u00c9CHETS&#8221; font_container=&#8221;tag:h5|text_align:center|color:%234a5613&#8243; google_fonts=&#8221;font_family:Raleway%3A100%2C200%2C300%2Cregular%2C500%2C600%2C700%2C800%2C900|font_style:300%20light%20regular%3A300%3Anormal&#8221;][\/vc_column][vc_column width=&#8221;1\/3&#8243;][vc_single_image image=&#8221;909&#8243; img_size=&#8221;full&#8221; alignment=&#8221;center&#8221;][vc_custom_heading text=&#8221;84,38 Kg&#8221; font_container=&#8221;tag:h2|text_align:center|color:%234a5613&#8243; google_fonts=&#8221;font_family:Raleway%3A100%2C200%2C300%2Cregular%2C500%2C600%2C700%2C800%2C900|font_style:400%20regular%3A400%3Anormal&#8221;][vc_column_text]<\/p>\n<h6 style=\"text-align: center;\"><span style=\"color: #4a5613;\">Quantit\u00e9 de d\u00e9chets non recyclables produits par habitant par an.<\/span><\/h6>\n<p>[\/vc_column_text][\/vc_column][vc_column width=&#8221;1\/3&#8243;][vc_single_image image=&#8221;1242&#8243; img_size=&#8221;full&#8221; alignment=&#8221;center&#8221;][vc_custom_heading text=&#8221;70 %&#8221; font_container=&#8221;tag:h2|text_align:center|color:%234a5613&#8243; google_fonts=&#8221;font_family:Raleway%3A100%2C200%2C300%2Cregular%2C500%2C600%2C700%2C800%2C900|font_style:400%20regular%3A400%3Anormal&#8221;][vc_column_text]<\/p>\n<h6 style=\"text-align: center;\">Collecte s\u00e9lective<\/h6>\n<h6 style=\"text-align: center;\"><span style=\"color: #4a5613;\">\u00a0<\/span><\/h6>\n<p>[\/vc_column_text][\/vc_column][vc_column width=&#8221;1\/3&#8243;][vc_single_image image=&#8221;908&#8243; img_size=&#8221;full&#8221; alignment=&#8221;center&#8221;][vc_custom_heading text=&#8221;28 %&#8221; font_container=&#8221;tag:h2|text_align:center|color:%234a5613&#8243; google_fonts=&#8221;font_family:Raleway%3A100%2C200%2C300%2Cregular%2C500%2C600%2C700%2C800%2C900|font_style:400%20regular%3A400%3Anormal&#8221;][vc_column_text]<\/p>\n<h6 style=\"text-align: center;\"><span style=\"color: #4a5613;\">Pourcentage de d\u00e9chets organiques compost\u00e9s directement par les habitant-e-s.<\/span><\/h6>\n<p>[\/vc_column_text][\/vc_column][\/vc_row][vc_row full_width=&#8221;stretch_row&#8221; css=&#8221;.vc_custom_1650363086682{padding-top: 4% !important;padding-bottom: 8% !important;}&#8221;][vc_column][vc_custom_heading text=&#8221;L\u2019ORGANIQUE&#8221; font_container=&#8221;tag:h3|font_size:40|text_align:center|color:%234a5613&#8243; google_fonts=&#8221;font_family:Raleway%3A100%2C200%2C300%2Cregular%2C500%2C600%2C700%2C800%2C900|font_style:300%20light%20regular%3A300%3Anormal&#8221;][vc_row_inner content_placement=&#8221;top&#8221;][vc_column_inner css=&#8221;.vc_custom_1649769717388{background-color: #ffffff !important;}&#8221;][vc_single_image image=&#8221;3408&#8243; img_size=&#8221;600&#215;400&#8243; alignment=&#8221;center&#8221; onclick=&#8221;link_image&#8221;][vc_column_text]<\/p>\n<h5 style=\"text-align: center;\">L\u2019organique est g\u00e9r\u00e9 dans les composteurs communautaires qui ont \u00e9t\u00e9 install\u00e9s dans le centre-ville et dans les composteurs individuels qui ont \u00e9t\u00e9 mis dans des maisons qui ont un potager ou un jardin. Aussi avec la collecte porte \u00e0 porte. L\u2019image ci-dessus montre une zone de compostage communautaire dans l\u2019un des quartiers.<\/h5>\n<p>[\/vc_column_text][\/vc_column_inner][\/vc_row_inner][\/vc_column][\/vc_row][vc_row full_width=&#8221;stretch_row&#8221; css=&#8221;.vc_custom_1650363273356{padding-top: 4% !important;padding-bottom: 8% !important;background-color: #e7f2ce !important;}&#8221;][vc_column][vc_row_inner content_placement=&#8221;top&#8221;][vc_column_inner][vc_custom_heading text=&#8221;RAMASSAGE PORTE \u00c0 PORTE&#8221; font_container=&#8221;tag:h3|font_size:40|text_align:center|color:%234a5613&#8243; google_fonts=&#8221;font_family:Raleway%3A100%2C200%2C300%2Cregular%2C500%2C600%2C700%2C800%2C900|font_style:300%20light%20regular%3A300%3Anormal&#8221;][vc_single_image image=&#8221;3388&#8243; img_size=&#8221;600&#215;400&#8243; alignment=&#8221;center&#8221; onclick=&#8221;link_image&#8221;][vc_column_text]<\/p>\n<h5 style=\"text-align: center;\">La fraction restante, l\u2019organic, le papier et le carton et les emballages sont recueillis porte \u00e0 porte. Normalement, comme on le voit sur l\u2019image, les cubes sont laiss\u00e9s \u00e0 c\u00f4t\u00e9 du portail.<\/h5>\n<p>[\/vc_column_text][\/vc_column_inner][\/vc_row_inner][\/vc_column][\/vc_row][vc_row full_width=&#8221;stretch_row&#8221; css=&#8221;.vc_custom_1650363086682{padding-top: 4% !important;padding-bottom: 8% !important;}&#8221;][vc_column][vc_row_inner content_placement=&#8221;top&#8221;][vc_column_inner][vc_custom_heading text=&#8221;COLLECTE DES D\u00c9CHETS DANS LES ZONES RURALES&#8221; font_container=&#8221;tag:h3|font_size:40|text_align:center|color:%234a5613&#8243; google_fonts=&#8221;font_family:Raleway%3A100%2C200%2C300%2Cregular%2C500%2C600%2C700%2C800%2C900|font_style:300%20light%20regular%3A300%3Anormal&#8221;][vc_single_image image=&#8221;3392&#8243; img_size=&#8221;600&#215;400&#8243; alignment=&#8221;center&#8221; onclick=&#8221;link_image&#8221;][vc_column_text]<\/p>\n<h5 style=\"text-align: center;\">Dans les zones rurales, les d\u00e9chets sont d\u00e9pos\u00e9s dans des chalets o\u00f9 tous les types de d\u00e9chets peuvent \u00eatre tri\u00e9s.<\/h5>\n<p>[\/vc_column_text][\/vc_column_inner][\/vc_row_inner][\/vc_column][\/vc_row][vc_row full_width=&#8221;stretch_row&#8221; css=&#8221;.vc_custom_1650363322790{padding-top: 4% !important;padding-bottom: 8% !important;background-color: #e7f2ce !important;}&#8221;][vc_column][vc_row_inner content_placement=&#8221;top&#8221;][vc_column_inner css=&#8221;.vc_custom_1650363504218{padding-bottom: 5% !important;}&#8221;][vc_custom_heading text=&#8221;VERRE, PILES, V\u00caTEMENTS, HUILE&#8230;&#8221; font_container=&#8221;tag:h3|font_size:40|text_align:center|color:%234a5613&#8243; google_fonts=&#8221;font_family:Raleway%3A100%2C200%2C300%2Cregular%2C500%2C600%2C700%2C800%2C900|font_style:300%20light%20regular%3A300%3Anormal&#8221;][vc_single_image image=&#8221;3396&#8243; img_size=&#8221;600&#215;400&#8243; alignment=&#8221;center&#8221; onclick=&#8221;link_image&#8221;][vc_column_text]<\/p>\n<h5 style=\"text-align: center;\">Toutes ces fractions sont recueillies dans des conteneurs dispos\u00e9s dans le centre-ville pour cela.<\/h5>\n<p>[\/vc_column_text][\/vc_column_inner][\/vc_row_inner][\/vc_column][\/vc_row][vc_row full_width=&#8221;stretch_row&#8221; css=&#8221;.vc_custom_1650363086682{padding-top: 4% !important;padding-bottom: 8% !important;}&#8221;][vc_column][vc_row_inner content_placement=&#8221;top&#8221;][vc_column_inner css=&#8221;.vc_custom_1649770986326{padding-bottom: 5% !important;background-color: #ffffff !important;}&#8221;][vc_custom_heading text=&#8221;POINTS DE RAMASSAGE D\u2019URGENCE&#8221; font_container=&#8221;tag:h3|font_size:40|text_align:center|color:%234a5613&#8243; google_fonts=&#8221;font_family:Raleway%3A100%2C200%2C300%2Cregular%2C500%2C600%2C700%2C800%2C900|font_style:300%20light%20regular%3A300%3Anormal&#8221;][vc_single_image image=&#8221;3400&#8243; img_size=&#8221;600&#215;400&#8243; alignment=&#8221;center&#8221; onclick=&#8221;link_image&#8221;][vc_column_text]<\/p>\n<h5 style=\"text-align: center;\">\u00c0 la demande des citoyens, des points d\u2019urgence ont \u00e9t\u00e9 install\u00e9s avec de grands conteneurs pour la collecte des d\u00e9chets bio et des couches.<\/h5>\n<p>[\/vc_column_text][\/vc_column_inner][\/vc_row_inner][\/vc_column][\/vc_row][vc_row full_width=&#8221;stretch_row&#8221; css=&#8221;.vc_custom_1650363429546{padding-top: 4% !important;padding-bottom: 8% !important;background-color: #e7f2ce !important;}&#8221;][vc_column][vc_row_inner content_placement=&#8221;top&#8221;][vc_column_inner][vc_custom_heading text=&#8221;LES POUBELLES URBAINES&#8221; font_container=&#8221;tag:h3|font_size:40|text_align:center|color:%234a5613&#8243; google_fonts=&#8221;font_family:Raleway%3A100%2C200%2C300%2Cregular%2C500%2C600%2C700%2C800%2C900|font_style:300%20light%20regular%3A300%3Anormal&#8221;][vc_single_image image=&#8221;3404&#8243; img_size=&#8221;600&#215;400&#8243; alignment=&#8221;center&#8221; onclick=&#8221;link_image&#8221;][vc_column_text]<\/p>\n<h5 style=\"text-align: center;\">Toutes les poubelles urbaines d\u2019Segura sont pr\u00e9par\u00e9es pour le tri des d\u00e9chets.<\/h5>\n<p>[\/vc_column_text][\/vc_column_inner][\/vc_row_inner][\/vc_column][\/vc_row][vc_row full_width=&#8221;stretch_row&#8221; css=&#8221;.vc_custom_1650363086682{padding-top: 4% !important;padding-bottom: 8% !important;}&#8221;][vc_column][vc_row_inner content_placement=&#8221;top&#8221;][vc_column_inner][vc_custom_heading text=&#8221;PARTICIPATION DES CITOYENS&#8221; font_container=&#8221;tag:h3|font_size:40|text_align:center|color:%234a5613&#8243; google_fonts=&#8221;font_family:Raleway%3A100%2C200%2C300%2Cregular%2C500%2C600%2C700%2C800%2C900|font_style:300%20light%20regular%3A300%3Anormal&#8221;][vc_single_image image=&#8221;2312&#8243; img_size=&#8221;600&#215;400&#8243; alignment=&#8221;center&#8221; onclick=&#8221;link_image&#8221;][vc_column_text]<\/p>\n<h5 style=\"text-align: center;\">\u00c0 Segura, un processus participatif a \u00e9t\u00e9 con\u00e7u pour pouvoir \u00e9valuer et proposer des modifications d\u2019am\u00e9lioration du syst\u00e8me de collecte s\u00e9lective mis en \u0153uvre. Il s\u2019agissait d\u2019un processus participatif au cours duquel les citoyens ont pu r\u00e9fl\u00e9chir, faire des propositions d\u2019am\u00e9lioration et d\u00e9cider des changements \u00e0 apporter. Le conseil municipal a agi conform\u00e9ment aux d\u00e9cisions prises entre tous.<\/h5>\n<p>[\/vc_column_text][\/vc_column_inner][\/vc_row_inner][\/vc_column][\/vc_row][vc_row][vc_column][vc_separator color=&#8221;custom&#8221; el_width=&#8221;80&#8243; accent_color=&#8221;#4a5613&#8243;][vc_row_inner][vc_column_inner width=&#8221;1\/6&#8243;][\/vc_column_inner][vc_column_inner width=&#8221;1\/6&#8243;][vc_icon icon_fontawesome=&#8221;fa fa-phone&#8221; color=&#8221;custom&#8221; size=&#8221;lg&#8221; align=&#8221;center&#8221; link=&#8221;url:tel%3A943337000|||&#8221; custom_color=&#8221;#4a5613&#8243; css=&#8221;.vc_custom_1517301331875{margin-bottom: -2% !important;}&#8221;][vc_column_text]<\/p>\n<h6 style=\"text-align: center;\"><span class=\"_Xbe kno-fv\"><a class=\"kol\" title=\"Deitu Hangouts bidez\" href=\"tel:943801006\" data-number=\"+34943337000\" data-pstn-out-call-url=\"\" data-rtid=\"iykg2u7BaXvU\" data-ved=\"0ahUKEwj6lonc_PzYAhWJvRQKHX0QBrIQkAgIogEoADAU\">943 80 10 06<\/a><\/span><\/h6>\n<p>[\/vc_column_text][\/vc_column_inner][vc_column_inner width=&#8221;1\/6&#8243;][vc_icon icon_fontawesome=&#8221;fa fa-info-circle&#8221; color=&#8221;custom&#8221; size=&#8221;lg&#8221; align=&#8221;center&#8221; link=&#8221;url:http%3A%2F%2Fwww.hernani.eus%2Feu%2F||target:%20_blank|&#8221; custom_color=&#8221;#4a5613&#8243; css=&#8221;.vc_custom_1517479135415{margin-bottom: -2% !important;}&#8221;][vc_column_text]<\/p>\n<h6 style=\"text-align: center;\"><a class=\"kol\" href=\"http:\/\/www.segura.eus\" target=\"_blank\" rel=\"noopener noreferrer\">www.segura.eus<\/a><\/h6>\n<p>[\/vc_column_text][\/vc_column_inner][vc_column_inner width=&#8221;1\/6&#8243;][vc_icon icon_fontawesome=&#8221;fa fa-envelope&#8221; color=&#8221;custom&#8221; size=&#8221;lg&#8221; align=&#8221;center&#8221; link=&#8221;url:mailto%3Ahhz%40hernani.eus|||&#8221; custom_color=&#8221;#4a5613&#8243; css=&#8221;.vc_custom_1517301342356{margin-bottom: -2% !important;}&#8221;][vc_column_text]<\/p>\n<h6 style=\"text-align: center;\"><a class=\"kol\" href=\"mailto:udala@segura.eus\">udala@segura.eus<\/a><\/h6>\n<p>[\/vc_column_text][\/vc_column_inner][vc_column_inner width=&#8221;1\/6&#8243;][vc_icon icon_fontawesome=&#8221;fa fa-map-marker&#8221; color=&#8221;custom&#8221; size=&#8221;lg&#8221; align=&#8221;center&#8221; link=&#8221;url:mailto%3Ahhz%40hernani.eus|||&#8221; custom_color=&#8221;#4a5613&#8243; css=&#8221;.vc_custom_1517301348564{margin-bottom: -2% !important;}&#8221;][vc_column_text]<\/p>\n<h6 style=\"text-align: center;\">Lardizabal 5<\/h6>\n<p>[\/vc_column_text][\/vc_column_inner][vc_column_inner width=&#8221;1\/6&#8243;][\/vc_column_inner][\/vc_row_inner][\/vc_column][\/vc_row][vc_row full_width=&#8221;stretch_row&#8221; css=&#8221;.vc_custom_1650362694668{margin-top: -1.8% !important;padding-bottom: 8% !important;}&#8221;][vc_column]<div class=\"centered-box\"><a class=\"sc-button \"  href=\"https:\/\/hobekielkartea.eus\/fr\/hobekideak\/\" target=\"_self\" style=\"color: #ffffff;background-color: #4a5613;\">MEMBRES DE HOBEKI<\/a><\/div>[\/vc_column][\/vc_row]<\/p>\n<\/section>","protected":false},"excerpt":{"rendered":"<p>[vc_row full_width=&#8221;stretch_row_content&#8221; css=&#8221;.vc_custom_1662548688029{margin-top: -6% !important;padding-top: 2% !important;padding-bottom: 24% !important;background: rgba(33,33,33,0.28) url(https:\/\/hobekielkartea.eus\/wp-content\/uploads\/2022\/07\/panoramikoa-2-5.jpg?id=4082) !important;background-position: center !important;background-repeat: no-repeat !important;background-size: cover !important;*background-color: rgb(33,33,33) !important;}&#8221;][vc_column parallax=&#8221;content-moving&#8221; css=&#8221;.vc_custom_1649768525760{margin-bottom: 5% !important;padding-top: 5% !important;padding-bottom: 5% !important;}&#8221;][vc_column_text] Segura [\/vc_column_text][\/vc_column][\/vc_row][vc_row full_width=&#8221;stretch_row&#8221; css=&#8221;.vc_custom_1650362426603{margin-top: -1.9% !important;background-color: #e7f2ce !important;background-position: center !important;background-repeat: no-repeat !important;background-size: cover !important;}&#8221;][vc_column width=&#8221;1\/3&#8243; css=&#8221;.vc_custom_1649768601601{padding-bottom: 1% !important;}&#8221;][vc_single_image image=&#8221;940&#8243; img_size=&#8221;full&#8221; alignment=&#8221;center&#8221;][vc_custom_heading text=&#8221;HABITANTS&#8221; font_container=&#8221;tag:h2|font_size:25|text_align:center|line_height:1&#8243; google_fonts=&#8221;font_family:Raleway%3A100%2C200%2C300%2Cregular%2C500%2C600%2C700%2C800%2C900|font_style:400%20regular%3A400%3Anormal&#8221;][vc_column_text] 1.473 [\/vc_column_text][\/vc_column][vc_column width=&#8221;1\/3&#8243; css=&#8221;.vc_custom_1649769435558{padding-bottom:&#8230;<\/p>\n","protected":false},"author":1,"featured_media":0,"parent":0,"menu_order":173,"comment_status":"closed","ping_status":"closed","template":"","meta":{"footnotes":""},"class_list":["post-2011","page","type-page","status-publish","hentry"],"aioseo_notices":[],"_links":{"self":[{"href":"https:\/\/hobekielkartea.eus\/fr\/wp-json\/wp\/v2\/pages\/2011","targetHints":{"allow":["GET"]}}],"collection":[{"href":"https:\/\/hobekielkartea.eus\/fr\/wp-json\/wp\/v2\/pages"}],"about":[{"href":"https:\/\/hobekielkartea.eus\/fr\/wp-json\/wp\/v2\/types\/page"}],"author":[{"embeddable":true,"href":"https:\/\/hobekielkartea.eus\/fr\/wp-json\/wp\/v2\/users\/1"}],"replies":[{"embeddable":true,"href":"https:\/\/hobekielkartea.eus\/fr\/wp-json\/wp\/v2\/comments?post=2011"}],"version-history":[{"count":10,"href":"https:\/\/hobekielkartea.eus\/fr\/wp-json\/wp\/v2\/pages\/2011\/revisions"}],"predecessor-version":[{"id":4292,"href":"https:\/\/hobekielkartea.eus\/fr\/wp-json\/wp\/v2\/pages\/2011\/revisions\/4292"}],"wp:attachment":[{"href":"https:\/\/hobekielkartea.eus\/fr\/wp-json\/wp\/v2\/media?parent=2011"}],"curies":[{"name":"wp","href":"https:\/\/api.w.org\/{rel}","templated":true}]}}